{"id":1972646,"date":"2023-10-10T11:48:33","date_gmt":"2023-10-10T09:48:33","guid":{"rendered":"https:\/\/staging.livingonthecotedazur.com\/all-cote-dazur-french-riviera-lifestyle-properties\/beaches-nice\/"},"modified":"2025-05-01T10:30:41","modified_gmt":"2025-05-01T08:30:41","slug":"stranden-nice","status":"publish","type":"page","link":"https:\/\/www.wonenaandecotedazur.nl\/nl\/stranden-nice\/","title":{"rendered":"Stranden Nice"},"content":{"rendered":"\n<style type=\"text\/css\" data-created_by=\"avia_inline_auto\" id=\"style-css-av-lnvu0yvg-0f3ea508d928502e298fab41ddb012a4\">\n.avia-section.av-lnvu0yvg-0f3ea508d928502e298fab41ddb012a4{\nbackground-repeat:no-repeat;\nbackground-image:url(https:\/\/www.wonenaandecotedazur.nl\/wp-content\/uploads\/2023\/10\/nick-page-dcMTrgc56po-unsplash.jpg);\nbackground-position:50% 50%;\nbackground-attachment:scroll;\n}\n<\/style>\n<div id='av_section_1'  class='avia-section av-lnvu0yvg-0f3ea508d928502e298fab41ddb012a4 alternate_color avia-section-default avia-no-border-styling  avia-builder-el-0  el_before_av_one_full  avia-builder-el-first  hero avia-full-stretch avia-bg-style-scroll av-minimum-height av-minimum-height-custom av-height-custom  container_wrap sidebar_right'  data-section-bg-repeat='stretch' data-av_minimum_height_px='500'><div class='container av-section-cont-open' style='height:500px'><main  role=\"main\" itemprop=\"mainContentOfPage\"  class='template-page content  av-content-small alpha units'><div class='post-entry post-entry-type-page post-entry-1972646'><div class='entry-content-wrapper clearfix'>\n\n<style type=\"text\/css\" data-created_by=\"avia_inline_auto\" id=\"style-css-av-lnvu14df-9611fe475cff518a1f82421148d03f44\">\n#top .av-special-heading.av-lnvu14df-9611fe475cff518a1f82421148d03f44{\npadding-bottom:10px;\n}\nbody .av-special-heading.av-lnvu14df-9611fe475cff518a1f82421148d03f44 .av-special-heading-tag .heading-char{\nfont-size:25px;\n}\n.av-special-heading.av-lnvu14df-9611fe475cff518a1f82421148d03f44 .av-subheading{\nfont-size:15px;\n}\n<\/style>\n<div  class='av-special-heading av-lnvu14df-9611fe475cff518a1f82421148d03f44 av-special-heading-h1 blockquote modern-quote modern-centered  avia-builder-el-1  avia-builder-el-no-sibling '><h1 class='av-special-heading-tag '  itemprop=\"headline\"  >Stranden in Nice<\/h1><div class=\"special-heading-border\"><div class=\"special-heading-inner-border\"><\/div><\/div><\/div>\n<\/div><\/div><\/main><!-- close content main element --><\/div><\/div><div id='after_section_1'  class='main_color av_default_container_wrap container_wrap sidebar_right'  ><div class='container av-section-cont-open' ><div class='template-page content  av-content-small alpha units'><div class='post-entry post-entry-type-page post-entry-1972646'><div class='entry-content-wrapper clearfix'>\n<div  class='flex_column av-36zk7n-18bdcc191b60739683daa3393326fee6 av_one_full  avia-builder-el-2  el_after_av_section  avia-builder-el-no-sibling  first flex_column_div  '     ><p><br \/>\n<section  class='av_textblock_section av-lnvu3j1e-2f2fd2d578da77e0135b2833cc4b5b71 '   itemscope=\"itemscope\" itemtype=\"https:\/\/schema.org\/CreativeWork\" ><div class='avia_textblock'  itemprop=\"text\" ><p><strong>Castelstrand in Nice<\/strong><br \/>\nEen mooi restaurant in art-decostijl met een prachtig strand. Castel Plage bevindt zich net onder het kasteel. Een mooi rustig hoekje om te ontspannen en te genieten van de zon. Iets meer richting Monaco ligt het priv\u00e9zonnedek van de politie van Nice.<\/p>\n<p><strong>Ponchettesstrand in Nice<\/strong><br \/>\nAls u niet zeker bent van uw gezondheidstoestand, ga dan naar dit strand en u heeft de volledige aandacht van de strandwachten. Als u zich sportief voelt, kunt u meedoen aan een volleybalwedstrijd op de omheinde baan aan het zandstrand. Er is ook een EHBO-post.<\/p>\n<p><strong>Operastrand in Nice<\/strong><br \/>\nDe plek waar je moet zijn als je van aria&#8217;s en andere fijne klassieke deuntjes houdt. Gelegen recht tegenover de Opera van Nice. Het strand is alleen toegankelijk voor gasten van restaurant Opera Beach. Een goed excuus om er een volledige stranddag van te maken inclusief lunch. Aan de rechterkant van restaurant Opera (met uitzicht op zee) kunt u genieten van al het waterplezier, aangeboden door Nikaia Water Sports. Probeer eens waterski\u00ebn, parasailen, kano\u00ebn, kajakken of raften. Zoals u zult merken, houden mensen aan de C\u00f4te d&#8217;Azur van sporten.<\/p>\n<p><strong>Beau Rivage<\/strong><br \/>\nTegenover het Beau Rivage Hotel ligt het strandrestaurant Beau Rivage. Voor veel mensen aantrekkelijk, niet alleen voor het gebruik van openbare toiletten, douches en tassenopslag. Tegen een kleine vergoeding heb jij je handen vrij om in dat azuurblauwe water te duiken. Niets zo ontspannend als genieten van een koud biertje in uw comfortabele stoel. Beau Rivage beschikt ook over een badmeester en een EHBO-post.<\/p>\n<p><strong>Galion-strand<\/strong><br \/>\nAls u geen zwemmer bent, maar meer van een lange dag op een ligstoel houdt, dan is dit de plek voor u. Het strand heeft een ingang van de rivier de Paillon, dus het water is niet zo kristalhelder vanwege het modderige water dat binnenkomt. Het strand is toegankelijk voor gehandicapten, een badmeesterpost, openbare toiletten en binnendouches met toegang tot het strand. Aan de linkerkant (met uitzicht op zee) bevindt zich het strandrestaurant Le Galion.<\/p>\n<p><strong>Ruhl<\/strong><br \/>\nHet strand Ruhl Plage is &#8217;s avonds geopend van 09.00 tot 00.30 uur. Bij dit strand ligt het strandrestaurant Ruhl Plage met een heerlijk menu en geweldig personeel. Dit strand wordt door hotel Le Meridien aanbevolen voor hun gasten, dus u kunt hier topkwaliteit verwachten. Er is ook een zeewaterzwembad voor kinderen op het strand.<\/p>\n<p><strong>Lido<\/strong><br \/>\nHet strand van Lido Plage en het restaurant vindt u vlak voor het indrukwekkende Hotel Palais de la Mediterran\u00e9e. Het heeft een badmeesterpost en een EHBO-post.<\/p>\n<p><strong>Le Sporting<\/strong><br \/>\nStrandrestaurant Le Sporting wordt aanbevolen aan de gasten van Hotel Westminster. Service van topkwaliteit, cocktails, mooie ligstoelen en een prachtig uitzicht op de Middellandse Zee. Een geweldige plek om te verblijven.<\/p>\n<p><strong>Blue strand<\/strong><br \/>\nHet restaurant Blue Beach is het hele jaar geopend en is een van de weinige strandrestaurants die het hele jaar geopend is. Op hetzelfde strand ligt Glisse Evasion, waar u waterski\u00ebn, parasailen en kajakken kunt boeken. Er zijn ook openbare toiletten.<\/p>\n<p><strong>Neptunus<\/strong><br \/>\nRecht tegenover Hotel Negresco, op het strand van Neptune, vindt u het beroemde restaurant Neptune Plage. Heerlijk eten en een gezellige sfeer, het hele jaar door.<\/p>\n<p><strong>Hallo strand<\/strong><br \/>\nIn de omgeving van Hi, het trendy strandrestaurant, worden Californische of Chinese massages aangeboden. Hier vind je een funky restaurant, een EHBO-post, een reddingspost, openbare toiletten, douches en een bagagedepot.<\/p>\n<p><strong>Voilier<\/strong><br \/>\nVoilier beach is een partystrand dat na 20.00 uur tot leven komt. Strandrestaurant Voillier heeft vaste DJ&#8217;s die het volume harder zetten voor een onvergetelijke avond vol muziek, dans en plezier. Overdag is Le Voillier een coole plek om te eten, te ontspannen en nieuwe vrienden te ontmoeten.<\/p>\n<p><strong>Florida<\/strong><br \/>\nMeer avondfeestplezier tijdens het zomerseizoen is te vinden op het strand van Florida. Het strandrestaurant Florida is van topkwaliteit en biedt de gasten een jacuzzi voor een ultiem ontspannen moment. Je bent uitgenodigd om hier de hele dag en nacht te blijven.<\/p>\n<p><strong>Poincar\u00e9-strand<\/strong><br \/>\nVanaf hier tot aan de luchthaven van Nice C\u00f4te d&#8217;Azur worden de stranden praktischer met minder voorzieningen, zoals strand Poincar\u00e9. Dit betekent ook dat de stranden op warme zomerdagen minder druk zijn. Koop een broodje en wat drinken in een supermarkt achter de Promenade en je hebt een Budget Stranddagje met hetzelfde uitzicht als alle miljonairs.<\/p>\n<p><strong>Magnan en Lenval-strand<\/strong><br \/>\nVoor Lenval, een van de beste kinderziekenhuizen in Zuid-Frankrijk. Magnan beach biedt veel ruimte, een badmeester en een EHBO-post. Het is ook het strand waar de rivier de Magna in zee uitmondt. Na een stormachtige dag zijn er op dit deel alle kapotte bomen en veel modder in het water. Aan de rechterkant ligt het Lenval-strand, dat veel wordt gebruikt door de lokale bevolking.<\/p>\n<p><strong>Fabron<\/strong><br \/>\nHet strand van Fabron biedt twee strandrestaurants: Bambou Plage en Miami. Eenvoudig goed eten en vriendelijk personeel. Bambou biedt toiletten, binnendouches en bagageopslag. Miami is gezinsvriendelijk met een speeltuin en natuurlijk een restaurant.<\/p>\n<p><strong>Sint-Helene<\/strong><br \/>\nTegenover het Hotel Radisson Blue, een mooi eenvoudig strand met het strandrestaurant Regence.<\/p>\n<p><strong>Aubrey Lecompte<\/strong><br \/>\nHier is geen strandrestaurant, maar u kunt hier wel uw eigen barbecue houden. Ze worden in sommige supermarkten verkocht en samen met wat vlees, groenten en een koud drankje heb je een geweldige dag met een van de mooiste uitzichten op de baai van Nice. Niet zo druk, dus een geheim plekje.<\/p>\n<p><strong>Carras<\/strong><br \/>\nKijk hoe de vliegtuigen landen en opstijgen vanaf dit &#8216;Nice Airport-strand&#8217;. Geliefd bij de lokale bevolking omdat het hondvriendelijk is en uitgerust met toegang voor gehandicapten. Ook te vinden op Carras Plage: openbare toiletten, EHBO-post, een reddingsmeester, een beachvolleybalveld en een jetski-verhuur.<\/p>\n<p>Lanterne-strand<br \/>\nDit is het offici\u00eble hondenstrand. Laat ook zij zich vermaken aan de C\u00f4te d&#8217;Azur! Vanaf hier loopt u zo een kleine haven binnen met een lokale vismarkt, geopend van dinsdag tot en met zondag van 07.00 tot 12.30 uur. Vind hier meer hondenstranden aan de C\u00f4te d&#8217;Azur.<\/p>\n<p>Leestip! Een artikel over de beste redenen om een woning te kopen in Nice, Franse Rivi\u00e8ra.<\/p>\n<p><a href=\"https:\/\/www.your-rv-lifestyle.com\/things-to-do-in-france.html\"><strong>100 Best Things to do in France<\/strong><\/a><\/p>\n<p><img decoding=\"async\" id=\"socialpilot-extension-hover-button\" style=\"cursor: pointer; display: none;\" src=\"moz-extension:\/\/8c6e1c2d-092d-472a-9040-580fed17ea50\/icons\/share-img-new.png\" \/><\/p>\n<\/div><\/section><\/p><\/div>\n","protected":false},"excerpt":{"rendered":"","protected":false},"author":1,"featured_media":0,"parent":0,"menu_order":0,"comment_status":"closed","ping_status":"closed","template":"","meta":{"_acf_changed":false,"footnotes":""},"class_list":["post-1972646","page","type-page","status-publish","hentry"],"acf":[],"_links":{"self":[{"href":"https:\/\/www.wonenaandecotedazur.nl\/nl\/wp-json\/wp\/v2\/pages\/1972646","targetHints":{"allow":["GET"]}}],"collection":[{"href":"https:\/\/www.wonenaandecotedazur.nl\/nl\/wp-json\/wp\/v2\/pages"}],"about":[{"href":"https:\/\/www.wonenaandecotedazur.nl\/nl\/wp-json\/wp\/v2\/types\/page"}],"author":[{"embeddable":true,"href":"https:\/\/www.wonenaandecotedazur.nl\/nl\/wp-json\/wp\/v2\/users\/1"}],"replies":[{"embeddable":true,"href":"https:\/\/www.wonenaandecotedazur.nl\/nl\/wp-json\/wp\/v2\/comments?post=1972646"}],"version-history":[{"count":6,"href":"https:\/\/www.wonenaandecotedazur.nl\/nl\/wp-json\/wp\/v2\/pages\/1972646\/revisions"}],"predecessor-version":[{"id":3289683,"href":"https:\/\/www.wonenaandecotedazur.nl\/nl\/wp-json\/wp\/v2\/pages\/1972646\/revisions\/3289683"}],"wp:attachment":[{"href":"https:\/\/www.wonenaandecotedazur.nl\/nl\/wp-json\/wp\/v2\/media?parent=1972646"}],"curies":[{"name":"wp","href":"https:\/\/api.w.org\/{rel}","templated":true}]}}