{"id":2238937,"date":"2024-02-11T16:51:43","date_gmt":"2024-02-11T15:51:43","guid":{"rendered":"https:\/\/www.livingonthecotedazur.com\/nieuwbouw-onroerend-goed-te-koop\/apartment-monaco-area\/"},"modified":"2025-02-19T11:59:13","modified_gmt":"2025-02-19T10:59:13","slug":"appartement-villa-regio-monaco","status":"publish","type":"page","link":"https:\/\/www.wonenaandecotedazur.nl\/nl\/appartement-villa-regio-monaco\/","title":{"rendered":"Appartement en villa regio Monaco"},"content":{"rendered":"<div  class='flex_column av-88yt2876-4ec35c315bde02e52b199accf1e101e2 av_one_third  avia-builder-el-0  el_before_av_two_third  avia-builder-el-first  first flex_column_div  '     ><\/div>\n<div  class='flex_column av-5r3g0e4i-213d9f247c15c3fe46418da1fca32be7 av_two_third  avia-builder-el-2  el_after_av_one_third  avia-builder-el-last  flex_column_div  '     ><p>\n<style type=\"text\/css\" data-created_by=\"avia_inline_auto\" id=\"style-css-av-lsho38lc-0a631d2a855a78e8b62136666a60c3dc\">\n#top .av-special-heading.av-lsho38lc-0a631d2a855a78e8b62136666a60c3dc{\npadding-bottom:10px;\n}\nbody .av-special-heading.av-lsho38lc-0a631d2a855a78e8b62136666a60c3dc .av-special-heading-tag .heading-char{\nfont-size:25px;\n}\n.av-special-heading.av-lsho38lc-0a631d2a855a78e8b62136666a60c3dc .av-subheading{\nfont-size:15px;\n}\n<\/style>\n<div  class='av-special-heading av-lsho38lc-0a631d2a855a78e8b62136666a60c3dc av-special-heading-h1 blockquote modern-quote  avia-builder-el-3  el_before_av_textblock  avia-builder-el-first '><h1 class='av-special-heading-tag '  itemprop=\"headline\"  >Nieuwbouw in de regio van Monaco<\/h1><div class=\"special-heading-border\"><div class=\"special-heading-inner-border\"><\/div><\/div><\/div><br \/>\n<section  class='av_textblock_section av-lsho4lom-a4cc3313489c706bbb2d4e6ac5ada847 '   itemscope=\"itemscope\" itemtype=\"https:\/\/schema.org\/CreativeWork\" ><div class='avia_textblock'  itemprop=\"text\" ><p><img decoding=\"async\" class=\"alignnone size-gallery wp-image-2234253\" src=\"https:\/\/www.wonenaandecotedazur.nl\/wp-content\/uploads\/2024\/02\/near-monaco-new-construction-845x525.jpg\" alt=\"Near Monaco new construction\" width=\"845\" height=\"525\" \/><\/p>\n<p>Monaco is een magisch koninkrijk aan de Middellandse Zee. Hier wonen vooral welgestelde mensen die kiezen voor een fiscaalvriendelijk klimaat. Omdat grond in <a href=\"https:\/\/www.monaco.nl\/\">Monaco<\/a> schaars is, zijn de vastgoedprijzen uitzonderlijk hoog. Het gebied is veilig, luxueus en prettig om in te wonen. Maar slechts enkelen kunnen het zich veroorloven een nieuw appartement in Monaco te kopen.<\/p>\n<p>Daarom is het kopen van een nieuw appartement in de omliggende dorpen een betaalbare oplossing om dichtbij de voorzieningen en levensstijl van Monaco te wonen. Dorpen als Beausoleil, Cap d&#8217;Ail, Saint Jean Cap Ferrat, Roquebrune Cap Martin en Menton bieden ook een rustigere of meer residenti\u00eble sfeer. Bovendien wordt parkeren een stuk eenvoudiger.<\/p>\n<h3>Voeg uw persoonlijke smaak toe<\/h3>\n<p>Nieuwbouw in de omgeving van Monaco biedt wordt met tien jaar garantie geleverd. Ook qua indeling en afwerking kunt u, mits tijdig gereserveerd, diverse wijzigingen in het appartement aanbrengen. Als u op tijd reserveert, kunt u de standaardtegels vervangen door Carrara-marmer. U betaalt dan alleen de meerprijs.<\/p>\n<p>Bij vrijwel alle nieuwbouw ontbreekt de keuken. Met zoveel restaurants in de omgeving koken de meeste mensen niet uitgebreid op vakantie. Daarom kunt u na oplevering een keuken naar keuze plaatsen.<\/p>\n<p>Als u een appartement met twee slaapkamers koopt, kunt u vragen om een muur te verwijderen en \u00e9\u00e9n grote suite met inloopkast te cre\u00ebren. Of als u niet van een bad houdt, kunt u om een Italiaanse douche vragen. Als u tijdig reserveert, kunt u elke gewenste afwerking toevoegen.<\/p>\n<h3>Meerwaarde<\/h3>\n<p>Het gebied rond Monaco is een luxe woonwijk. Elke investering in nieuwbouw zal in de loop der jaren een meerwaarde opleveren. En de ROI op huurinkomsten is voor veel investeerders de belangrijkste reden om naar dit deel van de Franse Rivi\u00e8ra te komen.<\/p>\n<p><img decoding=\"async\" id=\"socialpilot-extension-hover-button\" style=\"cursor: pointer; height: 40px; width: 121px; top: 23px; left: 734px; z-index: 99999; position: absolute; display: none;\" src=\"moz-extension:\/\/10099c2d-1fa2-4586-8ff7-584a938fe8de\/icons\/share-img-new.png\" data-src=\"https:\/\/www.wonenaandecotedazur.nl\/wp-content\/uploads\/2024\/02\/near-monaco-new-construction-845x525.jpg\" \/><\/p>\n<\/div><\/section><br \/>\n<div  class='avia-button-wrap avia-button-center  avia-builder-el-5  el_after_av_textblock  el_before_av_hr '>\n<style type=\"text\/css\" data-created_by=\"avia_inline_auto\" id=\"style-css-av-ltegea9p-df4cdfdfae053a0ce076514f195d67c9\">\n#top #wrap_all .avia-button.av-ltegea9p-df4cdfdfae053a0ce076514f195d67c9:hover{\ncolor:white;\ntransition:all 0.4s ease-in-out;\n}\n#top #wrap_all .avia-button.av-ltegea9p-df4cdfdfae053a0ce076514f195d67c9:hover .avia-svg-icon svg:first-child{\nfill:white;\nstroke:white;\n}\n<\/style>\n<a href='https:\/\/www.wonenaandecotedazur.nl\/new-construction-property-for-sale\/apartment-monaco-area\/' class='avia-color-theme-color avia-font-color-theme-color avia-button avia-button-fullwidth av-ltegea9p-df4cdfdfae053a0ce076514f195d67c9 avia-icon_select-yes-right-icon avia-color-theme-color'   aria-label=\"Bekijk alle nieuwbouw in regio Monaco\"><span class='avia_iconbox_title' >Bekijk alle nieuwbouw in regio Monaco<\/span><span class='avia_button_icon avia_button_icon_right avia-iconfont avia-font-entypo-fontello' data-av_icon='\ue835' data-av_iconfont='entypo-fontello' ><\/span><span class='avia_button_background avia-button avia-button-fullwidth avia-color-theme-color-highlight'><\/span><\/a><\/div><br \/>\n\n<style type=\"text\/css\" data-created_by=\"avia_inline_auto\" id=\"style-css-av-4iriehky-3b0bb8826dcc246bf05caeb5937ee205\">\n#top .hr.hr-invisible.av-4iriehky-3b0bb8826dcc246bf05caeb5937ee205{\nheight:20px;\n}\n<\/style>\n<div  class='hr av-4iriehky-3b0bb8826dcc246bf05caeb5937ee205 hr-invisible  avia-builder-el-6  el_after_av_button_big  el_before_av_codeblock  avia-builder-el-first '><span class='hr-inner '><span class=\"hr-inner-style\"><\/span><\/span><\/div><br \/>\n<br \/>\n\n<style type=\"text\/css\" data-created_by=\"avia_inline_auto\" id=\"style-css-av-3n8ts2rm-3d8bb489c2dfba0299a0a0469834f26a\">\n#top .hr.hr-invisible.av-3n8ts2rm-3d8bb489c2dfba0299a0a0469834f26a{\nheight:20px;\n}\n<\/style>\n<div  class='hr av-3n8ts2rm-3d8bb489c2dfba0299a0a0469834f26a hr-invisible  avia-builder-el-8  el_after_av_codeblock  el_before_av_heading '><span class='hr-inner '><span class=\"hr-inner-style\"><\/span><\/span><\/div><br \/>\n\n<style type=\"text\/css\" data-created_by=\"avia_inline_auto\" id=\"style-css-av-21x11aiq-763a08ef7a022c1acdbd04130f5a929e\">\n#top .av-special-heading.av-21x11aiq-763a08ef7a022c1acdbd04130f5a929e{\npadding-bottom:10px;\n}\nbody .av-special-heading.av-21x11aiq-763a08ef7a022c1acdbd04130f5a929e .av-special-heading-tag .heading-char{\nfont-size:25px;\n}\n.av-special-heading.av-21x11aiq-763a08ef7a022c1acdbd04130f5a929e .av-subheading{\nfont-size:15px;\n}\n<\/style>\n<div  class='av-special-heading av-21x11aiq-763a08ef7a022c1acdbd04130f5a929e av-special-heading-h3 blockquote modern-quote  avia-builder-el-9  el_after_av_hr  avia-builder-el-last  av-linked-heading'><h3 class='av-special-heading-tag '  itemprop=\"headline\"  ><a class=\"av-heading-link\" href=\"https:\/\/www.wonenaandecotedazur.nl\/nl\/ct-filter-niks-gevonden-nl\/\" target=\"_blank\"  rel=\"noopener noreferrer\" >Vraag naar alle nieuwbouw in Beaulieu sur Mer, Beausoleil, Roquebrune Cap Martin, Cap d\u2019Ail en Saint Jean Cap Ferrat<\/a><\/h3><div class=\"special-heading-border\"><div class=\"special-heading-inner-border\"><\/div><\/div><\/div><\/p><\/div>\n","protected":false},"excerpt":{"rendered":"","protected":false},"author":2,"featured_media":0,"parent":0,"menu_order":0,"comment_status":"closed","ping_status":"closed","template":"","meta":{"_acf_changed":false,"footnotes":""},"class_list":["post-2238937","page","type-page","status-publish","hentry"],"acf":[],"_links":{"self":[{"href":"https:\/\/www.wonenaandecotedazur.nl\/nl\/wp-json\/wp\/v2\/pages\/2238937","targetHints":{"allow":["GET"]}}],"collection":[{"href":"https:\/\/www.wonenaandecotedazur.nl\/nl\/wp-json\/wp\/v2\/pages"}],"about":[{"href":"https:\/\/www.wonenaandecotedazur.nl\/nl\/wp-json\/wp\/v2\/types\/page"}],"author":[{"embeddable":true,"href":"https:\/\/www.wonenaandecotedazur.nl\/nl\/wp-json\/wp\/v2\/users\/2"}],"replies":[{"embeddable":true,"href":"https:\/\/www.wonenaandecotedazur.nl\/nl\/wp-json\/wp\/v2\/comments?post=2238937"}],"version-history":[{"count":1,"href":"https:\/\/www.wonenaandecotedazur.nl\/nl\/wp-json\/wp\/v2\/pages\/2238937\/revisions"}],"predecessor-version":[{"id":3276877,"href":"https:\/\/www.wonenaandecotedazur.nl\/nl\/wp-json\/wp\/v2\/pages\/2238937\/revisions\/3276877"}],"wp:attachment":[{"href":"https:\/\/www.wonenaandecotedazur.nl\/nl\/wp-json\/wp\/v2\/media?parent=2238937"}],"curies":[{"name":"wp","href":"https:\/\/api.w.org\/{rel}","templated":true}]}}