{"id":3299826,"date":"2025-12-04T15:21:00","date_gmt":"2025-12-04T14:21:00","guid":{"rendered":"https:\/\/www.wonenaandecotedazur.nl\/luxury-real-estate\/nieuwbouwproject-saint-laurent-du-var-pugets-cip-1054\/"},"modified":"2026-05-01T21:32:16","modified_gmt":"2026-05-01T19:32:16","slug":"nieuwbouwproject-saint-laurent-du-var-pugets-cip-1054","status":"publish","type":"product","link":"https:\/\/www.wonenaandecotedazur.nl\/nl\/luxury-real-estate\/nieuwbouwproject-saint-laurent-du-var-pugets-cip-1054\/","title":{"rendered":"Nieuwbouwproject Saint-Laurent-du-Var \u2014 Pugets CIP-1054"},"content":{"rendered":"<p>Genesteld aan de Middellandse Zee biedt deze nieuwbouwresidentie een uitzonderlijke woonomgeving in Saint-Laurent-du-Var, midden in een dynamisch economisch gebied. Vlakbij Nice profiteert u van de levendigheid van technop\u00f4le Sophia Antipolis, de internationale luchthaven en de belangrijke winkel- en zakenzones zoals Cap 3000 en Nice M\u00e9ridia.<\/p>\n<p>Gelegen in de snelgroeiende \u00c9covall\u00e9e, combineert deze locatie moderne voorzieningen met praktisch wooncomfort. De residentie bestaat uit stijlvolle, comfortabele appartementen en wordt omringd door winkels, kantoren en diensten die het dagelijks leven vergemakkelijken. Met uitstekende bereikbaarheid \u2014 station, toekomstige tramverbinding en snelweg binnen handbereik \u2014 is dit project een ideale keuze als rendabele investering of als comfortabele hoofdwoning.<\/p>\n<p>Met hoogwaardige afwerking en exclusieve voorzieningen, waaronder een priv\u00e9zwembad, biedt dit domein een gewilde residenti\u00eble setting. Fraai aangelegde buitenruimtes en een doordachte indeling garanderen optimaal wooncomfort, terwijl de hedendaagse architectuur naadloos aansluit op het mediterrane landschap.<\/p>\n<p>Op slechts 15 minuten van stranden, de jachthaven en de levendige hotspotjes van de kust, spreekt deze residentie zowel werkenden als liefhebbers van ontspanning aan. Een zeldzame kans aan de C\u00f4te d\u2019Azur die leefkwaliteit, rendement en waardevastheid combineert.<\/p>\n<p>Wonen aan de C\u00f4te d\u2019Azur, gespecialiseerd in VEFA-nieuwbouw, begeleidt u bij uw aankoop. U profiteert van 10 jaar garantie op de constructie, lagere notariskosten en de mogelijkheid om indeling en afwerking naar wens aan te passen voordat de bouw start \u2014 maximale flexibiliteit voor uw droomwoning.<\/p>\n<p>&nbsp;<\/p>\n","protected":false},"excerpt":{"rendered":"<p>Genesteld aan de Middellandse Zee biedt deze nieuwbouwresidentie een uitzonderlijke woonomgeving in Saint-Laurent-du-Var, midden in een dynamisch economisch gebied. Vlakbij Nice profiteert u van de levendigheid van technop\u00f4le Sophia Antipolis, de internationale luchthaven en de belangrijke winkel- en zakenzones zoals Cap 3000 en Nice M\u00e9ridia. Gelegen in de snelgroeiende \u00c9covall\u00e9e, combineert deze locatie moderne voorzieningen [&hellip;]<\/p>\n","protected":false},"author":2,"featured_media":3287172,"template":"","meta":{"_acf_changed":false},"product_brand":[],"product_cat":[5678],"product_tag":[],"class_list":{"0":"post-3299826","1":"product","2":"type-product","3":"status-publish","4":"has-post-thumbnail","6":"product_cat-appartement","7":"pa_city-saint-laurent-du-var-nl","8":"pa_country-frankrijk","9":"pa_region-nice-nl","10":"pa_type-of-construction-nieuwbouw","12":"first","13":"instock","14":"product-type-simple"},"acf":[],"_links":{"self":[{"href":"https:\/\/www.wonenaandecotedazur.nl\/nl\/wp-json\/wp\/v2\/product\/3299826","targetHints":{"allow":["GET"]}}],"collection":[{"href":"https:\/\/www.wonenaandecotedazur.nl\/nl\/wp-json\/wp\/v2\/product"}],"about":[{"href":"https:\/\/www.wonenaandecotedazur.nl\/nl\/wp-json\/wp\/v2\/types\/product"}],"author":[{"embeddable":true,"href":"https:\/\/www.wonenaandecotedazur.nl\/nl\/wp-json\/wp\/v2\/users\/2"}],"wp:featuredmedia":[{"embeddable":true,"href":"https:\/\/www.wonenaandecotedazur.nl\/nl\/wp-json\/"}],"wp:attachment":[{"href":"https:\/\/www.wonenaandecotedazur.nl\/nl\/wp-json\/wp\/v2\/media?parent=3299826"}],"wp:term":[{"taxonomy":"product_brand","embeddable":true,"href":"https:\/\/www.wonenaandecotedazur.nl\/nl\/wp-json\/wp\/v2\/product_brand?post=3299826"},{"taxonomy":"product_cat","embeddable":true,"href":"https:\/\/www.wonenaandecotedazur.nl\/nl\/wp-json\/wp\/v2\/product_cat?post=3299826"},{"taxonomy":"product_tag","embeddable":true,"href":"https:\/\/www.wonenaandecotedazur.nl\/nl\/wp-json\/wp\/v2\/product_tag?post=3299826"}],"curies":[{"name":"wp","href":"https:\/\/api.w.org\/{rel}","templated":true}]}}