{"id":3299829,"date":"2025-12-04T15:21:10","date_gmt":"2025-12-04T14:21:10","guid":{"rendered":"https:\/\/www.wonenaandecotedazur.nl\/luxury-real-estate\/nieuwbouwproject-saint-laurent-du-var-les-pugets-cip-1054\/"},"modified":"2026-05-01T21:32:25","modified_gmt":"2026-05-01T19:32:25","slug":"nieuwbouwproject-saint-laurent-du-var-les-pugets-cip-1054","status":"publish","type":"product","link":"https:\/\/www.wonenaandecotedazur.nl\/nl\/luxury-real-estate\/nieuwbouwproject-saint-laurent-du-var-les-pugets-cip-1054\/","title":{"rendered":"Nieuwbouwproject Saint-Laurent-du-Var \u2014 Les Pugets (CIP-1054)"},"content":{"rendered":"<p>Uitzicht op de Middellandse Zee en een levensstijl op maat: deze nieuwe residentie in Saint-Laurent-du-Var biedt een uitzonderlijke woonervaring in het hart van een dynamisch economisch gebied. Op korte afstand van Nice profiteert u van de bedrijvigheid van technop\u00f4le Sophia Antipolis, de internationale luchthaven en commerci\u00eble en zakelijke knooppunten zoals Cap 3000 en Nice M\u00e9ridia.<\/p>\n<p>Gevestigd in de snel groeiende zone van \u00c9covall\u00e9e, verenigt dit adres moderne elegantie met dagelijks gemak. De residentie bestaat uit verfijnde en comfortabele woningen, omringd door winkels, kantoren en diensten die het leven vereenvoudigen. Dankzij de uitstekende bereikbaarheid \u2014 treinstation, toekomstige tramlijn en snelweg binnen handbereik \u2014 is dit project perfect als rendementgevende investering of als stijlvolle hoofdwoning.<\/p>\n<p>Met hoogwaardige afwerkingen en exclusieve faciliteiten, waaronder een priv\u00e9zwembad, biedt dit domein een gezocht residentieel kader. De zorgvuldig ontworpen buitenruimtes en doordachte indelingen garanderen optimaal comfort, terwijl de eigentijdse architectuur harmonieus aansluit bij het mediterrane landschap.<\/p>\n<p>Slechts 15 minuten van de stranden, de jachthaven en het gezellige kustleven, spreekt deze residentie zowel actieve professionals als liefhebbers van ontspanning aan. Een zeldzame kans aan de C\u00f4te d\u2019Azur die woonkwaliteit, rendabiliteit en waardevastheid combineert.<\/p>\n<p>Wonen aan de C\u00f4te d\u2019Azur is gespecialiseerd in VEFA\u2011nieuwbouw. U geniet van een tienjarige bouwgarantie, lagere notariskosten en de mogelijkheid om v\u00f3\u00f3r aanvang van de bouw de indeling en afwerking naar wens aan te passen \u2014 zo cre\u00ebert u een nieuwbouwwoning die echt bij uw levensstijl past.<\/p>\n<p>&nbsp;<\/p>\n","protected":false},"excerpt":{"rendered":"<p>Uitzicht op de Middellandse Zee en een levensstijl op maat: deze nieuwe residentie in Saint-Laurent-du-Var biedt een uitzonderlijke woonervaring in het hart van een dynamisch economisch gebied. Op korte afstand van Nice profiteert u van de bedrijvigheid van technop\u00f4le Sophia Antipolis, de internationale luchthaven en commerci\u00eble en zakelijke knooppunten zoals Cap 3000 en Nice M\u00e9ridia. [&hellip;]<\/p>\n","protected":false},"author":2,"featured_media":3287202,"template":"","meta":{"_acf_changed":false},"product_brand":[],"product_cat":[5678],"product_tag":[],"class_list":{"0":"post-3299829","1":"product","2":"type-product","3":"status-publish","4":"has-post-thumbnail","6":"product_cat-appartement","7":"pa_city-saint-laurent-du-var-nl","8":"pa_country-frankrijk","9":"pa_region-nice-nl","10":"pa_type-of-construction-nieuwbouw","12":"first","13":"instock","14":"product-type-simple"},"acf":[],"_links":{"self":[{"href":"https:\/\/www.wonenaandecotedazur.nl\/nl\/wp-json\/wp\/v2\/product\/3299829","targetHints":{"allow":["GET"]}}],"collection":[{"href":"https:\/\/www.wonenaandecotedazur.nl\/nl\/wp-json\/wp\/v2\/product"}],"about":[{"href":"https:\/\/www.wonenaandecotedazur.nl\/nl\/wp-json\/wp\/v2\/types\/product"}],"author":[{"embeddable":true,"href":"https:\/\/www.wonenaandecotedazur.nl\/nl\/wp-json\/wp\/v2\/users\/2"}],"wp:featuredmedia":[{"embeddable":true,"href":"https:\/\/www.wonenaandecotedazur.nl\/nl\/wp-json\/"}],"wp:attachment":[{"href":"https:\/\/www.wonenaandecotedazur.nl\/nl\/wp-json\/wp\/v2\/media?parent=3299829"}],"wp:term":[{"taxonomy":"product_brand","embeddable":true,"href":"https:\/\/www.wonenaandecotedazur.nl\/nl\/wp-json\/wp\/v2\/product_brand?post=3299829"},{"taxonomy":"product_cat","embeddable":true,"href":"https:\/\/www.wonenaandecotedazur.nl\/nl\/wp-json\/wp\/v2\/product_cat?post=3299829"},{"taxonomy":"product_tag","embeddable":true,"href":"https:\/\/www.wonenaandecotedazur.nl\/nl\/wp-json\/wp\/v2\/product_tag?post=3299829"}],"curies":[{"name":"wp","href":"https:\/\/api.w.org\/{rel}","templated":true}]}}