{"id":3299853,"date":"2025-12-04T15:21:47","date_gmt":"2025-12-04T14:21:47","guid":{"rendered":"https:\/\/www.wonenaandecotedazur.nl\/luxury-real-estate\/nieuwbouwproject-in-saint-raphael-cip-858\/"},"modified":"2026-05-01T21:33:34","modified_gmt":"2026-05-01T19:33:34","slug":"nieuwbouwproject-in-saint-raphael-cip-858","status":"publish","type":"product","link":"https:\/\/www.wonenaandecotedazur.nl\/nl\/luxury-real-estate\/nieuwbouwproject-in-saint-raphael-cip-858\/","title":{"rendered":"Nieuwbouwproject in SAINT-RAPHA\u00cbL &#8211; CIP-858"},"content":{"rendered":"<p>De stad<br \/>\nAan de Var-kust, op slechts 45 minuten van Nice en precies tussen Cannes en Saint-Tropez, ligt Saint-Rapha\u00ebl: de favoriete badplaats van de Var. Een elegante bestemming bekend om haar schitterende kustlijn en het zachte, mediterrane levensritme. Lange stroken zand en rode rotsen onthullen turquoise wateren, intieme kreken en uitnodigende baaien. Het imposante Est\u00e9relmassief vormt een dramatisch decor met zijn grillige silhouetten en adembenemende uitzichtpunten.<\/p>\n<p>Hier proef je elke dag de charme van het zuiden: de historische binnenstad en de oude haven, Belle \u00c9poque-villa\u2019s, levendige Proven\u00e7aalse markten, gezellige boetieks en uitstekende restaurants met zonnige terrassen. Voor cultuur, sport en vrijetijdsbesteding is de keuze uitgebreid: casino, bioscoop, theaters en festivals, golfbanen en tal van watersporten. Met ongeveer 36.000 inwoners is Saint-Rapha\u00ebl een dynamische, het hele jaar door levende stad met een rijk verenigingsleven.<\/p>\n<p>De wijk<br \/>\nValescure, vandaag bekend als het \u2018Golfs-kwartier\u2019, is een rustige, residenti\u00eble wijk omgeven door beschermde natuur: majestueuze parasolden, statige villa\u2019s en voorname hotels cre\u00ebren een ansichtkaartachtig landschap met panoramisch uitzicht over de baai van Saint-Rapha\u00ebl. Het historische hart ligt op slechts enkele minuten lopen, de stranden van Le Veillat en de jachthaven bereik je in circa 15 minuten.<\/p>\n<p>Alle dagelijkse voorzieningen liggen op korte afstand (binnen 1 km): bakker, slager, overdekte markthallen, supermarkt, tabakswinkel, bank, stomerij en medische praktijken. Het treinstation (SNCF) is ongeveer 1 km verwijderd. Voor gezinnen is het aanbod aan onderwijs uitgebreid: 8 kleuterscholen, 10 basisscholen, 3 coll\u00e8ges en 2 lyc\u00e9es, waaronder het Lyc\u00e9e Saint-Exup\u00e9ry op korte loopafstand.<\/p>\n<p>Het nieuwbouwproject in Saint-Rapha\u00ebl<br \/>\nDeze toekomstige residentie van hoogstaande kwaliteit krijgt een toplocatie in het gewilde Valescure. Omringd door fijne zandstranden en het Est\u00e9rel-massief, biedt Saint-Rapha\u00ebl het beste van kustleven en dagelijkse comfort. Alles is ontworpen om te genieten: stranden, wandelroutes, golfen, de Proven\u00e7aalse markt \u00e9n het gemak om overal te voet naartoe te gaan.<\/p>\n<p>Elk appartement is zorgvuldig uitgewerkt met royale woonoppervlakten en een stijlvolle afwerking. Ruime terrassen met ideale zuid- of westori\u00ebntatie en slimme oplossingen voor privacy \u2014 zoals vaste en oprolbare lamellen \u2014 maken het leven hier bijzonder aangenaam, vooral in de zomermaanden.<\/p>\n<p>Wonen aan de C\u00f4te d&#8217;Azur is gespecialiseerd in VEFA-nieuwbouwoplossingen (koop van nieuw te bouwen woningen). Dat betekent voor u extra zekerheid en voordelen: een tienjarige constructiewaarborg, lagere notariskosten en de mogelijkheid om indeling en afwerking aan te passen voordat de bouw start. Ideaal voor wie een perfecte, zorgeloze woning aan de C\u00f4te d\u2019Azur wil \u2014 op maat en met garantie.<\/p>\n<p>&nbsp;<\/p>\n","protected":false},"excerpt":{"rendered":"<p>De stad Aan de Var-kust, op slechts 45 minuten van Nice en precies tussen Cannes en Saint-Tropez, ligt Saint-Rapha\u00ebl: de favoriete badplaats van de Var. Een elegante bestemming bekend om haar schitterende kustlijn en het zachte, mediterrane levensritme. Lange stroken zand en rode rotsen onthullen turquoise wateren, intieme kreken en uitnodigende baaien. Het imposante Est\u00e9relmassief [&hellip;]<\/p>\n","protected":false},"author":2,"featured_media":3295888,"template":"","meta":{"_acf_changed":false},"product_brand":[],"product_cat":[5678],"product_tag":[],"class_list":{"0":"post-3299853","1":"product","2":"type-product","3":"status-publish","4":"has-post-thumbnail","6":"product_cat-appartement","7":"pa_city-saint-raphael-nl","8":"pa_country-frankrijk","9":"pa_region-saint-raphael-nl","10":"pa_type-of-construction-nieuwbouw","12":"first","13":"instock","14":"product-type-simple"},"acf":[],"_links":{"self":[{"href":"https:\/\/www.wonenaandecotedazur.nl\/nl\/wp-json\/wp\/v2\/product\/3299853","targetHints":{"allow":["GET"]}}],"collection":[{"href":"https:\/\/www.wonenaandecotedazur.nl\/nl\/wp-json\/wp\/v2\/product"}],"about":[{"href":"https:\/\/www.wonenaandecotedazur.nl\/nl\/wp-json\/wp\/v2\/types\/product"}],"author":[{"embeddable":true,"href":"https:\/\/www.wonenaandecotedazur.nl\/nl\/wp-json\/wp\/v2\/users\/2"}],"wp:featuredmedia":[{"embeddable":true,"href":"https:\/\/www.wonenaandecotedazur.nl\/nl\/wp-json\/"}],"wp:attachment":[{"href":"https:\/\/www.wonenaandecotedazur.nl\/nl\/wp-json\/wp\/v2\/media?parent=3299853"}],"wp:term":[{"taxonomy":"product_brand","embeddable":true,"href":"https:\/\/www.wonenaandecotedazur.nl\/nl\/wp-json\/wp\/v2\/product_brand?post=3299853"},{"taxonomy":"product_cat","embeddable":true,"href":"https:\/\/www.wonenaandecotedazur.nl\/nl\/wp-json\/wp\/v2\/product_cat?post=3299853"},{"taxonomy":"product_tag","embeddable":true,"href":"https:\/\/www.wonenaandecotedazur.nl\/nl\/wp-json\/wp\/v2\/product_tag?post=3299853"}],"curies":[{"name":"wp","href":"https:\/\/api.w.org\/{rel}","templated":true}]}}