{"id":3299856,"date":"2025-12-04T15:21:56","date_gmt":"2025-12-04T14:21:56","guid":{"rendered":"https:\/\/www.wonenaandecotedazur.nl\/luxury-real-estate\/nieuwbouwresidentie-in-saint-raphael-cip-867\/"},"modified":"2026-05-01T21:33:36","modified_gmt":"2026-05-01T19:33:36","slug":"nieuwbouwresidentie-in-saint-raphael-cip-867","status":"publish","type":"product","link":"https:\/\/www.wonenaandecotedazur.nl\/nl\/luxury-real-estate\/nieuwbouwresidentie-in-saint-raphael-cip-867\/","title":{"rendered":"Nieuwbouwresidentie in Saint-Rapha\u00ebl \u2014 CIP-867"},"content":{"rendered":"<p>Wonen aan de C\u00f4te d&#8217;Azur, gespecialiseerd in VEFA-nieuwbouw (koop op plan), presenteert deze elegante residentie in Saint-Rapha\u00ebl.<\/p>\n<p>Een ideale ligging in Saint-Rapha\u00ebl<br \/>\nDeze nieuwbouwresidentie geniet een bevoorrechte ligging, perfect op gelijke afstand van het bruisende centrum, de zonnige stranden en de dagelijkse voorzieningen. Dankzij deze strategische positie geniet u van een praktische en comfortabele levensstijl aan de C\u00f4te d&#8217;Azur.<\/p>\n<p>Een groen cocon boven Saint-Rapha\u00ebl<br \/>\nGevestigd op een hoger gelegen, rustige plek in de stad, biedt deze kleinschalige residentie de ideale balans tussen stadsnabijheid en natuurbehoud. Het gebouw vormt een intiem, groen toevluchtsoord dat het beste van zijn uitzonderlijke ligging opvangt.<\/p>\n<p>Een kleinschalige, hoogwaardige residentie<br \/>\nDe residentie telt slechts 11 ruime appartementen, van 2- tot 4-kamerappartementen. De doordachte indelingen zorgen voor lichte, royale leefruimtes; hoogwaardige afwerking en aandacht voor comfort en stijl staan centraal. Kiest u voor VEFA via Wonen aan de C\u00f4te d&#8217;Azur, dan profiteert u bovendien van een 10-jarige bouwgarantie, lagere notariskosten en de mogelijkheid om indeling en afwerking aan te passen v\u00f3\u00f3r aanvang van de werkzaamheden.<\/p>\n<p>Warme en intieme ruimtes<br \/>\nDe slaapkamers zijn ontworpen als knusse, privacyvolle refuges die welzijn en rust bevorderen. Elk appartement opent op een terras, priv\u00e9tuin of balkon, en nodigt uit om volop te genieten van het mediterrane buitenleven.<\/p>\n<p>&nbsp;<\/p>\n","protected":false},"excerpt":{"rendered":"<p>Wonen aan de C\u00f4te d&#8217;Azur, gespecialiseerd in VEFA-nieuwbouw (koop op plan), presenteert deze elegante residentie in Saint-Rapha\u00ebl. Een ideale ligging in Saint-Rapha\u00ebl Deze nieuwbouwresidentie geniet een bevoorrechte ligging, perfect op gelijke afstand van het bruisende centrum, de zonnige stranden en de dagelijkse voorzieningen. Dankzij deze strategische positie geniet u van een praktische en comfortabele levensstijl [&hellip;]<\/p>\n","protected":false},"author":2,"featured_media":3282253,"template":"","meta":{"_acf_changed":false},"product_brand":[],"product_cat":[5678],"product_tag":[],"class_list":{"0":"post-3299856","1":"product","2":"type-product","3":"status-publish","4":"has-post-thumbnail","6":"product_cat-appartement","7":"pa_city-saint-raphael-nl","8":"pa_country-frankrijk","9":"pa_region-saint-raphael-nl","10":"pa_type-of-construction-nieuwbouw","12":"first","13":"instock","14":"product-type-simple"},"acf":[],"_links":{"self":[{"href":"https:\/\/www.wonenaandecotedazur.nl\/nl\/wp-json\/wp\/v2\/product\/3299856","targetHints":{"allow":["GET"]}}],"collection":[{"href":"https:\/\/www.wonenaandecotedazur.nl\/nl\/wp-json\/wp\/v2\/product"}],"about":[{"href":"https:\/\/www.wonenaandecotedazur.nl\/nl\/wp-json\/wp\/v2\/types\/product"}],"author":[{"embeddable":true,"href":"https:\/\/www.wonenaandecotedazur.nl\/nl\/wp-json\/wp\/v2\/users\/2"}],"wp:featuredmedia":[{"embeddable":true,"href":"https:\/\/www.wonenaandecotedazur.nl\/nl\/wp-json\/"}],"wp:attachment":[{"href":"https:\/\/www.wonenaandecotedazur.nl\/nl\/wp-json\/wp\/v2\/media?parent=3299856"}],"wp:term":[{"taxonomy":"product_brand","embeddable":true,"href":"https:\/\/www.wonenaandecotedazur.nl\/nl\/wp-json\/wp\/v2\/product_brand?post=3299856"},{"taxonomy":"product_cat","embeddable":true,"href":"https:\/\/www.wonenaandecotedazur.nl\/nl\/wp-json\/wp\/v2\/product_cat?post=3299856"},{"taxonomy":"product_tag","embeddable":true,"href":"https:\/\/www.wonenaandecotedazur.nl\/nl\/wp-json\/wp\/v2\/product_tag?post=3299856"}],"curies":[{"name":"wp","href":"https:\/\/api.w.org\/{rel}","templated":true}]}}