{"id":3299857,"date":"2025-12-04T15:21:56","date_gmt":"2025-12-04T14:21:56","guid":{"rendered":"https:\/\/www.wonenaandecotedazur.nl\/luxury-real-estate\/nieuwbouwresidentie-in-saint-raphael-cip-867-2\/"},"modified":"2026-05-01T21:33:36","modified_gmt":"2026-05-01T19:33:36","slug":"nieuwbouwresidentie-in-saint-raphael-cip-867-2","status":"publish","type":"product","link":"https:\/\/www.wonenaandecotedazur.nl\/nl\/luxury-real-estate\/nieuwbouwresidentie-in-saint-raphael-cip-867-2\/","title":{"rendered":"Nieuwbouwresidentie in Saint-Rapha\u00ebl \u2014 CIP-867"},"content":{"rendered":"<p>Een ideale ligging in Saint-Rapha\u00ebl<br \/>\nDeze nieuwe residentie in Saint-Rapha\u00ebl geniet van een bevoorrechte ligging: op gelijke afstand van het centrum, de stranden en alle noodzakelijke winkels. Deze strategische positie garandeert een comfortabel en praktisch leven aan de C\u00f4te d&#8217;Azur.<\/p>\n<p>Een groen toevluchtsoord op de heuvels van Saint-Rapha\u00ebl<br \/>\nHoog gelegen in de stad combineert deze intieme nieuwbouw het beste van twee werelden: de nabijheid van het stadsleven en het behoud van rust en natuur. Ze vormt een heerlijk groen cocon dat volledig ontzorgt en beschermt.<\/p>\n<p>Een kleinschalige, verfijnde residentie<br \/>\nDe residentie telt slechts 11 ruime appartementen, van 2- tot 4-kamerappartementen (1 kamer\u20133 kamers). De zorgvuldig doordachte indelingen cre\u00ebren lichte, royale leefruimtes met een optimaal gebruik van ruimte. Kwaliteitsafwerking en aandacht voor comfort en elegantie staan centraal.<\/p>\n<p>Warme en intieme vertrekken<br \/>\nDe slaapkamers zijn ontworpen om sfeer, comfort en privacy te bieden, ideaal voor ontspanning en welzijn. Ieder appartement opent naar een terras, tuin of balkon en nodigt uit om volop van uw priv\u00e9-buitenruimte te genieten.<\/p>\n<p>Bij Wonen aan de C\u00f4te d&#8217;Azur, specialist in VEFA-nieuwbouw, profiteert u bovendien van een 10-jarige constructiewaarborg, lagere notariskosten en de mogelijkheid om indeling en afwerking aan te passen v\u00f3\u00f3r de bouwstart. Neem contact met ons op en ontdek hoe wij uw droomwoning aan de C\u00f4te d&#8217;Azur op maat realiseren.<\/p>\n<p>&nbsp;<\/p>\n","protected":false},"excerpt":{"rendered":"<p>Een ideale ligging in Saint-Rapha\u00ebl Deze nieuwe residentie in Saint-Rapha\u00ebl geniet van een bevoorrechte ligging: op gelijke afstand van het centrum, de stranden en alle noodzakelijke winkels. Deze strategische positie garandeert een comfortabel en praktisch leven aan de C\u00f4te d&#8217;Azur. Een groen toevluchtsoord op de heuvels van Saint-Rapha\u00ebl Hoog gelegen in de stad combineert deze [&hellip;]<\/p>\n","protected":false},"author":2,"featured_media":3295903,"template":"","meta":{"_acf_changed":false},"product_brand":[],"product_cat":[5678],"product_tag":[],"class_list":{"0":"post-3299857","1":"product","2":"type-product","3":"status-publish","4":"has-post-thumbnail","6":"product_cat-appartement","7":"pa_city-saint-raphael-nl","8":"pa_country-frankrijk","9":"pa_region-saint-raphael-nl","10":"pa_type-of-construction-nieuwbouw","12":"first","13":"instock","14":"product-type-simple"},"acf":[],"_links":{"self":[{"href":"https:\/\/www.wonenaandecotedazur.nl\/nl\/wp-json\/wp\/v2\/product\/3299857","targetHints":{"allow":["GET"]}}],"collection":[{"href":"https:\/\/www.wonenaandecotedazur.nl\/nl\/wp-json\/wp\/v2\/product"}],"about":[{"href":"https:\/\/www.wonenaandecotedazur.nl\/nl\/wp-json\/wp\/v2\/types\/product"}],"author":[{"embeddable":true,"href":"https:\/\/www.wonenaandecotedazur.nl\/nl\/wp-json\/wp\/v2\/users\/2"}],"wp:featuredmedia":[{"embeddable":true,"href":"https:\/\/www.wonenaandecotedazur.nl\/nl\/wp-json\/"}],"wp:attachment":[{"href":"https:\/\/www.wonenaandecotedazur.nl\/nl\/wp-json\/wp\/v2\/media?parent=3299857"}],"wp:term":[{"taxonomy":"product_brand","embeddable":true,"href":"https:\/\/www.wonenaandecotedazur.nl\/nl\/wp-json\/wp\/v2\/product_brand?post=3299857"},{"taxonomy":"product_cat","embeddable":true,"href":"https:\/\/www.wonenaandecotedazur.nl\/nl\/wp-json\/wp\/v2\/product_cat?post=3299857"},{"taxonomy":"product_tag","embeddable":true,"href":"https:\/\/www.wonenaandecotedazur.nl\/nl\/wp-json\/wp\/v2\/product_tag?post=3299857"}],"curies":[{"name":"wp","href":"https:\/\/api.w.org\/{rel}","templated":true}]}}