{"id":3299870,"date":"2025-12-04T15:22:26","date_gmt":"2025-12-04T14:22:26","guid":{"rendered":"https:\/\/www.wonenaandecotedazur.nl\/luxury-real-estate\/nieuwe-residentie-in-antibes-gelegen-in-een-aantrekkelijke-woonwijk-cip-806\/"},"modified":"2026-05-01T21:33:21","modified_gmt":"2026-05-01T19:33:21","slug":"nieuwe-residentie-in-antibes-gelegen-in-een-aantrekkelijke-woonwijk-cip-806","status":"publish","type":"product","link":"https:\/\/www.wonenaandecotedazur.nl\/nl\/luxury-real-estate\/nieuwe-residentie-in-antibes-gelegen-in-een-aantrekkelijke-woonwijk-cip-806\/","title":{"rendered":"Nieuwe residentie in Antibes, gelegen in een aantrekkelijke woonwijk &..."},"content":{"rendered":"<p>De charme van de C\u00f4te d&#8217;Azur<\/p>\n<p>Smaakvol genesteld in Antibes, in het hart van een gewilde residenti\u00eble buurt, voegt deze nieuwbouwresidentie zich harmonieus in haar omgeving dankzij een elegante en tijdloze architectuur.<\/p>\n<p>Licht en zorgvuldig afgewerkte appartementen<\/p>\n<p>Deze kleinschalige residentie telt 11 appartementen, van twee- tot vierkamerwoningen, verdeeld over 3 verdiepingen. Elk appartement beschikt over aangename terrassen of loggia\u2019s en sommige units genieten van prachtige priv\u00e9-tuinen. De indelingen zijn met zorg ontworpen om maximaal daglicht binnen te laten en een uitzonderlijk wooncomfort te garanderen.<\/p>\n<p>Praktisch en comfortabel<\/p>\n<p>Naast royale woonruimtes biedt deze nieuwe adres praktische oplossingen: 22 parkeerplaatsen op het dak met eenvoudige toegang vanaf de straat en ruime, handige kelderbergingen voor extra opbergruimte.<\/p>\n<p>Kwaliteit en energieprestatie<\/p>\n<p>De appartementen voldoen aan de RT 2012-normen, wat staat voor optimale thermische en akoestische isolatie \u2014 een duurzame en kwaliteitsvolle investering voor de toekomst.<\/p>\n<p>Nieuwbouwproject in Antibes met extra voordelen<\/p>\n<p>Wonen aan de C\u00f4te d&#8217;Azur is gespecialiseerd in VEFA (vente en l&#8217;\u00e9tat futur d&#8217;ach\u00e8vement) nieuwbouwprojecten en begeleidt u professioneel bij uw aankoop. U profiteert van een 10-jarige constructeurgarantie, lagere notariskosten en de mogelijkheid om indeling en afwerking aan te passen v\u00f3\u00f3r de start van de bouw \u2014 zo cre\u00ebert u een woning die echt bij uw levensstijl past.<\/p>\n<p>Ervaar het mediterrane leven in een moderne, verzorgde omgeving. Neem contact op voor meer informatie over beschikbare appartementen en persoonlijke advies.<\/p>\n<p>&nbsp;<\/p>\n","protected":false},"excerpt":{"rendered":"<p>De charme van de C\u00f4te d&#8217;Azur Smaakvol genesteld in Antibes, in het hart van een gewilde residenti\u00eble buurt, voegt deze nieuwbouwresidentie zich harmonieus in haar omgeving dankzij een elegante en tijdloze architectuur. Licht en zorgvuldig afgewerkte appartementen Deze kleinschalige residentie telt 11 appartementen, van twee- tot vierkamerwoningen, verdeeld over 3 verdiepingen. Elk appartement beschikt over [&hellip;]<\/p>\n","protected":false},"author":2,"featured_media":3290615,"template":"","meta":{"_acf_changed":false},"product_brand":[],"product_cat":[5678],"product_tag":[],"class_list":{"0":"post-3299870","1":"product","2":"type-product","3":"status-publish","4":"has-post-thumbnail","6":"product_cat-appartement","7":"pa_city-antibes-nl","8":"pa_country-frankrijk","9":"pa_region-cannes-nl","10":"pa_region-nice-nl","11":"pa_type-of-construction-nieuwbouw","13":"first","14":"instock","15":"product-type-simple"},"acf":[],"_links":{"self":[{"href":"https:\/\/www.wonenaandecotedazur.nl\/nl\/wp-json\/wp\/v2\/product\/3299870","targetHints":{"allow":["GET"]}}],"collection":[{"href":"https:\/\/www.wonenaandecotedazur.nl\/nl\/wp-json\/wp\/v2\/product"}],"about":[{"href":"https:\/\/www.wonenaandecotedazur.nl\/nl\/wp-json\/wp\/v2\/types\/product"}],"author":[{"embeddable":true,"href":"https:\/\/www.wonenaandecotedazur.nl\/nl\/wp-json\/wp\/v2\/users\/2"}],"wp:featuredmedia":[{"embeddable":true,"href":"https:\/\/www.wonenaandecotedazur.nl\/nl\/wp-json\/"}],"wp:attachment":[{"href":"https:\/\/www.wonenaandecotedazur.nl\/nl\/wp-json\/wp\/v2\/media?parent=3299870"}],"wp:term":[{"taxonomy":"product_brand","embeddable":true,"href":"https:\/\/www.wonenaandecotedazur.nl\/nl\/wp-json\/wp\/v2\/product_brand?post=3299870"},{"taxonomy":"product_cat","embeddable":true,"href":"https:\/\/www.wonenaandecotedazur.nl\/nl\/wp-json\/wp\/v2\/product_cat?post=3299870"},{"taxonomy":"product_tag","embeddable":true,"href":"https:\/\/www.wonenaandecotedazur.nl\/nl\/wp-json\/wp\/v2\/product_tag?post=3299870"}],"curies":[{"name":"wp","href":"https:\/\/api.w.org\/{rel}","templated":true}]}}