{"id":3299880,"date":"2025-12-04T15:22:43","date_gmt":"2025-12-04T14:22:43","guid":{"rendered":"https:\/\/www.wonenaandecotedazur.nl\/luxury-real-estate\/nieuwbouwresidentie-in-chateauneuf-de-grasse-cip-875\/"},"modified":"2026-05-01T21:33:08","modified_gmt":"2026-05-01T19:33:08","slug":"nieuwbouwresidentie-in-chateauneuf-de-grasse-cip-875","status":"publish","type":"product","link":"https:\/\/www.wonenaandecotedazur.nl\/nl\/luxury-real-estate\/nieuwbouwresidentie-in-chateauneuf-de-grasse-cip-875\/","title":{"rendered":"Nieuwbouwresidentie in Ch\u00e2teauneuf-de-Grasse \u2014 CIP-875"},"content":{"rendered":"<p>Ch\u00e2teauneuf-de-Grasse: historisch dorp met Proven\u00e7aalse charme<br \/>\nCh\u00e2teauneuf-de-Grasse ligt hoog boven het omliggende landschap en biedt een weids panoramisch uitzicht op de baai van Cannes. Dit pittoreske dorp, opgenomen in de inventaris van historische sites van de Alpes-Maritimes, ademt Proven\u00e7aalse authenticiteit: smalle straatjes met platanen en vijgenbomen, karaktervolle architectuur en een gevoel van tijdloze rust.<\/p>\n<p>Rustige ligging, op 3 minuten van Opio<br \/>\nGelegen in een gewilde, groene en residenti\u00eble wijk, combineert deze nieuwbouwresidentie in Ch\u00e2teauneuf-de-Grasse rust en elegantie. Slechts 3 minuten rijden van Opio, is het complex afgesloten en omsloten door zorgvuldig aangelegde tuinen die de natuurlijke sfeer van de buurt versterken. Met een hedendaagse architectuur over slechts twee verdiepingen bieden de appartementen optimale lichtinval, ruime indelingen en een kwalitatieve afwerking. Elk woonhuis loopt naadloos over in buitenruimte: terras of priv\u00e9-tuin met uitzicht op de omliggende bossen.<\/p>\n<p>Modern en milieubewust project<br \/>\nHet project sluit perfect aan bij de natuurlijke omgeving en legt de focus op eenvoud, subtiele tinten en veel licht. De gemeenschappelijke buitenruimtes, aangelegd met olijfbomen, citrusbomen en exotische beplanting, dragen bij aan een kalme en verzorgde sfeer. Bewoners kunnen genieten van een zwembad en ruime groenvoorzieningen \u2014 een echte retraite dichtbij de C\u00f4te d&#8217;Azur.<\/p>\n<p>Binnencomfort en hoogwaardige afwerking<br \/>\nDe binnenruimtes zijn doordacht ontworpen voor optimaal comfort. De appartementen, vari\u00ebrend van 2- tot 5-kameroplossingen, beschikken over verzorgde indelingen en hoogwaardige materialen, geselecteerd voor duurzaamheid en dagelijks woonplezier. Beleef een hoogwaardige levensstijl in deze rustig gelegen nieuwbouwresidentie, waar natuur en comfort elkaar ontmoeten.<\/p>\n<p>Speciale voordelen bij aankoop<br \/>\nWonen aan de C\u00f4te d&#8217;Azur is gespecialiseerd in VEFA-nieuwbouwprojecten. Bij aankoop profiteert u van de voordelen van VEFA: een tienjarige constructiewaarborg, lagere notariskosten en de mogelijkheid om indeling en afwerking aan te passen voordat de bouw begint \u2014 zo cre\u00ebert u van bij de start een woning die helemaal bij u past.<\/p>\n<p>&nbsp;<\/p>\n","protected":false},"excerpt":{"rendered":"<p>Ch\u00e2teauneuf-de-Grasse: historisch dorp met Proven\u00e7aalse charme Ch\u00e2teauneuf-de-Grasse ligt hoog boven het omliggende landschap en biedt een weids panoramisch uitzicht op de baai van Cannes. Dit pittoreske dorp, opgenomen in de inventaris van historische sites van de Alpes-Maritimes, ademt Proven\u00e7aalse authenticiteit: smalle straatjes met platanen en vijgenbomen, karaktervolle architectuur en een gevoel van tijdloze rust. Rustige [&hellip;]<\/p>\n","protected":false},"author":2,"featured_media":3282508,"template":"","meta":{"_acf_changed":false},"product_brand":[],"product_cat":[5678],"product_tag":[],"class_list":{"0":"post-3299880","1":"product","2":"type-product","3":"status-publish","4":"has-post-thumbnail","6":"product_cat-appartement","7":"pa_city-chateauneuf-de-grasse-nl","8":"pa_country-frankrijk","9":"pa_type-of-construction-nieuwbouw","11":"first","12":"instock","13":"product-type-simple"},"acf":[],"_links":{"self":[{"href":"https:\/\/www.wonenaandecotedazur.nl\/nl\/wp-json\/wp\/v2\/product\/3299880","targetHints":{"allow":["GET"]}}],"collection":[{"href":"https:\/\/www.wonenaandecotedazur.nl\/nl\/wp-json\/wp\/v2\/product"}],"about":[{"href":"https:\/\/www.wonenaandecotedazur.nl\/nl\/wp-json\/wp\/v2\/types\/product"}],"author":[{"embeddable":true,"href":"https:\/\/www.wonenaandecotedazur.nl\/nl\/wp-json\/wp\/v2\/users\/2"}],"wp:featuredmedia":[{"embeddable":true,"href":"https:\/\/www.wonenaandecotedazur.nl\/nl\/wp-json\/"}],"wp:attachment":[{"href":"https:\/\/www.wonenaandecotedazur.nl\/nl\/wp-json\/wp\/v2\/media?parent=3299880"}],"wp:term":[{"taxonomy":"product_brand","embeddable":true,"href":"https:\/\/www.wonenaandecotedazur.nl\/nl\/wp-json\/wp\/v2\/product_brand?post=3299880"},{"taxonomy":"product_cat","embeddable":true,"href":"https:\/\/www.wonenaandecotedazur.nl\/nl\/wp-json\/wp\/v2\/product_cat?post=3299880"},{"taxonomy":"product_tag","embeddable":true,"href":"https:\/\/www.wonenaandecotedazur.nl\/nl\/wp-json\/wp\/v2\/product_tag?post=3299880"}],"curies":[{"name":"wp","href":"https:\/\/api.w.org\/{rel}","templated":true}]}}