{"id":3299882,"date":"2025-12-04T15:22:43","date_gmt":"2025-12-04T14:22:43","guid":{"rendered":"https:\/\/www.wonenaandecotedazur.nl\/luxury-real-estate\/nieuwbouwresidentie-in-chateauneuf%e2%80%91de%e2%80%91grasse-cip%e2%80%91875\/"},"modified":"2026-05-01T21:32:49","modified_gmt":"2026-05-01T19:32:49","slug":"nieuwbouwresidentie-in-chateauneuf-de-grasse-cip-875-3","status":"publish","type":"product","link":"https:\/\/www.wonenaandecotedazur.nl\/nl\/luxury-real-estate\/nieuwbouwresidentie-in-chateauneuf-de-grasse-cip-875-3\/","title":{"rendered":"Nieuwbouwresidentie in Ch\u00e2teauneuf\u2011de\u2011Grasse \u2014 CIP\u2011875"},"content":{"rendered":"<p>Ch\u00e2teauneuf\u2011de\u2011Grasse: een historisch dorp met Proven\u00e7aalse charme<br \/>\nCh\u00e2teauneuf\u2011de\u2011Grasse, hoog gelegen boven het omliggende landschap met panoramisch zicht op de baai van Cannes, staat op de inventaris van historische locaties van de Alpes\u2011Maritimes. In het hart van dit pittoreske dorp slingeren smalle straatjes tussen platanen en vijgenbomen; de architectuur ademt warmte en authentieke Proven\u00e7aalse sfeer.<\/p>\n<p>Rust, groen en slechts 3 minuten van Opio<br \/>\nGevestigd in een gewilde, groene en residenti\u00eble wijk \u2014 op slechts 3 minuten rijden van Opio \u2014 biedt deze nieuwbouwresidentie absolute rust en privacy. De Residentie is afgesloten en omsloten door bosrijke tuinen die het groene karakter van de buurt versterken. Met een hedendaagse, lage bouwstijl van slechts twee verdiepingen, genieten de appartementen van uitstekende zonori\u00ebntaties en royale leefruimtes. Elk appartement opent naar buiten met een priv\u00e9terras of tuin en biedt een fraai zicht op de omliggende bospartijen.<\/p>\n<p>Modern, licht en respectvol naar de natuur<br \/>\nDit moderne project zoekt de harmonie met zijn natuurlijke omgeving: zachte kleurtonen, eenvoudige lijnen en veel licht cre\u00ebren een verkwikkende woonomgeving. Buitenruimtes zijn ontworpen voor welzijn; de residentie biedt een zwembad en sfeervolle groenaanleg met olijfbomen, citrusbomen en exotische beplanting \u2014 een rustgevende, Mediterrane sfeer.<\/p>\n<p>Comfort en kwaliteit binnenin<br \/>\nDe binnenruimtes zijn zorgvuldig uitgewerkt voor maximaal comfort. De appartementen vari\u00ebren van 2\u2011 tot 5\u2011kamers en zijn afgewerkt met hoogwaardige materialen en doordachte indelingen die zorgen voor duurzaam woonplezier. Beleef een kwaliteitsleven waar rust, natuur en comfort harmonieus samenkomen \u2014 op korte afstand van Opio.<\/p>\n<p>Wonen aan de C\u00f4te d&#8217;Azur \u2014 VEFA\u2011specialist met extra voordelen<br \/>\nWonen aan de C\u00f4te d&#8217;Azur is gespecialiseerd in VEFA\u2011nieuwbouwprojecten en begeleidt u van A tot Z. Als koper profiteert u van een 10\u2011jarige constructiewaarborg, lagere notariskosten en de mogelijkheid om v\u00f3\u00f3r aanvang van de bouw de indeling en afwerking naar wens aan te passen. Zo cre\u00ebert u een woning die perfect past bij uw levensstijl.<\/p>\n<p>Interesse? Neem contact met ons op voor meer informatie of een persoonlijk advies \u2014 wij helpen u graag uw droomwoning aan de C\u00f4te d&#8217;Azur te realiseren.<\/p>\n<p>&nbsp;<\/p>\n","protected":false},"excerpt":{"rendered":"<p>Ch\u00e2teauneuf\u2011de\u2011Grasse: een historisch dorp met Proven\u00e7aalse charme Ch\u00e2teauneuf\u2011de\u2011Grasse, hoog gelegen boven het omliggende landschap met panoramisch zicht op de baai van Cannes, staat op de inventaris van historische locaties van de Alpes\u2011Maritimes. In het hart van dit pittoreske dorp slingeren smalle straatjes tussen platanen en vijgenbomen; de architectuur ademt warmte en authentieke Proven\u00e7aalse sfeer. Rust, [&hellip;]<\/p>\n","protected":false},"author":2,"featured_media":3282568,"template":"","meta":{"_acf_changed":false},"product_brand":[],"product_cat":[5678],"product_tag":[],"class_list":{"0":"post-3299882","1":"product","2":"type-product","3":"status-publish","4":"has-post-thumbnail","6":"product_cat-appartement","7":"pa_city-chateauneuf-de-grasse-nl","8":"pa_country-frankrijk","9":"pa_type-of-construction-nieuwbouw","11":"first","12":"instock","13":"product-type-simple"},"acf":[],"_links":{"self":[{"href":"https:\/\/www.wonenaandecotedazur.nl\/nl\/wp-json\/wp\/v2\/product\/3299882","targetHints":{"allow":["GET"]}}],"collection":[{"href":"https:\/\/www.wonenaandecotedazur.nl\/nl\/wp-json\/wp\/v2\/product"}],"about":[{"href":"https:\/\/www.wonenaandecotedazur.nl\/nl\/wp-json\/wp\/v2\/types\/product"}],"author":[{"embeddable":true,"href":"https:\/\/www.wonenaandecotedazur.nl\/nl\/wp-json\/wp\/v2\/users\/2"}],"wp:featuredmedia":[{"embeddable":true,"href":"https:\/\/www.wonenaandecotedazur.nl\/nl\/wp-json\/"}],"wp:attachment":[{"href":"https:\/\/www.wonenaandecotedazur.nl\/nl\/wp-json\/wp\/v2\/media?parent=3299882"}],"wp:term":[{"taxonomy":"product_brand","embeddable":true,"href":"https:\/\/www.wonenaandecotedazur.nl\/nl\/wp-json\/wp\/v2\/product_brand?post=3299882"},{"taxonomy":"product_cat","embeddable":true,"href":"https:\/\/www.wonenaandecotedazur.nl\/nl\/wp-json\/wp\/v2\/product_cat?post=3299882"},{"taxonomy":"product_tag","embeddable":true,"href":"https:\/\/www.wonenaandecotedazur.nl\/nl\/wp-json\/wp\/v2\/product_tag?post=3299882"}],"curies":[{"name":"wp","href":"https:\/\/api.w.org\/{rel}","templated":true}]}}