{"id":3299885,"date":"2025-12-04T15:22:51","date_gmt":"2025-12-04T14:22:51","guid":{"rendered":"https:\/\/www.wonenaandecotedazur.nl\/luxury-real-estate\/nieuwbouwresidentie-in-eze-cip-903-2\/"},"modified":"2026-05-01T21:34:29","modified_gmt":"2026-05-01T19:34:29","slug":"nieuwbouwresidentie-in-eze-cip-903-2","status":"publish","type":"product","link":"https:\/\/www.wonenaandecotedazur.nl\/nl\/luxury-real-estate\/nieuwbouwresidentie-in-eze-cip-903-2\/","title":{"rendered":"Nieuwbouwresidentie in \u00c8ze &#8211; CIP-903"},"content":{"rendered":"<p>Een bevoorrechte ligging<\/p>\n<p>Welkom bij de nieuwbouwresidentie in \u00c8ze, een verborgen parel hoog boven de Middellandse Zee tussen Nice en Monaco. Gelegen op majestueuze hoogten, omarmt deze residentie de zintuigen met een onvergetelijk mediterrane sfeer en een rustgevende groene omgeving \u2014 een unieke plek om thuis te komen.<\/p>\n<p>Eigentijdse, elegante architectuur<\/p>\n<p>Het project telt 22 stijlvolle woningen, van comfortabele 2-kamerappartementen tot ruime 5-kamer\u00adunits. De moderne en verfijnde architectuur sluit naadloos aan op het ruige reli\u00ebf van de streek. De gebouwen zijn zo ontworpen dat ze harmoni\u00ebren met het landschap en bieden \u2014 grotendeels op het zuiden geori\u00ebnteerd \u2014 vanuit de meeste vertrekken schitterende zeezichten.<\/p>\n<p>Een betoverende buitenruimte<\/p>\n<p>Elke woning heeft zijn eigen buitenruimte: van intieme tuinen tot ruime terrassen, ideaal om te genieten van het milde klimaat. De residentie is omgeven door een terrasvormige, landschappelijke tuin die elegant de helling volgt. Bovenaan het project verrijzen bovendien twee prestigieuze daktvilla\u2019s met priv\u00e9zwembad en een panoramisch uitzicht dat keer op keer versteld doet staan.<\/p>\n<p>Hoogwaardige afwerking en comfort<\/p>\n<p>Voorzieningen zoals ondergrondse parkeergarages garanderen veiligheid en comfort. De hoogwaardige afwerkingen en doordachte indelingen cre\u00ebren een woonervaring waar luxe en natuur elkaar perfect ontmoeten.<\/p>\n<p>Wonen aan de C\u00f4te d&#8217;Azur \u2014 VEFA-expertise en extra voordelen<\/p>\n<p>Wonen aan de C\u00f4te d&#8217;Azur is gespecialiseerd in VEFA-nieuwbouwprojecten (koop in de staat van voltooiing). Als koper profiteert u van extra voordelen: een 10-jarige garantie op de constructie, lagere notariskosten en de mogelijkheid om de indeling en afwerking naar wens aan te passen v\u00f3\u00f3r de start van de bouw. Zo cre\u00ebert u echt een thuis dat bij uw levensstijl past.<\/p>\n<p>Een uniek levensgevoel<\/p>\n<p>Deze residentie in \u00c8ze is meer dan een woning: het is een uitnodiging tot een zorgeloos en verfijnd leven aan de C\u00f4te d&#8217;Azur, waar elke dag begint met een adembenemend uitzicht en de rust van zee en natuur. Interesse? Neem contact op met Wonen aan de C\u00f4te d&#8217;Azur voor meer informatie en om uw persoonlijke bezoek of afwerkingsopties te bespreken.<\/p>\n<p>&nbsp;<\/p>\n","protected":false},"excerpt":{"rendered":"<p>Een bevoorrechte ligging Welkom bij de nieuwbouwresidentie in \u00c8ze, een verborgen parel hoog boven de Middellandse Zee tussen Nice en Monaco. Gelegen op majestueuze hoogten, omarmt deze residentie de zintuigen met een onvergetelijk mediterrane sfeer en een rustgevende groene omgeving \u2014 een unieke plek om thuis te komen. Eigentijdse, elegante architectuur Het project telt 22 [&hellip;]<\/p>\n","protected":false},"author":2,"featured_media":3296113,"template":"","meta":{"_acf_changed":false},"product_brand":[],"product_cat":[5678],"product_tag":[],"class_list":{"0":"post-3299885","1":"product","2":"type-product","3":"status-publish","4":"has-post-thumbnail","6":"product_cat-appartement","7":"pa_city-eze-nl","8":"pa_country-frankrijk","9":"pa_region-monaco-nl","10":"pa_region-nice-nl","11":"pa_type-of-construction-nieuwbouw","13":"first","14":"instock","15":"product-type-simple"},"acf":[],"_links":{"self":[{"href":"https:\/\/www.wonenaandecotedazur.nl\/nl\/wp-json\/wp\/v2\/product\/3299885","targetHints":{"allow":["GET"]}}],"collection":[{"href":"https:\/\/www.wonenaandecotedazur.nl\/nl\/wp-json\/wp\/v2\/product"}],"about":[{"href":"https:\/\/www.wonenaandecotedazur.nl\/nl\/wp-json\/wp\/v2\/types\/product"}],"author":[{"embeddable":true,"href":"https:\/\/www.wonenaandecotedazur.nl\/nl\/wp-json\/wp\/v2\/users\/2"}],"wp:featuredmedia":[{"embeddable":true,"href":"https:\/\/www.wonenaandecotedazur.nl\/nl\/wp-json\/"}],"wp:attachment":[{"href":"https:\/\/www.wonenaandecotedazur.nl\/nl\/wp-json\/wp\/v2\/media?parent=3299885"}],"wp:term":[{"taxonomy":"product_brand","embeddable":true,"href":"https:\/\/www.wonenaandecotedazur.nl\/nl\/wp-json\/wp\/v2\/product_brand?post=3299885"},{"taxonomy":"product_cat","embeddable":true,"href":"https:\/\/www.wonenaandecotedazur.nl\/nl\/wp-json\/wp\/v2\/product_cat?post=3299885"},{"taxonomy":"product_tag","embeddable":true,"href":"https:\/\/www.wonenaandecotedazur.nl\/nl\/wp-json\/wp\/v2\/product_tag?post=3299885"}],"curies":[{"name":"wp","href":"https:\/\/api.w.org\/{rel}","templated":true}]}}