{"id":3299891,"date":"2025-12-04T15:23:00","date_gmt":"2025-12-04T14:23:00","guid":{"rendered":"https:\/\/www.wonenaandecotedazur.nl\/luxury-real-estate\/nieuwbouwproject-in-chateauneuf%e2%80%91de%e2%80%91grasse-cip%e2%80%91876\/"},"modified":"2026-05-01T21:33:47","modified_gmt":"2026-05-01T19:33:47","slug":"nieuwbouwproject-in-chateauneuf-de-grasse-cip-876-2","status":"publish","type":"product","link":"https:\/\/www.wonenaandecotedazur.nl\/nl\/luxury-real-estate\/nieuwbouwproject-in-chateauneuf-de-grasse-cip-876-2\/","title":{"rendered":"Nieuwbouwproject in Ch\u00e2teauneuf\u2011de\u2011Grasse &#8211; CIP\u2011876"},"content":{"rendered":"<p>Een historische en verfijnde locatie<br \/>\nDeze nieuwbouwadres, hartje Ch\u00e2teauneuf\u2011de\u2011Grasse, biedt een unieke kans om te wonen in een stad die staat vermeld op de inventaris van historische plaatsen van de Alpes\u2011Maritimes. Het dorp, hoog op een heuvel gelegen, kijkt uit over het omliggende platteland met in de verte een weids, panoramisch uitzicht richting de baai van Cannes.<\/p>\n<p>Authentiek Proven\u00e7aals leven<br \/>\nCh\u00e2teauneuf\u2011de\u2011Grasse is een charmant, kleinschalig dorp met karakter: platanen, vijgenbomen en intieme bosjes bepalen het uitzicht. De lokale architectuur ademt Proven\u00e7aalse sfeer en geschiedenis. Dit project ligt op de vlaktes, pal tegenover de Golf van La Grande Bastide, in een geliefde buurt die bekendstaat om zijn groene, rustige omgeving. Omringd door weelderige tuinen vormt het een oase van rust en privacy.<\/p>\n<p>Moderne, ingetogen architectuur<br \/>\nDe residentie onderscheidt zich door een hedendaagse, stijlvolle uitstraling en een intieme schaal met slechts twee bouwlagen. Elk appartement geniet een optimale ori\u00ebntatie en een eigen buitenruimte \u2014 van ruime terrassen tot priv\u00e9tuinen \u2014 zodat buitenleven moeiteloos deel wordt van uw dagelijkse comfort. Een fraai zwembad maakt het geheel compleet en nodigt uit tot ontspannen momenten. Het grootste pluspunt: schitterende vergezichten over de golfbaan en de omliggende natuur.<\/p>\n<p>Appartementsaanbod van hoge kwaliteit<br \/>\nHet aanbod bestaat uit 2- tot 5\u2011kamerappartementen, elk met een zorgvuldige indeling en veel natuurlijk licht. De aandacht voor detail en hoogwaardige afwerking garanderen een uitzonderlijk wooncomfort, met materialen en voorzieningen die comfort en elegantie combineren.<\/p>\n<p>De voordelen van kopen in VEFA<br \/>\nWonen aan de C\u00f4te d&#8217;Azur, specialist in VEFA\u2011nieuwbouw, begeleidt u bij dit project. Kiezen voor VEFA betekent bijkomende voordelen: u krijgt een 10\u2011jarige bouwgarantie, lagere notariskosten en de mogelijkheid om de indeling en afwerking aan te passen v\u00f3\u00f3r aanvang van de bouw. Zo cre\u00ebert u een woning die perfect aansluit op uw wensen en levensstijl.<\/p>\n<p>Een unieke adresse met levenskwaliteit<br \/>\nSamengevat biedt dit nieuwbouwproject in de vlaktes van Ch\u00e2teauneuf\u2011de\u2011Grasse een bijzondere kans om te wonen in een stad met een uitzonderlijk patrimonium. Deze hedendaagse residentie combineert Proven\u00e7aalse charme met moderne gemakken: doordachte appartementen, hoogwaardige afwerking en een vredige, groene omgeving. Een ideale plek voor wie zoekt naar rust, elegantie en een levenskwaliteit aan de C\u00f4te d&#8217;Azur.<\/p>\n<p>&nbsp;<\/p>\n","protected":false},"excerpt":{"rendered":"<p>Een historische en verfijnde locatie Deze nieuwbouwadres, hartje Ch\u00e2teauneuf\u2011de\u2011Grasse, biedt een unieke kans om te wonen in een stad die staat vermeld op de inventaris van historische plaatsen van de Alpes\u2011Maritimes. Het dorp, hoog op een heuvel gelegen, kijkt uit over het omliggende platteland met in de verte een weids, panoramisch uitzicht richting de baai [&hellip;]<\/p>\n","protected":false},"author":2,"featured_media":3291005,"template":"","meta":{"_acf_changed":false},"product_brand":[],"product_cat":[5678],"product_tag":[],"class_list":{"0":"post-3299891","1":"product","2":"type-product","3":"status-publish","4":"has-post-thumbnail","6":"product_cat-appartement","7":"pa_city-chateauneuf-de-grasse-nl","8":"pa_country-frankrijk","9":"pa_type-of-construction-nieuwbouw","11":"first","12":"instock","13":"product-type-simple"},"acf":[],"_links":{"self":[{"href":"https:\/\/www.wonenaandecotedazur.nl\/nl\/wp-json\/wp\/v2\/product\/3299891","targetHints":{"allow":["GET"]}}],"collection":[{"href":"https:\/\/www.wonenaandecotedazur.nl\/nl\/wp-json\/wp\/v2\/product"}],"about":[{"href":"https:\/\/www.wonenaandecotedazur.nl\/nl\/wp-json\/wp\/v2\/types\/product"}],"author":[{"embeddable":true,"href":"https:\/\/www.wonenaandecotedazur.nl\/nl\/wp-json\/wp\/v2\/users\/2"}],"wp:featuredmedia":[{"embeddable":true,"href":"https:\/\/www.wonenaandecotedazur.nl\/nl\/wp-json\/"}],"wp:attachment":[{"href":"https:\/\/www.wonenaandecotedazur.nl\/nl\/wp-json\/wp\/v2\/media?parent=3299891"}],"wp:term":[{"taxonomy":"product_brand","embeddable":true,"href":"https:\/\/www.wonenaandecotedazur.nl\/nl\/wp-json\/wp\/v2\/product_brand?post=3299891"},{"taxonomy":"product_cat","embeddable":true,"href":"https:\/\/www.wonenaandecotedazur.nl\/nl\/wp-json\/wp\/v2\/product_cat?post=3299891"},{"taxonomy":"product_tag","embeddable":true,"href":"https:\/\/www.wonenaandecotedazur.nl\/nl\/wp-json\/wp\/v2\/product_tag?post=3299891"}],"curies":[{"name":"wp","href":"https:\/\/api.w.org\/{rel}","templated":true}]}}