{"id":3299894,"date":"2025-12-04T15:23:10","date_gmt":"2025-12-04T14:23:10","guid":{"rendered":"https:\/\/www.wonenaandecotedazur.nl\/luxury-real-estate\/nieuwbouwproject-in-chateauneuf-de-grasse-cip-876\/"},"modified":"2026-05-01T21:33:48","modified_gmt":"2026-05-01T19:33:48","slug":"nieuwbouwproject-in-chateauneuf-de-grasse-cip-876","status":"publish","type":"product","link":"https:\/\/www.wonenaandecotedazur.nl\/nl\/luxury-real-estate\/nieuwbouwproject-in-chateauneuf-de-grasse-cip-876\/","title":{"rendered":"Nieuwbouwproject in Ch\u00e2teauneuf de Grasse &#8211; CIP-876"},"content":{"rendered":"<p>Een historische stad<br \/>\nDeze nieuwe woonlocatie in het hart van Ch\u00e2teauneuf de Grasse biedt directe toegang tot een erfgoed dat opgenomen is op de inventaris van historische sites van de Alpes-Maritimes. Het dorp, hoog boven de omliggende valleien gelegen, kijkt uit over het landschap en biedt ophelderende vergezichten tot aan de baai van Cannes.<\/p>\n<p>Een authentieke sfeer<br \/>\nCh\u00e2teauneuf de Grasse is een charmant, atypisch stadje dat wordt gekenmerkt door bosjes, platanen en vijgenbomen. De lokale architectuur ademt Proven\u00e7aalse traditie en geschiedenis. Dit nieuwbouwproject ligt op de vlaktes, pal tegenover de Golf van La Grande Bastide, in een gewilde wijk die bekendstaat om zijn groene, rustige omgeving. Omgeven door weelderige tuinen vormt deze nieuwe adressering een vredige en beschermde leefomgeving.<\/p>\n<p>Moderne, ingetogen architectuur<br \/>\nDe residentie onderscheidt zich door een hedendaagse, kleinschalige architectuur van slechts twee verdiepingen. Elk appartement geniet van een optimale ori\u00ebntatie en een eigen buitenruimte, van terras tot priv\u00e9-tuin, zodat u het buitenleven het hele jaar door kunt verlengen. Een uitnodigend zwembad vervolledigt het geheel en zorgt voor ontspanningsmomenten in alle rust. Het onbetwistbare pluspunt is het uitzonderlijke uitzicht over de golfbaan en het omliggende groen.<\/p>\n<p>Kwalitatieve appartementen<br \/>\nDe 2- tot 5-kamerappartementen zijn doordacht ingedeeld en baden in natuurlijk licht. De aandacht voor ontwerp en afwerking is merkbaar tot in de kleinste details: zorgvuldig geselecteerde materialen en hoogwaardige afwerkingen garanderen een uitzonderlijk wooncomfort.<\/p>\n<p>Leven in een uitzonderlijke omgeving \u2014 met voordelen<br \/>\nKortom, dit nieuwbouwproject in de vlaktes van Ch\u00e2teauneuf de Grasse biedt een unieke kans om te wonen in een stad met een uitzonderlijk erfgoed, waar Proven\u00e7aalse charme en moderne gemakken elkaar ontmoeten. Wonen aan de C\u00f4te d&#8217;Azur is gespecialiseerd in VEFA-nieuwbouw en begeleidt u stap voor stap: u profiteert van een 10-jarige bouwgarantie, lagere notariskosten en de mogelijkheid om indeling en afwerking aan te passen voordat de bouw start. Een zeldzame combinatie van stijl, rust en zekerheid in een beschermde, groene omgeving.<\/p>\n<p>&nbsp;<\/p>\n","protected":false},"excerpt":{"rendered":"<p>Een historische stad Deze nieuwe woonlocatie in het hart van Ch\u00e2teauneuf de Grasse biedt directe toegang tot een erfgoed dat opgenomen is op de inventaris van historische sites van de Alpes-Maritimes. Het dorp, hoog boven de omliggende valleien gelegen, kijkt uit over het landschap en biedt ophelderende vergezichten tot aan de baai van Cannes. Een [&hellip;]<\/p>\n","protected":false},"author":2,"featured_media":3291912,"template":"","meta":{"_acf_changed":false},"product_brand":[],"product_cat":[5678],"product_tag":[],"class_list":{"0":"post-3299894","1":"product","2":"type-product","3":"status-publish","4":"has-post-thumbnail","6":"product_cat-appartement","7":"pa_city-chateauneuf-de-grasse-nl","8":"pa_country-frankrijk","9":"pa_type-of-construction-nieuwbouw","11":"first","12":"instock","13":"product-type-simple"},"acf":[],"_links":{"self":[{"href":"https:\/\/www.wonenaandecotedazur.nl\/nl\/wp-json\/wp\/v2\/product\/3299894","targetHints":{"allow":["GET"]}}],"collection":[{"href":"https:\/\/www.wonenaandecotedazur.nl\/nl\/wp-json\/wp\/v2\/product"}],"about":[{"href":"https:\/\/www.wonenaandecotedazur.nl\/nl\/wp-json\/wp\/v2\/types\/product"}],"author":[{"embeddable":true,"href":"https:\/\/www.wonenaandecotedazur.nl\/nl\/wp-json\/wp\/v2\/users\/2"}],"wp:featuredmedia":[{"embeddable":true,"href":"https:\/\/www.wonenaandecotedazur.nl\/nl\/wp-json\/"}],"wp:attachment":[{"href":"https:\/\/www.wonenaandecotedazur.nl\/nl\/wp-json\/wp\/v2\/media?parent=3299894"}],"wp:term":[{"taxonomy":"product_brand","embeddable":true,"href":"https:\/\/www.wonenaandecotedazur.nl\/nl\/wp-json\/wp\/v2\/product_brand?post=3299894"},{"taxonomy":"product_cat","embeddable":true,"href":"https:\/\/www.wonenaandecotedazur.nl\/nl\/wp-json\/wp\/v2\/product_cat?post=3299894"},{"taxonomy":"product_tag","embeddable":true,"href":"https:\/\/www.wonenaandecotedazur.nl\/nl\/wp-json\/wp\/v2\/product_tag?post=3299894"}],"curies":[{"name":"wp","href":"https:\/\/api.w.org\/{rel}","templated":true}]}}