{"id":3299904,"date":"2025-12-04T15:23:29","date_gmt":"2025-12-04T14:23:29","guid":{"rendered":"https:\/\/www.wonenaandecotedazur.nl\/luxury-real-estate\/nieuwbouwproject-in-nice-ouest-cip-901\/"},"modified":"2026-05-01T21:34:02","modified_gmt":"2026-05-01T19:34:02","slug":"nieuwbouwproject-in-nice-ouest-cip-901","status":"publish","type":"product","link":"https:\/\/www.wonenaandecotedazur.nl\/nl\/luxury-real-estate\/nieuwbouwproject-in-nice-ouest-cip-901\/","title":{"rendered":"Nieuwbouwproject in Nice Ouest \u2013 CIP-901"},"content":{"rendered":"<p>Ontdek uw luxeresidentie in een innovatief en duurzaam stadsdeel<\/p>\n<p>Ervaar het beste van Nice Ouest met dit verfijnde nieuwbouwproject, gelegen in het snel opkomende \u00e9coquartier. Het gebouw, ontworpen door de gerenommeerde architect Sou Fujimoto, combineert futuristische elegantie met duurzame kwaliteit. De residentie rijst zeventien verdiepingen hoog op en kijkt uit over de Place M\u00e9tropolitaine, lokale winkels en de tramhalte.<\/p>\n<p>Prestigieuze appartementen met karakter<\/p>\n<p>Kies uit stijlvolle 2- tot 4-kamerappartementen, elk afgewerkt met hoogwaardige materialen, royale terrassen en adembenemende vergezichten. Of u nu verlangt naar uitzicht over de Plaine du Var, de stad Nice of de Middellandse Zee, hier vindt u een woning die uw zintuigen prikkelt.<\/p>\n<p>Duurzaamheid als leidraad<\/p>\n<p>Dit project zet duurzaamheid centraal. Met vooruitstrevende energieprestaties en maatregelen om de CO2-uitstoot te minimaliseren, voldoet de residentie aan de strengste milieunormen. Zo investeert u in een toekomstbestendige woning die zowel comfort als milieubewustzijn uitstraalt.<\/p>\n<p>Een strategische locatie<\/p>\n<p>Gelegen in het hart van het technopark Nice \u00c9co-Vall\u00e9e, geniet u van uitstekende verbindingen. Tramlijn 3 stopt bij M\u00e9ridia aan de voet van het gebouw, er zijn tal van winkels en diensten op loopafstand, en snelle toegang tot belangrijke verkeersaders zoals de A8 en de RM 6202.<\/p>\n<p>Leven tussen hemel en zee<\/p>\n<p>De appartementen zijn ontworpen voor een licht, ruimtelijk leven tussen stad en kust. Bewoners hebben toegang tot een fitnessruimte en een royale gedeelde dakterras van 150 m\u00b2 met uitzicht op de Place M\u00e9tropolitaine en de Cours M\u00e9ridia. Hoogwaardige afwerking, bioclimatische ontwerpprincipes en slimme domotica maken het wonen hier luxueus en comfortabel.<\/p>\n<p>Slim verbonden en uiterst bereikbaar<\/p>\n<p>Dankzij de centrale ligging bent u binnen 10 minuten per tram bij de luchthaven Nice C\u00f4te d&#8217;Azur, bereikt u de stranden binnen 10 minuten met de auto en bent u in 15 minuten per tram in het centrum en bij het station van Nice. Beleef het elegante, moderne en verantwoordelijke woonklimaat van Nice Ouest.<\/p>\n<p>Wonen aan de C\u00f4te d&#8217;Azur \u2013 VEFA-specialist met extra voordelen<\/p>\n<p>Wonen aan de C\u00f4te d&#8217;Azur is gespecialiseerd in VEFA-nieuwbouwprojecten (verkoop in de staat van voltooiing). Bij aankoop profiteert u van extra zekerheden en voordelen: een 10-jarige constructiegarantie, lagere notariskosten en de mogelijkheid om indeling en afwerking aan te passen voordat de bouw start. Een ideale kans om uw droomhuis op maat te realiseren aan de C\u00f4te d&#8217;Azur.<\/p>\n<p>&nbsp;<\/p>\n","protected":false},"excerpt":{"rendered":"<p>Ontdek uw luxeresidentie in een innovatief en duurzaam stadsdeel Ervaar het beste van Nice Ouest met dit verfijnde nieuwbouwproject, gelegen in het snel opkomende \u00e9coquartier. Het gebouw, ontworpen door de gerenommeerde architect Sou Fujimoto, combineert futuristische elegantie met duurzame kwaliteit. De residentie rijst zeventien verdiepingen hoog op en kijkt uit over de Place M\u00e9tropolitaine, lokale [&hellip;]<\/p>\n","protected":false},"author":2,"featured_media":3282898,"template":"","meta":{"_acf_changed":false},"product_brand":[],"product_cat":[5678],"product_tag":[],"class_list":{"0":"post-3299904","1":"product","2":"type-product","3":"status-publish","4":"has-post-thumbnail","6":"product_cat-appartement","7":"pa_city-nice-nl","8":"pa_country-frankrijk","9":"pa_region-nice-nl","10":"pa_type-of-construction-nieuwbouw","12":"first","13":"instock","14":"product-type-simple"},"acf":[],"_links":{"self":[{"href":"https:\/\/www.wonenaandecotedazur.nl\/nl\/wp-json\/wp\/v2\/product\/3299904","targetHints":{"allow":["GET"]}}],"collection":[{"href":"https:\/\/www.wonenaandecotedazur.nl\/nl\/wp-json\/wp\/v2\/product"}],"about":[{"href":"https:\/\/www.wonenaandecotedazur.nl\/nl\/wp-json\/wp\/v2\/types\/product"}],"author":[{"embeddable":true,"href":"https:\/\/www.wonenaandecotedazur.nl\/nl\/wp-json\/wp\/v2\/users\/2"}],"wp:featuredmedia":[{"embeddable":true,"href":"https:\/\/www.wonenaandecotedazur.nl\/nl\/wp-json\/"}],"wp:attachment":[{"href":"https:\/\/www.wonenaandecotedazur.nl\/nl\/wp-json\/wp\/v2\/media?parent=3299904"}],"wp:term":[{"taxonomy":"product_brand","embeddable":true,"href":"https:\/\/www.wonenaandecotedazur.nl\/nl\/wp-json\/wp\/v2\/product_brand?post=3299904"},{"taxonomy":"product_cat","embeddable":true,"href":"https:\/\/www.wonenaandecotedazur.nl\/nl\/wp-json\/wp\/v2\/product_cat?post=3299904"},{"taxonomy":"product_tag","embeddable":true,"href":"https:\/\/www.wonenaandecotedazur.nl\/nl\/wp-json\/wp\/v2\/product_tag?post=3299904"}],"curies":[{"name":"wp","href":"https:\/\/api.w.org\/{rel}","templated":true}]}}