{"id":3299919,"date":"2025-12-04T15:23:54","date_gmt":"2025-12-04T14:23:54","guid":{"rendered":"https:\/\/www.wonenaandecotedazur.nl\/luxury-real-estate\/nieuwe-residentie-in-saint-andre-de-la-roche-cip-934\/"},"modified":"2026-05-01T21:35:12","modified_gmt":"2026-05-01T19:35:12","slug":"nieuwe-residentie-in-saint-andre-de-la-roche-cip-934","status":"publish","type":"product","link":"https:\/\/www.wonenaandecotedazur.nl\/nl\/luxury-real-estate\/nieuwe-residentie-in-saint-andre-de-la-roche-cip-934\/","title":{"rendered":"Nieuwe residentie in Saint-Andr\u00e9-de-la-Roche \u2013 CIP-934"},"content":{"rendered":"<p>Een uitzonderlijke manier van leven in Saint-Andr\u00e9-de-la-Roche<br \/>\nWonen aan de C\u00f4te d&#8217;Azur, gespecialiseerd in VEFA-nieuwbouw, verwelkomt u in een onge\u00ebvenaarde woonomgeving temidden van een verzorgde olijfgaard. Deze nieuwe residentie op de hoogte van Saint-Andr\u00e9-de-la-Roche biedt een unieke beleving: huizen die uitkijken over de omliggende heuvels en een sfeer van rust, ontspanning en sereniteit cre\u00ebren.<\/p>\n<p>Strategische ligging<br \/>\nIdeaal gelegen nabij Nice en Monaco, \u00e9n op korte afstand van het centrum, scholen en winkels. Deze residentie combineert de bereikbaarheid van de grote steden met de rust van een groene woonomgeving \u2014 perfect voor gezinnen die het beste van beide werelden zoeken.<\/p>\n<p>Een vredig toevluchtsoord in de natuur<br \/>\nHarmonieus ingebed in de omliggende beplanting vormt de residentie een discreet en groen toevluchtsoord. De architectuur respecteert uw privacy en sluit aan bij het bucolische decor: een stil, intiem kader voor uw toekomstige thuis.<\/p>\n<p>Appartementen voor elk levensritme<br \/>\nOntdek woningen die ontworpen zijn voor hedendaags comfort en optimale functionaliteit. De appartementen beantwoorden aan diverse levensstijlen en bieden een warme, moderne leefomgeving waarin u zich onmiddellijk thuis zult voelen.<\/p>\n<p>Betoverende buitenruimtes<br \/>\nElk appartement opent op charmante buitenruimtes \u2014 terrassen of balkons \u2014 waar u volop kunt genieten van de natuur, onvergetelijke momenten cre\u00ebert met familie en vrienden of simpelweg geniet van rustige ontspanning.<\/p>\n<p>Wonen met extra voordelen<br \/>\nMis deze kans niet om te wonen op een locatie waar levenskwaliteit primeert. Wonen aan de C\u00f4te d&#8217;Azur maakt dit nog aantrekkelijker: als specialist in VEFA-nieuwbouw profiteert u van lagere notariskosten, een 10-jarige constructiegarantie en de mogelijkheid om v\u00f3\u00f3r de start van de bouw indeling en afwerking naar uw wens aan te passen. Een zelden aangeboden combinatie van comfort, zekerheid en maatwerk \u2014 uw nieuwe leven onder de C\u00f4te d&#8217;Azur begint hier.<\/p>\n<p>&nbsp;<\/p>\n","protected":false},"excerpt":{"rendered":"<p>Een uitzonderlijke manier van leven in Saint-Andr\u00e9-de-la-Roche Wonen aan de C\u00f4te d&#8217;Azur, gespecialiseerd in VEFA-nieuwbouw, verwelkomt u in een onge\u00ebvenaarde woonomgeving temidden van een verzorgde olijfgaard. Deze nieuwe residentie op de hoogte van Saint-Andr\u00e9-de-la-Roche biedt een unieke beleving: huizen die uitkijken over de omliggende heuvels en een sfeer van rust, ontspanning en sereniteit cre\u00ebren. Strategische [&hellip;]<\/p>\n","protected":false},"author":2,"featured_media":3296578,"template":"","meta":{"_acf_changed":false},"product_brand":[],"product_cat":[5678],"product_tag":[],"class_list":{"0":"post-3299919","1":"product","2":"type-product","3":"status-publish","4":"has-post-thumbnail","6":"product_cat-appartement","7":"pa_city-saint-andre-de-la-roche-nl","8":"pa_country-frankrijk","9":"pa_region-nice-nl","10":"pa_type-of-construction-nieuwbouw","12":"first","13":"instock","14":"product-type-simple"},"acf":[],"_links":{"self":[{"href":"https:\/\/www.wonenaandecotedazur.nl\/nl\/wp-json\/wp\/v2\/product\/3299919","targetHints":{"allow":["GET"]}}],"collection":[{"href":"https:\/\/www.wonenaandecotedazur.nl\/nl\/wp-json\/wp\/v2\/product"}],"about":[{"href":"https:\/\/www.wonenaandecotedazur.nl\/nl\/wp-json\/wp\/v2\/types\/product"}],"author":[{"embeddable":true,"href":"https:\/\/www.wonenaandecotedazur.nl\/nl\/wp-json\/wp\/v2\/users\/2"}],"wp:featuredmedia":[{"embeddable":true,"href":"https:\/\/www.wonenaandecotedazur.nl\/nl\/wp-json\/"}],"wp:attachment":[{"href":"https:\/\/www.wonenaandecotedazur.nl\/nl\/wp-json\/wp\/v2\/media?parent=3299919"}],"wp:term":[{"taxonomy":"product_brand","embeddable":true,"href":"https:\/\/www.wonenaandecotedazur.nl\/nl\/wp-json\/wp\/v2\/product_brand?post=3299919"},{"taxonomy":"product_cat","embeddable":true,"href":"https:\/\/www.wonenaandecotedazur.nl\/nl\/wp-json\/wp\/v2\/product_cat?post=3299919"},{"taxonomy":"product_tag","embeddable":true,"href":"https:\/\/www.wonenaandecotedazur.nl\/nl\/wp-json\/wp\/v2\/product_tag?post=3299919"}],"curies":[{"name":"wp","href":"https:\/\/api.w.org\/{rel}","templated":true}]}}