{"id":3299923,"date":"2025-12-04T15:23:54","date_gmt":"2025-12-04T14:23:54","guid":{"rendered":"https:\/\/www.wonenaandecotedazur.nl\/luxury-real-estate\/nieuwbouw-in-saint-laurent-du-var-cip-946-2\/"},"modified":"2026-05-01T21:35:01","modified_gmt":"2026-05-01T19:35:01","slug":"nieuwbouw-in-saint-laurent-du-var-cip-946-2","status":"publish","type":"product","link":"https:\/\/www.wonenaandecotedazur.nl\/nl\/luxury-real-estate\/nieuwbouw-in-saint-laurent-du-var-cip-946-2\/","title":{"rendered":"Nieuwbouw in Saint-Laurent-du-Var \u2014 CIP-946"},"content":{"rendered":"<p>Wonen aan de C\u00f4te d&#8217;Azur, gespecialiseerd in VEFA-nieuwbouw, presenteert een elegant nieuwbouwproject vlakbij Nice, in \u00e9\u00e9n van de meest gewilde gemeenten van de Nice C\u00f4te d&#8217;Azur. Saint-Laurent-du-Var is een charmante en dynamische badplaats, geliefd om zijn gastvrijheid en de hoge levenskwaliteit voor wie er werkt en woont. Dankzij de uitstekende ligging zijn luchthaven, autosnelweg en treinstations snel bereikbaar; de geplande uitbreiding van tramlijn 4 (Nice\u2013Cagnes\u2011sur\u2011Mer) zal de verbindingen nog verder versterken.<\/p>\n<p>Een zeldzame adres in het hart van de stad: dit project combineert de rust en menselijkheid van een middelgrote stad met de rijkdom van de kust en een groeiende economische dynamiek. Met zo\u2019n 300 zonnige dagen per jaar geniet u van een unieke levenskwaliteit tussen zee en bergen.<\/p>\n<p>Het nieuwbouwwijkje ligt aan de recent aangelegde, groene voetgangersplein Square B\u00e8nes \u2014 het nieuwe kloppend hart van de gemeente. Dit plein vormt een stedelijke long met veel groen, pergola\u2019s en behoud van een karakteristieke fontein. Het plein leeft door lokale markten en evenementen en biedt zelfs een permanent carrousel voor de kleintjes: ideaal voor een levendige, gezinsvriendelijke buurt.<\/p>\n<p>De architectuur van het project valt op door de sterke integratie van groen. De hedendaagse bebouwing sluit naadloos aan op het bomenrijke plein; balkonbakken en open geperforeerde balustrades geven ruimte aan planten die de gevels verzachten. Het samenspel van natuur en moderne materialen cre\u00ebert een subtiele, verfijnde uitstraling. Op de begane grond aan de avenue du G\u00e9n\u00e9ral Leclerc komen winkels die bijdragen aan de levendigheid van de wijk.<\/p>\n<p>Wonen in Palm Square betekent wonen met comfort en flexibiliteit. Het aanbod loopt van studio\u2019s tot comfortabele vierkamerappartementen, allemaal doordacht ingedeeld voor dagelijks gebruik. Sommige twee\u00adkamerwoningen zijn evolutief en modulair, zodat de indeling kan meegroeien met uw leven. De ruime leefruimtes openen naar een open keuken voor extra gezelligheid; veel vierkamerappartementen beschikken over een master suite met eigen badkamer.<\/p>\n<p>Buitenruimtes zijn een belangrijk onderdeel van het ontwerp: de meeste slaapkamers en alle woonkamers hebben minstens \u00e9\u00e9n buitenruimte \u2014 balkon, loggia of royale terrasoppervlaktes tot 59 m\u00b2 \u2014 met vrij uitzicht op de stad, het bomenrijke plein, het bos van La Valli\u00e8re of de rustige binnentuin. Moderne uitrusting en doordachte afwerking zorgen voor comfort en welzijn voor elke bewoner.<\/p>\n<p>Kopen via Wonen aan de C\u00f4te d&#8217;Azur in VEFA biedt extra voordelen: u profiteert van een tienjarige constructiewaarborg, lagere notariskosten en de mogelijkheid om v\u00f3\u00f3r aanvang van de bouw uw indeling en afwerking aan te passen naar uw smaak. Een uitstekende kans om uw ideale woning aan de C\u00f4te d&#8217;Azur te realiseren \u2014 comfortabel, stijlvol en op maat.<\/p>\n<p>&nbsp;<\/p>\n","protected":false},"excerpt":{"rendered":"<p>Wonen aan de C\u00f4te d&#8217;Azur, gespecialiseerd in VEFA-nieuwbouw, presenteert een elegant nieuwbouwproject vlakbij Nice, in \u00e9\u00e9n van de meest gewilde gemeenten van de Nice C\u00f4te d&#8217;Azur. Saint-Laurent-du-Var is een charmante en dynamische badplaats, geliefd om zijn gastvrijheid en de hoge levenskwaliteit voor wie er werkt en woont. Dankzij de uitstekende ligging zijn luchthaven, autosnelweg en [&hellip;]<\/p>\n","protected":false},"author":2,"featured_media":3284098,"template":"","meta":{"_acf_changed":false},"product_brand":[],"product_cat":[5678],"product_tag":[],"class_list":{"0":"post-3299923","1":"product","2":"type-product","3":"status-publish","4":"has-post-thumbnail","6":"product_cat-appartement","7":"pa_city-saint-laurent-du-var-nl","8":"pa_country-frankrijk","9":"pa_region-nice-nl","10":"pa_type-of-construction-nieuwbouw","12":"first","13":"instock","14":"product-type-simple"},"acf":[],"_links":{"self":[{"href":"https:\/\/www.wonenaandecotedazur.nl\/nl\/wp-json\/wp\/v2\/product\/3299923","targetHints":{"allow":["GET"]}}],"collection":[{"href":"https:\/\/www.wonenaandecotedazur.nl\/nl\/wp-json\/wp\/v2\/product"}],"about":[{"href":"https:\/\/www.wonenaandecotedazur.nl\/nl\/wp-json\/wp\/v2\/types\/product"}],"author":[{"embeddable":true,"href":"https:\/\/www.wonenaandecotedazur.nl\/nl\/wp-json\/wp\/v2\/users\/2"}],"wp:featuredmedia":[{"embeddable":true,"href":"https:\/\/www.wonenaandecotedazur.nl\/nl\/wp-json\/"}],"wp:attachment":[{"href":"https:\/\/www.wonenaandecotedazur.nl\/nl\/wp-json\/wp\/v2\/media?parent=3299923"}],"wp:term":[{"taxonomy":"product_brand","embeddable":true,"href":"https:\/\/www.wonenaandecotedazur.nl\/nl\/wp-json\/wp\/v2\/product_brand?post=3299923"},{"taxonomy":"product_cat","embeddable":true,"href":"https:\/\/www.wonenaandecotedazur.nl\/nl\/wp-json\/wp\/v2\/product_cat?post=3299923"},{"taxonomy":"product_tag","embeddable":true,"href":"https:\/\/www.wonenaandecotedazur.nl\/nl\/wp-json\/wp\/v2\/product_tag?post=3299923"}],"curies":[{"name":"wp","href":"https:\/\/api.w.org\/{rel}","templated":true}]}}