{"id":3299924,"date":"2025-12-04T15:24:03","date_gmt":"2025-12-04T14:24:03","guid":{"rendered":"https:\/\/www.wonenaandecotedazur.nl\/luxury-real-estate\/nieuwbouwproject-in-cogolin-cip-982\/"},"modified":"2026-05-01T21:35:50","modified_gmt":"2026-05-01T19:35:50","slug":"nieuwbouwproject-in-cogolin-cip-982","status":"publish","type":"product","link":"https:\/\/www.wonenaandecotedazur.nl\/nl\/luxury-real-estate\/nieuwbouwproject-in-cogolin-cip-982\/","title":{"rendered":"Nieuwbouwproject in Cogolin &#8211; CIP-982"},"content":{"rendered":"<p>Wonen in het hart van het groene \u00c9crin Vert des Coustelines in Cogolin<\/p>\n<p>Een uitzonderlijk nieuwbouwproject<br \/>\nOntdek dit exclusieve nieuwbouwproject van 76 woningen in de rustige, groene wijk Les Coustelines in Cogolin. Van slimme studio&#8217;s tot ruime 4-kamer duplexen \u2014 veel units beschikken over een priv\u00e9terras of tuin en er is een verzorgd gemeenschappelijk zwembad om heerlijk te ontspannen. Wonen aan de C\u00f4te d&#8217;Azur, gespecialiseerd in VEFA-nieuwbouwprojecten, begeleidt u bij een zorgeloze aankoop aan de Franse Rivi\u00e8ra.<\/p>\n<p>Strategische ligging<br \/>\nGelegen in het charmante Cogolin (departement Var) in de regio Provence-Alpes-C\u00f4te d&#8217;Azur, biedt dit project een ideale locatie tussen de wereldberoemde badplaatsen Saint-Tropez en Sainte-Maxime. Geniet van de exclusieve levensstijl van de C\u00f4te d&#8217;Azur, terwijl alle faciliteiten binnen handbereik zijn.<\/p>\n<p>Een groene en serene buurt<br \/>\nLes Coustelines staat bekend om zijn rustige, residenti\u00eble sfeer en weelderige begroeiing. Hier woont u in een vriendelijke community, omringd door natuurlijke schoonheid, met alle dagelijkse voorzieningen dicht in de buurt \u2014 perfect voor wie rust zoekt zonder in te leveren op comfort.<\/p>\n<p>Proven\u00e7aalse charme en kwaliteit<br \/>\nDe architectuur ademt Proven\u00e7aalse elegantie: verfijnde lijnen, warme materialen en authentieke details die harmonieus aansluiten op het mediterrane landschap. De afwerking en het ontwerp cre\u00ebren een warme, uitnodigende woonomgeving.<\/p>\n<p>Terrassen, tuinen en buitenleven<br \/>\nDe woningen zijn ontworpen met aantrekkelijke buitenruimtes: zonnige terrassen en priv\u00e9-tuinen waar u kunt ontspannen, dineren of gasten ontvangen en volop van het Zuid-Franse klimaat kunt genieten.<\/p>\n<p>Flexibiliteit en zekerheden bij aankoop<br \/>\nKiezen voor een VEFA-woning via Wonen aan de C\u00f4te d&#8217;Azur betekent ook concrete voordelen: u profiteert van een 10-jarige constructiegarantie, lagere notariskosten en de mogelijkheid om indeling en afwerking aan te passen voordat de bouw begint \u2014 zo krijgt u een woning die precies bij uw wensen past.<\/p>\n<p>Mis deze kans niet<br \/>\nDit project combineert een groene, vredige woonomgeving, Proven\u00e7aalse charme, uitnodigende buitenruimtes en een zwembad \u2014 de ideale gelegenheid om te wonen of te investeren tussen Saint-Tropez en Sainte-Maxime. Neem vandaag nog contact op om meer te ontdekken en uw voorkeuren vast te leggen.<\/p>\n<p>&nbsp;<\/p>\n","protected":false},"excerpt":{"rendered":"<p>Wonen in het hart van het groene \u00c9crin Vert des Coustelines in Cogolin Een uitzonderlijk nieuwbouwproject Ontdek dit exclusieve nieuwbouwproject van 76 woningen in de rustige, groene wijk Les Coustelines in Cogolin. Van slimme studio&#8217;s tot ruime 4-kamer duplexen \u2014 veel units beschikken over een priv\u00e9terras of tuin en er is een verzorgd gemeenschappelijk zwembad [&hellip;]<\/p>\n","protected":false},"author":2,"featured_media":3281968,"template":"","meta":{"_acf_changed":false},"product_brand":[],"product_cat":[5678],"product_tag":[],"class_list":{"0":"post-3299924","1":"product","2":"type-product","3":"status-publish","4":"has-post-thumbnail","6":"product_cat-appartement","7":"pa_city-cogolin-nl","8":"pa_country-frankrijk","9":"pa_region-saint-tropez-nl","10":"pa_type-of-construction-nieuwbouw","12":"first","13":"instock","14":"product-type-simple"},"acf":[],"_links":{"self":[{"href":"https:\/\/www.wonenaandecotedazur.nl\/nl\/wp-json\/wp\/v2\/product\/3299924","targetHints":{"allow":["GET"]}}],"collection":[{"href":"https:\/\/www.wonenaandecotedazur.nl\/nl\/wp-json\/wp\/v2\/product"}],"about":[{"href":"https:\/\/www.wonenaandecotedazur.nl\/nl\/wp-json\/wp\/v2\/types\/product"}],"author":[{"embeddable":true,"href":"https:\/\/www.wonenaandecotedazur.nl\/nl\/wp-json\/wp\/v2\/users\/2"}],"wp:featuredmedia":[{"embeddable":true,"href":"https:\/\/www.wonenaandecotedazur.nl\/nl\/wp-json\/"}],"wp:attachment":[{"href":"https:\/\/www.wonenaandecotedazur.nl\/nl\/wp-json\/wp\/v2\/media?parent=3299924"}],"wp:term":[{"taxonomy":"product_brand","embeddable":true,"href":"https:\/\/www.wonenaandecotedazur.nl\/nl\/wp-json\/wp\/v2\/product_brand?post=3299924"},{"taxonomy":"product_cat","embeddable":true,"href":"https:\/\/www.wonenaandecotedazur.nl\/nl\/wp-json\/wp\/v2\/product_cat?post=3299924"},{"taxonomy":"product_tag","embeddable":true,"href":"https:\/\/www.wonenaandecotedazur.nl\/nl\/wp-json\/wp\/v2\/product_tag?post=3299924"}],"curies":[{"name":"wp","href":"https:\/\/api.w.org\/{rel}","templated":true}]}}