{"id":3299930,"date":"2025-12-04T15:24:12","date_gmt":"2025-12-04T14:24:12","guid":{"rendered":"https:\/\/www.wonenaandecotedazur.nl\/luxury-real-estate\/nieuwe-residentie-in-grasse-cip-981\/"},"modified":"2026-05-01T21:35:45","modified_gmt":"2026-05-01T19:35:45","slug":"nieuwe-residentie-in-grasse-cip-981","status":"publish","type":"product","link":"https:\/\/www.wonenaandecotedazur.nl\/nl\/luxury-real-estate\/nieuwe-residentie-in-grasse-cip-981\/","title":{"rendered":"Nieuwe residentie in Grasse &#8211; CIP-981"},"content":{"rendered":"<p>In aanmerking voor verlaagd btw-tarief*! <\/p>\n<p>DE PARFUMHOOFDSTAD TUSSEN ALPEN EN MIDDELLANDSE ZEE<br \/>\nGrasse, gelegen tussen de majestueuze Alpen en de glinsterende Middellandse Zee, staat wereldwijd bekend als de hoofdstad van de parfumerie. Een zonovergoten leefomgeving met charmante bezienswaardigheden en een ontspannen zuidelijke levensstijl.<\/p>\n<p>DE STAD DER DUIZEND GEUREN<br \/>\nOp 350 meter hoogte bieden de heuvels van Grasse uitgestrekte vlaktes die geuren van rozen, jasmijn en olijfbomen verspreiden. Deze historische middeleeuwse stad ademt vakmanschap en traditie en is synoniem met de wereld van parfums.<\/p>\n<p>EEN AUTHENTIEKE PROVEN\u00c7AALSE SFEER<br \/>\nGrasse betovert met warme Proven\u00e7aalse kleuren, schilderachtige pleinen, smalle straatjes en gerestaureerde trappen en arcades uit de 17e en 18e eeuw. In een groene omgeving van bergen, grotten en bossen, ligt de kust op slechts een paar kilometer \u2014 het beste van land en zee binnen handbereik.<\/p>\n<p>NIEUWBOUWRESIDENTIE DICHTBIJ ALLE VOORZIENINGEN<br \/>\nOntdek onze exclusieve nieuwbouwresidentie in Grasse. Gelegen in een rustige, residenti\u00eble wijk op enkele minuten van winkels en voorzieningen, bestaat het project uit 26 appartementen (van 2 tot 4 kamers) met priv\u00e9buitenruimtes: voor sommige gelijkvloerse units een tuin, en bij andere \u00e9\u00e9n of twee balkons. De woningen zijn verdeeld over twee gebouwen, met priv\u00e9parkeerplaatsen en een beveiligde toegang.<\/p>\n<p>VOORDELEN VAN KOPEN VIA Wonen aan de C\u00f4te d&#8217;Azur<br \/>\nWonen aan de C\u00f4te d&#8217;Azur is gespecialiseerd in VEFA-nieuwbouw (vente en l\u2019\u00e9tat futur d\u2019ach\u00e8vement). Bij aankoop profiteert u van extra zekerheid en flexibiliteit: een bouwgarantie van 10 jaar, lagere notariskosten en de mogelijkheid om indeling en afwerking aan te passen voordat de bouw start. Ideaal voor wie een nieuw, op maat gemaakt thuis wil in een prachtig kader.<\/p>\n<p>WORD EIGENAAR<br \/>\nProfiteer nu van onze lanceringsaanbiedingen en raak verzekerd van een aantrekkelijke instapprijs voor uw nieuwe woning in Grasse. Neem contact met ons op voor meer informatie en een persoonlijk advies \u2014 wij begeleiden u van keuze tot sleuteloverdracht.<\/p>\n<p>Prijzen vermeld met 20% btw.<\/p>\n<p>(*) Aankoop van nieuwbouw valt normaal onder 20% btw. Het verlaagde btw-tarief van 5,5% (in plaats van 20%) voor de aankoop van een nieuwe woning als hoofdverblijf is een belangrijk instrument om koopkracht te ondersteunen. Voor veel kopers, gecombineerd met een Pr\u00eat \u00e0 Taux Z\u00e9ro (PTZ) of nulrente-lening, maakt dit de aankoop van nieuwbouw mogelijk waar het budget anders niet toereikend zou zijn. Raadpleeg uw MILAN CIP-adviseur voor de toepasselijke voorwaarden.<\/p>\n<p>&nbsp;<\/p>\n","protected":false},"excerpt":{"rendered":"<p>In aanmerking voor verlaagd btw-tarief*! DE PARFUMHOOFDSTAD TUSSEN ALPEN EN MIDDELLANDSE ZEE Grasse, gelegen tussen de majestueuze Alpen en de glinsterende Middellandse Zee, staat wereldwijd bekend als de hoofdstad van de parfumerie. Een zonovergoten leefomgeving met charmante bezienswaardigheden en een ontspannen zuidelijke levensstijl. DE STAD DER DUIZEND GEUREN Op 350 meter hoogte bieden de heuvels [&hellip;]<\/p>\n","protected":false},"author":2,"featured_media":3279988,"template":"","meta":{"_acf_changed":false},"product_brand":[],"product_cat":[5678],"product_tag":[],"class_list":{"0":"post-3299930","1":"product","2":"type-product","3":"status-publish","4":"has-post-thumbnail","6":"product_cat-appartement","7":"pa_city-grasse-nl","8":"pa_country-frankrijk","9":"pa_region-cannes-nl","10":"pa_type-of-construction-nieuwbouw","12":"first","13":"instock","14":"product-type-simple"},"acf":[],"_links":{"self":[{"href":"https:\/\/www.wonenaandecotedazur.nl\/nl\/wp-json\/wp\/v2\/product\/3299930","targetHints":{"allow":["GET"]}}],"collection":[{"href":"https:\/\/www.wonenaandecotedazur.nl\/nl\/wp-json\/wp\/v2\/product"}],"about":[{"href":"https:\/\/www.wonenaandecotedazur.nl\/nl\/wp-json\/wp\/v2\/types\/product"}],"author":[{"embeddable":true,"href":"https:\/\/www.wonenaandecotedazur.nl\/nl\/wp-json\/wp\/v2\/users\/2"}],"wp:featuredmedia":[{"embeddable":true,"href":"https:\/\/www.wonenaandecotedazur.nl\/nl\/wp-json\/"}],"wp:attachment":[{"href":"https:\/\/www.wonenaandecotedazur.nl\/nl\/wp-json\/wp\/v2\/media?parent=3299930"}],"wp:term":[{"taxonomy":"product_brand","embeddable":true,"href":"https:\/\/www.wonenaandecotedazur.nl\/nl\/wp-json\/wp\/v2\/product_brand?post=3299930"},{"taxonomy":"product_cat","embeddable":true,"href":"https:\/\/www.wonenaandecotedazur.nl\/nl\/wp-json\/wp\/v2\/product_cat?post=3299930"},{"taxonomy":"product_tag","embeddable":true,"href":"https:\/\/www.wonenaandecotedazur.nl\/nl\/wp-json\/wp\/v2\/product_tag?post=3299930"}],"curies":[{"name":"wp","href":"https:\/\/api.w.org\/{rel}","templated":true}]}}