{"id":3299935,"date":"2025-12-04T15:24:22","date_gmt":"2025-12-04T14:24:22","guid":{"rendered":"https:\/\/www.wonenaandecotedazur.nl\/luxury-real-estate\/nieuwe-residentie-in-nice-centrum-cip-993\/"},"modified":"2026-05-01T21:35:54","modified_gmt":"2026-05-01T19:35:54","slug":"nieuwe-residentie-in-nice-centrum-cip-993","status":"publish","type":"product","link":"https:\/\/www.wonenaandecotedazur.nl\/nl\/luxury-real-estate\/nieuwe-residentie-in-nice-centrum-cip-993\/","title":{"rendered":"Nieuwe residentie in Nice Centrum &#8211; CIP-993"},"content":{"rendered":"<p>WONEN IN DE HOOFDSTAD VAN DE C\u00d4TE D&#8217;AZUR<br \/>\nWelkom in Nice, het juweel aan de C\u00f4te d&#8217;Azur, waar het leven vloeit in het ritme van de Proven\u00e7aalse dolce vita. Tussen zee en bergen gelegen, betovert Nice met zijn mediterrane smaken, milde klimaat en overvloedige zon. Gebouwd rond een van de mooiste baaien ter wereld, biedt Nice een idyllische leefomgeving waarin elke dag uitnodigt tot ontspanning en ontdekking.<\/p>\n<p>UITSTEKENDE LIGGING IN HET STADSCENTRUM<br \/>\nDeze nieuwe residentie in Nice Centrum ligt in het gewilde, residenti\u00eble quartier Saint-Jean d\u2019Ang\u00e9ly. Ideaal gelegen in het hart van de stad, met een rijk aanbod aan restaurants, caf\u00e9s, boetieks en dagelijkse voorzieningen. Verschillende bekende onderwijsinstellingen \u2014 zoals de campus Saint-Jean d\u2019Ang\u00e9ly, de school voor journalistiek en het college-lyceum Blanche de Castille \u2014 zijn gemakkelijk te voet bereikbaar, wat deze locatie bijzonder aantrekkelijk maakt voor gezinnen.<\/p>\n<p>RUIME EN LICHTE WONINGEN<br \/>\nHet project biedt zorgvuldig ingerichte appartementen van 2 tot 4 kamers, met royale en lichte woonruimtes. Elk appartement heeft een ruim balkon of een terras \u2014 perfect om te genieten van de mediterrane zon en gezellige avonden buiten. Voor dagelijks comfort is er voor elke bewoner een priv\u00e9parkeerplaats beschikbaar.<\/p>\n<p>ELEGANTE, CONTEMPORARY ARCHITECTUUR<br \/>\nDe residentie onderscheidt zich door een elegante, hedendaagse architectuur die harmonieus aansluit op het stedelijke landschap van Nice. Verzorgde gevels en hoogwaardige materialen geven het gebouw een tijdloze charme en maken het tot een rustig toevluchtsoord midden in de stad.<\/p>\n<p>ALLE VOORDELEN VAN HET STADSCENTRUM<br \/>\nKiezen voor deze residentie betekent wonen met alles binnen handbereik: openbaar vervoer, station, winkels, scholen en diensten. Zo profiteert u optimaal van alles wat Nice te bieden heeft, zonder in te leveren op comfort en bereikbaarheid.<\/p>\n<p>VOORDELEN BIJ AANKOOP MET WONEN AAN DE C\u00d4TE D&#8217;AZUR<br \/>\nWonen aan de C\u00f4te d&#8217;Azur is gespecialiseerd in VEFA-nieuwbouwprojecten (aankoop van nieuwbouw op plan) en begeleidt u persoonlijk gedurende het hele traject. Als koper geniet u van een tienjarige constructiegarantie, lagere notariskosten en de mogelijkheid om v\u00f3\u00f3r aanvang van de bouw de indeling en afwerking naar wens aan te passen. Zo cre\u00ebert u precies het appartement dat bij uw levensstijl past.<\/p>\n<p>&nbsp;<\/p>\n","protected":false},"excerpt":{"rendered":"<p>WONEN IN DE HOOFDSTAD VAN DE C\u00d4TE D&#8217;AZUR Welkom in Nice, het juweel aan de C\u00f4te d&#8217;Azur, waar het leven vloeit in het ritme van de Proven\u00e7aalse dolce vita. Tussen zee en bergen gelegen, betovert Nice met zijn mediterrane smaken, milde klimaat en overvloedige zon. Gebouwd rond een van de mooiste baaien ter wereld, biedt [&hellip;]<\/p>\n","protected":false},"author":2,"featured_media":3284774,"template":"","meta":{"_acf_changed":false},"product_brand":[],"product_cat":[5678],"product_tag":[],"class_list":{"0":"post-3299935","1":"product","2":"type-product","3":"status-publish","4":"has-post-thumbnail","6":"product_cat-appartement","7":"pa_city-nice-nl","8":"pa_country-frankrijk","9":"pa_region-nice-nl","10":"pa_type-of-construction-nieuwbouw","12":"first","13":"instock","14":"product-type-simple"},"acf":[],"_links":{"self":[{"href":"https:\/\/www.wonenaandecotedazur.nl\/nl\/wp-json\/wp\/v2\/product\/3299935","targetHints":{"allow":["GET"]}}],"collection":[{"href":"https:\/\/www.wonenaandecotedazur.nl\/nl\/wp-json\/wp\/v2\/product"}],"about":[{"href":"https:\/\/www.wonenaandecotedazur.nl\/nl\/wp-json\/wp\/v2\/types\/product"}],"author":[{"embeddable":true,"href":"https:\/\/www.wonenaandecotedazur.nl\/nl\/wp-json\/wp\/v2\/users\/2"}],"wp:featuredmedia":[{"embeddable":true,"href":"https:\/\/www.wonenaandecotedazur.nl\/nl\/wp-json\/wp\/v2\/media\/3284774"}],"wp:attachment":[{"href":"https:\/\/www.wonenaandecotedazur.nl\/nl\/wp-json\/wp\/v2\/media?parent=3299935"}],"wp:term":[{"taxonomy":"product_brand","embeddable":true,"href":"https:\/\/www.wonenaandecotedazur.nl\/nl\/wp-json\/wp\/v2\/product_brand?post=3299935"},{"taxonomy":"product_cat","embeddable":true,"href":"https:\/\/www.wonenaandecotedazur.nl\/nl\/wp-json\/wp\/v2\/product_cat?post=3299935"},{"taxonomy":"product_tag","embeddable":true,"href":"https:\/\/www.wonenaandecotedazur.nl\/nl\/wp-json\/wp\/v2\/product_tag?post=3299935"}],"curies":[{"name":"wp","href":"https:\/\/api.w.org\/{rel}","templated":true}]}}