{"id":3299941,"date":"2025-12-04T15:24:30","date_gmt":"2025-12-04T14:24:30","guid":{"rendered":"https:\/\/www.wonenaandecotedazur.nl\/luxury-real-estate\/nieuwbouwproject-in-antibes-cip-965\/"},"modified":"2026-05-01T21:35:41","modified_gmt":"2026-05-01T19:35:41","slug":"nieuwbouwproject-in-antibes-cip-965","status":"publish","type":"product","link":"https:\/\/www.wonenaandecotedazur.nl\/nl\/luxury-real-estate\/nieuwbouwproject-in-antibes-cip-965\/","title":{"rendered":"Nieuwbouwproject in Antibes \u2013 CIP-965"},"content":{"rendered":"<p>EEN JUWEEL IN ANTIBES<br \/>\nIn het charmante Antibes schittert het nieuwbouwproject Les Br\u00e9gui\u00e8res als een waar vastgoedjuweel. Gelegen in een gewilde wijk, biedt deze hoogwaardige realisatie een uitzonderlijke levensstijl voor een select aantal bewoners. Met zijn mediterrane allure, zonnige sfeer en rijke culturele erfgoed is Antibes de perfecte plek voor wie elegantie en kwaliteit van leven zoekt.<\/p>\n<p>EEN UITSTRALING VAN COMFORT EN STAATSKUNDIGE AFWERKING<br \/>\nDe appartementen in dit nieuwbouwproject \u2014 van tweekamer- en driekamerwoningen tot ruimere vierkamers en schitterende dakvilla\u2019s \u2014 zijn met oog voor detail en hoogwaardige afwerking ontworpen. Elk appartement wordt geleverd met twee parkeerplaatsen en een berging, voor optimaal wooncomfort en gemak.<\/p>\n<p>KEUZE EN FLEXIBILITEIT OP MAAT VAN UW LEVENSSTIJL<br \/>\nLes Br\u00e9gui\u00e8res biedt diverse sferen en indelingen: woningen met priv\u00e9tuin of ruime terrassen, waarbij de meerderheid een adembenemend uitzicht op de Middellandse Zee geniet. Of u nu droomt van een rustig leven aan zee of van een verfijnde stedelijke ervaring, hier vindt u zonder twijfel een woning die perfect bij uw levensstijl past.<\/p>\n<p>Wonen aan de C\u00f4te d&#8217;Azur specialiseert zich in VEFA-nieuwbouw: kopen in de staat van voltooiing met tal van voordelen. U geniet van een 10-jarige bouwgarantie, lagere notariskosten en de mogelijkheid om indeling en afwerking aan te passen voordat de bouw begint \u2014 zo cre\u00ebert u een thuis dat echt van u is.<\/p>\n<p>SAMENVATTEND<br \/>\nLes Br\u00e9gui\u00e8res in Antibes verenigt een bevoorrechte ligging, hoogwaardige architectuur en elegante, kwalitatieve afwerkingen. Dit is een unieke kans om te wonen in comfort en raffinement aan de C\u00f4te d&#8217;Azur, waar elk detail is uitgewerkt om aan uw hoogste verwachtingen te voldoen. Mis deze kans niet om van dit Antibise juweel uw nieuwe thuis te maken.<\/p>\n<p>&nbsp;<\/p>\n","protected":false},"excerpt":{"rendered":"<p>EEN JUWEEL IN ANTIBES In het charmante Antibes schittert het nieuwbouwproject Les Br\u00e9gui\u00e8res als een waar vastgoedjuweel. Gelegen in een gewilde wijk, biedt deze hoogwaardige realisatie een uitzonderlijke levensstijl voor een select aantal bewoners. Met zijn mediterrane allure, zonnige sfeer en rijke culturele erfgoed is Antibes de perfecte plek voor wie elegantie en kwaliteit van [&hellip;]<\/p>\n","protected":false},"author":2,"featured_media":3284473,"template":"","meta":{"_acf_changed":false},"product_brand":[],"product_cat":[5678],"product_tag":[],"class_list":{"0":"post-3299941","1":"product","2":"type-product","3":"status-publish","4":"has-post-thumbnail","6":"product_cat-appartement","7":"pa_city-antibes-nl","8":"pa_country-frankrijk","9":"pa_region-cannes-nl","10":"pa_region-nice-nl","11":"pa_type-of-construction-nieuwbouw","13":"first","14":"instock","15":"product-type-simple"},"acf":[],"_links":{"self":[{"href":"https:\/\/www.wonenaandecotedazur.nl\/nl\/wp-json\/wp\/v2\/product\/3299941","targetHints":{"allow":["GET"]}}],"collection":[{"href":"https:\/\/www.wonenaandecotedazur.nl\/nl\/wp-json\/wp\/v2\/product"}],"about":[{"href":"https:\/\/www.wonenaandecotedazur.nl\/nl\/wp-json\/wp\/v2\/types\/product"}],"author":[{"embeddable":true,"href":"https:\/\/www.wonenaandecotedazur.nl\/nl\/wp-json\/wp\/v2\/users\/2"}],"wp:featuredmedia":[{"embeddable":true,"href":"https:\/\/www.wonenaandecotedazur.nl\/nl\/wp-json\/"}],"wp:attachment":[{"href":"https:\/\/www.wonenaandecotedazur.nl\/nl\/wp-json\/wp\/v2\/media?parent=3299941"}],"wp:term":[{"taxonomy":"product_brand","embeddable":true,"href":"https:\/\/www.wonenaandecotedazur.nl\/nl\/wp-json\/wp\/v2\/product_brand?post=3299941"},{"taxonomy":"product_cat","embeddable":true,"href":"https:\/\/www.wonenaandecotedazur.nl\/nl\/wp-json\/wp\/v2\/product_cat?post=3299941"},{"taxonomy":"product_tag","embeddable":true,"href":"https:\/\/www.wonenaandecotedazur.nl\/nl\/wp-json\/wp\/v2\/product_tag?post=3299941"}],"curies":[{"name":"wp","href":"https:\/\/api.w.org\/{rel}","templated":true}]}}