{"id":3299942,"date":"2025-12-04T15:24:30","date_gmt":"2025-12-04T14:24:30","guid":{"rendered":"https:\/\/www.wonenaandecotedazur.nl\/luxury-real-estate\/nieuwe-residentie-in-nice-centrum-cip-993-2\/"},"modified":"2026-05-01T21:35:54","modified_gmt":"2026-05-01T19:35:54","slug":"nieuwe-residentie-in-nice-centrum-cip-993-2","status":"publish","type":"product","link":"https:\/\/www.wonenaandecotedazur.nl\/nl\/luxury-real-estate\/nieuwe-residentie-in-nice-centrum-cip-993-2\/","title":{"rendered":"Nieuwe residentie in Nice Centrum &#8211; CIP-993"},"content":{"rendered":"<p>Wonen in de hoofdstad van de C\u00f4te d&#8217;Azur<br \/>\nWelkom in Nice, de parel van de C\u00f4te d&#8217;Azur, waar het leven zich ontvouwt in het zachte ritme van de Proven\u00e7aalse dolce vita. Tussen zee en bergen gelegen, betovert Nice met zijn mediterrane smaken, milde klimaat en overvloedig zonlicht. Opgebouwd rond een van de mooiste baaien ter wereld biedt de stad een idyllische leefomgeving waar elke dag uitnodigt tot ontspannen en ontdekken.<\/p>\n<p>Een uitzonderlijke ligging in het stadscentrum<br \/>\nIn dit stukje paradijs verrijst de nieuwe residentie in Nice Centrum. Perfect gesitueerd in het hart van de stad, in de residenti\u00eble wijk Saint-Jean d\u2019Ang\u00e9ly, biedt dit project een gewilde en authentieke woonomgeving. Geniet van de vele restaurants, gezellige caf\u00e9s, boetieks en lokale voorzieningen die deze dynamische buurt zo aantrekkelijk maken. Verschillende gerenommeerde onderwijsinstellingen, zoals de campus van Saint-Jean d\u2019Ang\u00e9ly, de school voor journalistiek en de \u00e9cole-coll\u00e8ge Blanche de Castille, liggen op wandelafstand \u2014 ideaal voor gezinnen.<\/p>\n<p>Ruime en lichte woningen<br \/>\nDe nieuwbouw in Saint-Jean d\u2019Ang\u00e9ly bestaat uit 2- tot 4-kamerappartementen met royale, lichte leefruimtes. Elk appartement beschikt over ruime balkons of terrassen die uitnodigen tot ontspanning en samen zijn. Voor uw comfort heeft iedere bewoner een private parkeerplaats, wat dagelijkse rust en gemak garandeert.<\/p>\n<p>Elegante en hedendaagse architectuur<br \/>\nDe residentie onderscheidt zich door een elegante, hedendaagse architectuur die prachtig aansluit bij het stedelijke landschap van Nice. Fijn afgewerkte gevels en hoogwaardige materialen geven het gebouw een tijdloze charme en maken het tot een rustig toevluchtsoord in het hart van de stad.<\/p>\n<p>Alle voordelen van het centrum binnen handbereik<br \/>\nWie kiest voor wonen in deze nieuwe residentie geniet van een toplocatie: openbaar vervoer, het station, winkels, scholen en alle diensten liggen vlakbij, zodat u ten volle kunt profiteren van het beste dat Nice te bieden heeft.<\/p>\n<p>Wonen aan de C\u00f4te d&#8217;Azur is gespecialiseerd in VEFA nieuwbouwprojecten en begeleidt u bij elke stap van uw aankoop. Als koper profiteert u van een 10-jarige bouwgarantie, lagere notariskosten in vergelijking met een bestaande woning en de mogelijkheid om indeling en afwerking aan te passen voordat de bouw begint. Grijp deze unieke kans om te wonen in een uitzonderlijke omgeving waar elk detail is doordacht voor uw comfort en levensstijl.<\/p>\n<p>&nbsp;<\/p>\n","protected":false},"excerpt":{"rendered":"<p>Wonen in de hoofdstad van de C\u00f4te d&#8217;Azur Welkom in Nice, de parel van de C\u00f4te d&#8217;Azur, waar het leven zich ontvouwt in het zachte ritme van de Proven\u00e7aalse dolce vita. Tussen zee en bergen gelegen, betovert Nice met zijn mediterrane smaken, milde klimaat en overvloedig zonlicht. Opgebouwd rond een van de mooiste baaien ter [&hellip;]<\/p>\n","protected":false},"author":2,"featured_media":3284788,"template":"","meta":{"_acf_changed":false},"product_brand":[],"product_cat":[5678],"product_tag":[],"class_list":{"0":"post-3299942","1":"product","2":"type-product","3":"status-publish","4":"has-post-thumbnail","6":"product_cat-appartement","7":"pa_city-nice-nl","8":"pa_country-frankrijk","9":"pa_region-nice-nl","10":"pa_type-of-construction-nieuwbouw","12":"first","13":"instock","14":"product-type-simple"},"acf":[],"_links":{"self":[{"href":"https:\/\/www.wonenaandecotedazur.nl\/nl\/wp-json\/wp\/v2\/product\/3299942","targetHints":{"allow":["GET"]}}],"collection":[{"href":"https:\/\/www.wonenaandecotedazur.nl\/nl\/wp-json\/wp\/v2\/product"}],"about":[{"href":"https:\/\/www.wonenaandecotedazur.nl\/nl\/wp-json\/wp\/v2\/types\/product"}],"author":[{"embeddable":true,"href":"https:\/\/www.wonenaandecotedazur.nl\/nl\/wp-json\/wp\/v2\/users\/2"}],"wp:featuredmedia":[{"embeddable":true,"href":"https:\/\/www.wonenaandecotedazur.nl\/nl\/wp-json\/"}],"wp:attachment":[{"href":"https:\/\/www.wonenaandecotedazur.nl\/nl\/wp-json\/wp\/v2\/media?parent=3299942"}],"wp:term":[{"taxonomy":"product_brand","embeddable":true,"href":"https:\/\/www.wonenaandecotedazur.nl\/nl\/wp-json\/wp\/v2\/product_brand?post=3299942"},{"taxonomy":"product_cat","embeddable":true,"href":"https:\/\/www.wonenaandecotedazur.nl\/nl\/wp-json\/wp\/v2\/product_cat?post=3299942"},{"taxonomy":"product_tag","embeddable":true,"href":"https:\/\/www.wonenaandecotedazur.nl\/nl\/wp-json\/wp\/v2\/product_tag?post=3299942"}],"curies":[{"name":"wp","href":"https:\/\/api.w.org\/{rel}","templated":true}]}}