{"id":3299954,"date":"2025-12-04T15:24:57","date_gmt":"2025-12-04T14:24:57","guid":{"rendered":"https:\/\/www.wonenaandecotedazur.nl\/luxury-real-estate\/nieuwbouwresidentie-in-cagnes%e2%80%91sur%e2%80%91mer-cip%e2%80%91997-2\/"},"modified":"2026-05-01T21:36:19","modified_gmt":"2026-05-01T19:36:19","slug":"nieuwbouwresidentie-in-cagnes-sur-mer-cip-997-2","status":"publish","type":"product","link":"https:\/\/www.wonenaandecotedazur.nl\/nl\/luxury-real-estate\/nieuwbouwresidentie-in-cagnes-sur-mer-cip-997-2\/","title":{"rendered":"Nieuwbouwresidentie in Cagnes\u2011sur\u2011Mer \u2014 CIP\u2011997"},"content":{"rendered":"<p>Ontdek deze nieuwbouwresidentie in Cagnes\u2011sur\u2011Mer, op een steenworp van de zee<\/p>\n<p>Ons zorgvuldig uitgewerkte project bevindt zich in het hart van het charmante dorp Le Cros de Cagnes, een authentieke en pittoreske locatie waar het echte C\u00f4te d&#8217;Azur\u2011leven voelbaar is. Op slechts 3 minuten lopen ligt het strand \u2014 ongeveer 200 meter naar de zee \u2014 zodat u elke dag eenvoudig kunt genieten van zon, zand en zee.<\/p>\n<p>Een perfecte ligging, dichtbij alles wat u nodig heeft<\/p>\n<p>De residentie geniet van een strategische ligging met snelle toegang tot het wegennet, waardoor u moeiteloos naar de omliggende steden en hoofdinfrastructuur rijdt. De winkels aan de Avenue de Nice liggen op loopafstand, wat uw dagelijkse comfort en gemak aanzienlijk verhoogt.<\/p>\n<p>Levendige sfeer en ontspanning aan de kust<\/p>\n<p>Wandel langs de boulevard, ontdek gezellige restaurants en geniet van de vele evenementen en animatie in de buurt. Deze residentie biedt een dynamische en warme levensstijl waar elke dag nieuwe kansen biedt om te genieten van de C\u00f4te d&#8217;Azur.<\/p>\n<p>Toekomstige mobiliteit: tramlijn 4<\/p>\n<p>Met de geplande tramlijn 4, die Nice met het centrum van Cagnes\u2011sur\u2011Mer zal verbinden (verwacht in 2028), wordt uw bereikbaarheid nog beter. Er komt een halte op slechts 50 meter van het terrein, voor een directe verbinding naar de belangrijkste plekken in de regio.<\/p>\n<p>Aankoopvoordelen met Wonen aan de C\u00f4te d&#8217;Azur<\/p>\n<p>Wonen aan de C\u00f4te d&#8217;Azur is gespecialiseerd in VEFA\u2011nieuwbouwprojecten. Bij aankoop via ons profiteert u van aantrekkelijke voordelen: een tienjarige bouwgarantie, lagere notariskosten en de mogelijkheid om de indeling en afwerking aan te passen v\u00f3\u00f3r aanvang van de bouw. Zo cre\u00ebert u een woning die perfect aansluit op uw wensen.<\/p>\n<p>Ervaar het beste van de C\u00f4te d&#8217;Azur in deze nieuwbouwresidentie in Cagnes\u2011sur\u2011Mer \u2014 comfort, stijl en een levensstijl aan zee binnen handbereik.<\/p>\n<p>&nbsp;<\/p>\n","protected":false},"excerpt":{"rendered":"<p>Ontdek deze nieuwbouwresidentie in Cagnes\u2011sur\u2011Mer, op een steenworp van de zee Ons zorgvuldig uitgewerkte project bevindt zich in het hart van het charmante dorp Le Cros de Cagnes, een authentieke en pittoreske locatie waar het echte C\u00f4te d&#8217;Azur\u2011leven voelbaar is. Op slechts 3 minuten lopen ligt het strand \u2014 ongeveer 200 meter naar de zee [&hellip;]<\/p>\n","protected":false},"author":2,"featured_media":3284998,"template":"","meta":{"_acf_changed":false},"product_brand":[],"product_cat":[5678],"product_tag":[],"class_list":{"0":"post-3299954","1":"product","2":"type-product","3":"status-publish","4":"has-post-thumbnail","6":"product_cat-appartement","7":"pa_city-cagnes-sur-mer-nl","8":"pa_country-frankrijk","9":"pa_region-nice-nl","10":"pa_type-of-construction-nieuwbouw","12":"first","13":"instock","14":"product-type-simple"},"acf":[],"_links":{"self":[{"href":"https:\/\/www.wonenaandecotedazur.nl\/nl\/wp-json\/wp\/v2\/product\/3299954","targetHints":{"allow":["GET"]}}],"collection":[{"href":"https:\/\/www.wonenaandecotedazur.nl\/nl\/wp-json\/wp\/v2\/product"}],"about":[{"href":"https:\/\/www.wonenaandecotedazur.nl\/nl\/wp-json\/wp\/v2\/types\/product"}],"author":[{"embeddable":true,"href":"https:\/\/www.wonenaandecotedazur.nl\/nl\/wp-json\/wp\/v2\/users\/2"}],"wp:featuredmedia":[{"embeddable":true,"href":"https:\/\/www.wonenaandecotedazur.nl\/nl\/wp-json\/"}],"wp:attachment":[{"href":"https:\/\/www.wonenaandecotedazur.nl\/nl\/wp-json\/wp\/v2\/media?parent=3299954"}],"wp:term":[{"taxonomy":"product_brand","embeddable":true,"href":"https:\/\/www.wonenaandecotedazur.nl\/nl\/wp-json\/wp\/v2\/product_brand?post=3299954"},{"taxonomy":"product_cat","embeddable":true,"href":"https:\/\/www.wonenaandecotedazur.nl\/nl\/wp-json\/wp\/v2\/product_cat?post=3299954"},{"taxonomy":"product_tag","embeddable":true,"href":"https:\/\/www.wonenaandecotedazur.nl\/nl\/wp-json\/wp\/v2\/product_tag?post=3299954"}],"curies":[{"name":"wp","href":"https:\/\/api.w.org\/{rel}","templated":true}]}}