{"id":3299964,"date":"2025-12-04T15:25:13","date_gmt":"2025-12-04T14:25:13","guid":{"rendered":"https:\/\/www.wonenaandecotedazur.nl\/luxury-real-estate\/renovatieproject-in-mouans%e2%80%91sartoux-cip%e2%80%911007\/"},"modified":"2026-05-01T21:36:29","modified_gmt":"2026-05-01T19:36:29","slug":"renovatieproject-in-mouans-sartoux-cip-1007-2","status":"publish","type":"product","link":"https:\/\/www.wonenaandecotedazur.nl\/nl\/luxury-real-estate\/renovatieproject-in-mouans-sartoux-cip-1007-2\/","title":{"rendered":"Renovatieproject in Mouans\u2011Sartoux \u2014 CIP\u20111007"},"content":{"rendered":"<p>EEN VOLLEDIGE RENOVATIE VOOR EEN UITZONDERLIJKE WOONBELEVING<br \/>\nGelegen tussen Grasse, Cannes en Sophia Antipolis, biedt dit renovatieproject een ideale ligging in het hart van de C\u00f4te d&#8217;Azur. Volledig gerenoveerd, heeft elk appartement een ruim terras of een priv\u00e9tuin \u2014 perfect voor ontspannen buitenleven en gezellige momenten in de buitenlucht. De 12 appartementen, van studio tot 4\u2011kamer, zijn met zorg tot in de puntjes vernieuwd en afgewerkt met hoogwaardige materialen voor optimaal wooncomfort.<\/p>\n<p>STRATEGISCHE LIGGING<br \/>\nTussen de zee en de parfumperfektie: dit project bevindt zich op korte afstand van het centrum en het kasteel van Mouans\u2011Sartoux. Grenzend aan Mougins en vlakbij Cannes, Grasse en Sophia Antipolis, geniet u hier van een centrale en praktische ligging. Gelegen aan een rustige doodlopende straat en op slechts 300 meter van het dorpscentrum, ervaart u hier alle rust in een landelijke sfeer, terwijl winkels en de verbindingsweg Cannes\u2011Grasse snel bereikbaar zijn.<\/p>\n<p>SFEERVOLLE, ELEGANTE ARCHITECTUUR<br \/>\nHet project omvat twee gebouwen van telkens \u00e9\u00e9n verdieping boven souterrain. De volledige renovatie cre\u00ebert 12 moderne en functionele appartementen. Keukens en badkamers worden volledig uitgerust opgeleverd en elk appartement krijgt hoogwaardige afwerkingen, afgestemd op de eisen van wie kwaliteit en comfort zoekt.<\/p>\n<p>VEELZIJDIG EN AANTREKKELIJK BELEGGINGSPRODUCT<br \/>\nOntdek een uniek renovatieprogramma met aantrekkelijke fiscale mogelijkheden, geschikt als hoofdwoning of voor verhuur, ook gemeubileerd en via platforms zoals Airbnb. Dit project is uitermate geschikt voor wie wil wonen of investeren in een gewilde C\u00f4te d&#8217;Azur\u2011locatie.<\/p>\n<p>VOORDELEN VAN Wonen aan de C\u00f4te d&#8217;Azur<br \/>\nWonen aan de C\u00f4te d&#8217;Azur, gespecialiseerd in VEFA\u2011nieuwbouwprojecten, begeleidt dit aanbod met dezelfde zorg en transparantie die u van nieuwbouw mag verwachten. U profiteert van: een tienjarige constructiewaarborg, lagere notariskosten en de mogelijkheid om indeling en afwerking aan te passen voordat de werken van start gaan \u2014 zo cre\u00ebert u een woning die \u00e9cht bij u past.<\/p>\n<p>Mis deze kans niet om te wonen of te investeren in het hart van Mouans\u2011Sartoux, op slechts 300 meter van het centrum!<\/p>\n<p>&nbsp;<\/p>\n","protected":false},"excerpt":{"rendered":"<p>EEN VOLLEDIGE RENOVATIE VOOR EEN UITZONDERLIJKE WOONBELEVING Gelegen tussen Grasse, Cannes en Sophia Antipolis, biedt dit renovatieproject een ideale ligging in het hart van de C\u00f4te d&#8217;Azur. Volledig gerenoveerd, heeft elk appartement een ruim terras of een priv\u00e9tuin \u2014 perfect voor ontspannen buitenleven en gezellige momenten in de buitenlucht. De 12 appartementen, van studio tot [&hellip;]<\/p>\n","protected":false},"author":2,"featured_media":3285133,"template":"","meta":{"_acf_changed":false},"product_brand":[],"product_cat":[5678],"product_tag":[],"class_list":{"0":"post-3299964","1":"product","2":"type-product","3":"status-publish","4":"has-post-thumbnail","6":"product_cat-appartement","7":"pa_city-mouans-sartoux-nl","8":"pa_country-frankrijk","9":"pa_type-of-construction-nieuwbouw","11":"first","12":"instock","13":"product-type-simple"},"acf":[],"_links":{"self":[{"href":"https:\/\/www.wonenaandecotedazur.nl\/nl\/wp-json\/wp\/v2\/product\/3299964","targetHints":{"allow":["GET"]}}],"collection":[{"href":"https:\/\/www.wonenaandecotedazur.nl\/nl\/wp-json\/wp\/v2\/product"}],"about":[{"href":"https:\/\/www.wonenaandecotedazur.nl\/nl\/wp-json\/wp\/v2\/types\/product"}],"author":[{"embeddable":true,"href":"https:\/\/www.wonenaandecotedazur.nl\/nl\/wp-json\/wp\/v2\/users\/2"}],"wp:featuredmedia":[{"embeddable":true,"href":"https:\/\/www.wonenaandecotedazur.nl\/nl\/wp-json\/"}],"wp:attachment":[{"href":"https:\/\/www.wonenaandecotedazur.nl\/nl\/wp-json\/wp\/v2\/media?parent=3299964"}],"wp:term":[{"taxonomy":"product_brand","embeddable":true,"href":"https:\/\/www.wonenaandecotedazur.nl\/nl\/wp-json\/wp\/v2\/product_brand?post=3299964"},{"taxonomy":"product_cat","embeddable":true,"href":"https:\/\/www.wonenaandecotedazur.nl\/nl\/wp-json\/wp\/v2\/product_cat?post=3299964"},{"taxonomy":"product_tag","embeddable":true,"href":"https:\/\/www.wonenaandecotedazur.nl\/nl\/wp-json\/wp\/v2\/product_tag?post=3299964"}],"curies":[{"name":"wp","href":"https:\/\/api.w.org\/{rel}","templated":true}]}}