{"id":3299975,"date":"2025-12-04T15:25:31","date_gmt":"2025-12-04T14:25:31","guid":{"rendered":"https:\/\/www.wonenaandecotedazur.nl\/luxury-real-estate\/renovatieproject-in-falicon-cip-936-3\/"},"modified":"2026-05-01T21:34:50","modified_gmt":"2026-05-01T19:34:50","slug":"renovatieproject-in-falicon-cip-936-3","status":"publish","type":"product","link":"https:\/\/www.wonenaandecotedazur.nl\/nl\/luxury-real-estate\/renovatieproject-in-falicon-cip-936-3\/","title":{"rendered":"Renovatieproject in Falicon \u2014 CIP-936"},"content":{"rendered":"<p>EEN OASE VAN RUST EN ZACHTHEID HOOG BOVEN NICE<\/p>\n<p>Ontdek een charmant renovatieproject in Falicon dat een voormalig ambachtelijk terrein transformeert tot prachtige woningen: van slimme studio&#8217;s tot ruime 4-kamer duplexen, elk ontworpen om maximaal te genieten van licht, ruimte en natuur. Grote glazen puien geven uit op royale terrassen en priv\u00e9-tuinen met een adembenemend uitzicht op het omliggende groen.<\/p>\n<p>EEN GEWILDE LIGGING<\/p>\n<p>Gelegen op de zonnige hoogten van Nice biedt Falicon de typische levenskwaliteit van de C\u00f4te d&#8217;Azur. Slechts 15 minuten met de auto van het stadscentrum, geniet u hier van de charme van Nice zonder de drukte van het hoogseizoen. Dankzij het panoramische uitzicht op de Mont Chauve d\u2019Aspremont heeft u \u00e9\u00e9n van de mooiste vergezichten over de vallei van de Banqui\u00e8re en de stad Nice.<\/p>\n<p>WONINGAANBOD IN EEN NATUURLIJNDE OMGEVING<\/p>\n<p>Het project omvat 18 appartementen in diverse formaten, zorgvuldig vormgegeven om een hedendaags interieur te combineren met de natuurlijke omgeving. Ruime raampartijen laten het daglicht binnenstromen en verbinden het leven binnenshuis met de ruime terrassen en priv\u00e9tuinen \u2014 perfect voor wie rust, ruimte en buitenleven zoekt.<\/p>\n<p>COMFORT, NATUUR EN VOORDELEN VOOR DE KOPER<\/p>\n<p>Dit renovatieproject is fiscaal aantrekkelijk (in aanmerking komend voor &#8220;d\u00e9ficit foncier&#8221;) en belichaamt een ideale levensstijl: modern comfort en een uitzonderlijk uitzicht op de natuur. Wonen aan de C\u00f4te d&#8217;Azur is gespecialiseerd in VEFA-nieuwbouw en biedt kopers extra zekerheid en flexibiliteit: een tienjarige bouwgarantie, lagere notariskosten en de mogelijkheid om de indeling en afwerking naar wens aan te passen v\u00f3\u00f3r aanvang van de werken. Ontdek deze unieke kans om te investeren of te wonen in de groene heuvels rond Nice.<\/p>\n<p>&nbsp;<\/p>\n","protected":false},"excerpt":{"rendered":"<p>EEN OASE VAN RUST EN ZACHTHEID HOOG BOVEN NICE Ontdek een charmant renovatieproject in Falicon dat een voormalig ambachtelijk terrein transformeert tot prachtige woningen: van slimme studio&#8217;s tot ruime 4-kamer duplexen, elk ontworpen om maximaal te genieten van licht, ruimte en natuur. Grote glazen puien geven uit op royale terrassen en priv\u00e9-tuinen met een adembenemend [&hellip;]<\/p>\n","protected":false},"author":2,"featured_media":3291080,"template":"","meta":{"_acf_changed":false},"product_brand":[],"product_cat":[5678],"product_tag":[],"class_list":{"0":"post-3299975","1":"product","2":"type-product","3":"status-publish","4":"has-post-thumbnail","6":"product_cat-appartement","7":"pa_city-falicon-nl","8":"pa_country-frankrijk","9":"pa_type-of-construction-nieuwbouw","11":"first","12":"instock","13":"product-type-simple"},"acf":[],"_links":{"self":[{"href":"https:\/\/www.wonenaandecotedazur.nl\/nl\/wp-json\/wp\/v2\/product\/3299975","targetHints":{"allow":["GET"]}}],"collection":[{"href":"https:\/\/www.wonenaandecotedazur.nl\/nl\/wp-json\/wp\/v2\/product"}],"about":[{"href":"https:\/\/www.wonenaandecotedazur.nl\/nl\/wp-json\/wp\/v2\/types\/product"}],"author":[{"embeddable":true,"href":"https:\/\/www.wonenaandecotedazur.nl\/nl\/wp-json\/wp\/v2\/users\/2"}],"wp:featuredmedia":[{"embeddable":true,"href":"https:\/\/www.wonenaandecotedazur.nl\/nl\/wp-json\/"}],"wp:attachment":[{"href":"https:\/\/www.wonenaandecotedazur.nl\/nl\/wp-json\/wp\/v2\/media?parent=3299975"}],"wp:term":[{"taxonomy":"product_brand","embeddable":true,"href":"https:\/\/www.wonenaandecotedazur.nl\/nl\/wp-json\/wp\/v2\/product_brand?post=3299975"},{"taxonomy":"product_cat","embeddable":true,"href":"https:\/\/www.wonenaandecotedazur.nl\/nl\/wp-json\/wp\/v2\/product_cat?post=3299975"},{"taxonomy":"product_tag","embeddable":true,"href":"https:\/\/www.wonenaandecotedazur.nl\/nl\/wp-json\/wp\/v2\/product_tag?post=3299975"}],"curies":[{"name":"wp","href":"https:\/\/api.w.org\/{rel}","templated":true}]}}