{"id":3299989,"date":"2025-12-04T15:25:57","date_gmt":"2025-12-04T14:25:57","guid":{"rendered":"https:\/\/www.wonenaandecotedazur.nl\/luxury-real-estate\/20th-parijse-elegantie-tijdloze-residentie-aan-27-mathurins\/"},"modified":"2026-05-01T21:38:08","modified_gmt":"2026-05-01T19:38:08","slug":"20th-parijse-elegantie-tijdloze-residentie-aan-27-mathurins","status":"publish","type":"product","link":"https:\/\/www.wonenaandecotedazur.nl\/nl\/luxury-real-estate\/20th-parijse-elegantie-tijdloze-residentie-aan-27-mathurins\/","title":{"rendered":"20th Parijse elegantie: Tijdloze residentie aan 27 Mathurins"},"content":{"rendered":"<p>Wonen aan de C\u00f4te d&#8217;Azur, specialist in VEFA\u2011nieuwbouw, presenteert met trots deze tijdloze residentie in het hart van Parijs. Op slechts enkele stappen van de Op\u00e9ra, de beroemde Grands Magasins en La Madeleine biedt 27 Mathurins een onovertroffen adres om te genieten van het beste dat de stad te bieden heeft: verfijnde restaurants, levendige caf\u00e9s en elegante promenades.<\/p>\n<p>Dit prachtige pand in klassieke Empire\u2011stijl ondergaat een zorgvuldige en respectvolle renovatie. De natuurstenen gevel wordt gerestaureerd en de ramen worden vernieuwd, zodat het architectonische karakter behouden en versterkt blijft. Tegelijk wordt het gebouw energiezuinig gemoderniseerd volgens de huidige normen, voor maximaal comfort en toekomstbestendigheid.<\/p>\n<p>27 Mathurins heeft een uitzonderlijke ligging qua bereikbaarheid: vijf metrolijnen, twee RER\u2011lijnen, het station Saint\u2011Lazare op korte afstand en een directe verbinding met luchthaven Orly via metrolijn 14.<\/p>\n<p>Als koper profiteert u via Wonen aan de C\u00f4te d&#8217;Azur van voordelen die u van VEFA\u2011projecten kent: een tienjarige constructiewaarborg, lagere notariskosten en de mogelijkheid om indeling en afwerking nog aan te passen v\u00f3\u00f3r aanvang van de werken. Zo cre\u00ebert u in dit klassieke Parijse pand eenvoudig uw persoonlijke, moderne thuis.<\/p>\n<p>&nbsp;<\/p>\n","protected":false},"excerpt":{"rendered":"<p>Wonen aan de C\u00f4te d&#8217;Azur, specialist in VEFA\u2011nieuwbouw, presenteert met trots deze tijdloze residentie in het hart van Parijs. Op slechts enkele stappen van de Op\u00e9ra, de beroemde Grands Magasins en La Madeleine biedt 27 Mathurins een onovertroffen adres om te genieten van het beste dat de stad te bieden heeft: verfijnde restaurants, levendige caf\u00e9s [&hellip;]<\/p>\n","protected":false},"author":2,"featured_media":3298423,"template":"","meta":{"_acf_changed":false},"product_brand":[],"product_cat":[5678],"product_tag":[],"class_list":{"0":"post-3299989","1":"product","2":"type-product","3":"status-publish","4":"has-post-thumbnail","6":"product_cat-appartement","7":"pa_city-paris-nl","8":"pa_country-frankrijk","9":"pa_region-paris-nl","10":"pa_type-of-construction-nieuwbouw","12":"first","13":"instock","14":"product-type-simple"},"acf":[],"_links":{"self":[{"href":"https:\/\/www.wonenaandecotedazur.nl\/nl\/wp-json\/wp\/v2\/product\/3299989","targetHints":{"allow":["GET"]}}],"collection":[{"href":"https:\/\/www.wonenaandecotedazur.nl\/nl\/wp-json\/wp\/v2\/product"}],"about":[{"href":"https:\/\/www.wonenaandecotedazur.nl\/nl\/wp-json\/wp\/v2\/types\/product"}],"author":[{"embeddable":true,"href":"https:\/\/www.wonenaandecotedazur.nl\/nl\/wp-json\/wp\/v2\/users\/2"}],"wp:featuredmedia":[{"embeddable":true,"href":"https:\/\/www.wonenaandecotedazur.nl\/nl\/wp-json\/"}],"wp:attachment":[{"href":"https:\/\/www.wonenaandecotedazur.nl\/nl\/wp-json\/wp\/v2\/media?parent=3299989"}],"wp:term":[{"taxonomy":"product_brand","embeddable":true,"href":"https:\/\/www.wonenaandecotedazur.nl\/nl\/wp-json\/wp\/v2\/product_brand?post=3299989"},{"taxonomy":"product_cat","embeddable":true,"href":"https:\/\/www.wonenaandecotedazur.nl\/nl\/wp-json\/wp\/v2\/product_cat?post=3299989"},{"taxonomy":"product_tag","embeddable":true,"href":"https:\/\/www.wonenaandecotedazur.nl\/nl\/wp-json\/wp\/v2\/product_tag?post=3299989"}],"curies":[{"name":"wp","href":"https:\/\/api.w.org\/{rel}","templated":true}]}}