{"id":3300069,"date":"2026-01-01T21:33:39","date_gmt":"2026-01-01T20:33:39","guid":{"rendered":"https:\/\/www.wonenaandecotedazur.nl\/luxury-real-estate\/renovatieproject-in-falicon-cip-936-4\/"},"modified":"2026-05-01T21:34:49","modified_gmt":"2026-05-01T19:34:49","slug":"renovatieproject-in-falicon-cip-936-4","status":"publish","type":"product","link":"https:\/\/www.wonenaandecotedazur.nl\/nl\/luxury-real-estate\/renovatieproject-in-falicon-cip-936-4\/","title":{"rendered":"Renovatieproject in Falicon \u2014 CIP-936"},"content":{"rendered":"<p>Een oase van zachtheid op de hoogten van Nice<\/p>\n<p>Ontdek een zorgvuldig opgezet renovatieproject in Falicon dat een voormalig ambachtelijk terrein transformeert tot prachtige, lichte appartementen \u2014 van studio\u2019s tot royale 4\u2011kamer duplexen. Elk appartement opent zich naar riante terrassen en priv\u00e9tuinen met een adembenemend uitzicht op de omliggende natuur.<\/p>\n<p>Een bevoorrechte ligging<\/p>\n<p>Gelegen op de hoogten van Nice biedt Falicon zijn bewoners dat typische Ni\u00e7oise levensgevoel: kalm, zonnig en toch op slechts 15 minuten rijden van het stadscentrum. Hier geniet u van de charme van Nice zonder de drukte van het seizoen. Dankzij het panoramische uitzicht op de Mont Chauve d\u2019Aspremont ontvouwt zich \u00e9\u00e9n van de mooiste vergezichten over de vallei van de Banqui\u00e8re en de stad Nice.<\/p>\n<p>Woningvariatie temidden van natuur<\/p>\n<p>Het renovatieprogramma telt 18 appartementen in verschillende oppervlaktes, ontworpen om zowel individuele behoeften als moderne woonwensen te vervullen. De hedendaagse interieurs lopen vloeiend over in de buitenruimte: grote glaspartijen schakelen de woonkamers open naar ruime terrassen en priv\u00e9\u00adtuinen, zodat u elke dag kunt genieten van de rust en schoonheid van het landschap.<\/p>\n<p>Comfort en natuur in harmonie<\/p>\n<p>Dit project combineert hedendaags wooncomfort met een uitzonderlijk natuurlijke setting en is bovendien interessant voor investeerders (in aanmerking komend voor \u2018d\u00e9ficit foncier\u2019). Het is een unieke kans om te wonen of te investeren in de rustige, groene heuvels rond Nice.<\/p>\n<p>Wonen aan de C\u00f4te d&#8217;Azur \u2014 VEFA\u2011expertise en extra voordelen<\/p>\n<p>Wonen aan de C\u00f4te d&#8217;Azur, gespecialiseerd in VEFA\u2011nieuwbouwprojecten, begeleidt ook dit renovatieproject en brengt de voordelen van nieuwbouw in beeld: u ontvangt een tienjarige constructiegarantie, profiteert van lagere notariskosten en krijgt de mogelijkheid om indeling en afwerking aan te passen v\u00f3\u00f3r de start van de werken. Een perfecte mix van zekerheid, flexibiliteit en kwaliteit \u2014 klaar om uw droomwoning aan de C\u00f4te d\u2019Azur te realiseren.<\/p>\n<p>&nbsp;<\/p>\n","protected":false},"excerpt":{"rendered":"<p>Een oase van zachtheid op de hoogten van Nice Ontdek een zorgvuldig opgezet renovatieproject in Falicon dat een voormalig ambachtelijk terrein transformeert tot prachtige, lichte appartementen \u2014 van studio\u2019s tot royale 4\u2011kamer duplexen. Elk appartement opent zich naar riante terrassen en priv\u00e9tuinen met een adembenemend uitzicht op de omliggende natuur. Een bevoorrechte ligging Gelegen op [&hellip;]<\/p>\n","protected":false},"author":2,"featured_media":3283919,"template":"","meta":{"_acf_changed":false},"product_brand":[],"product_cat":[5678],"product_tag":[],"class_list":{"0":"post-3300069","1":"product","2":"type-product","3":"status-publish","4":"has-post-thumbnail","6":"product_cat-appartement","7":"pa_city-falicon-nl","8":"pa_country-frankrijk","9":"pa_type-of-construction-nieuwbouw","11":"first","12":"instock","13":"product-type-simple"},"acf":[],"_links":{"self":[{"href":"https:\/\/www.wonenaandecotedazur.nl\/nl\/wp-json\/wp\/v2\/product\/3300069","targetHints":{"allow":["GET"]}}],"collection":[{"href":"https:\/\/www.wonenaandecotedazur.nl\/nl\/wp-json\/wp\/v2\/product"}],"about":[{"href":"https:\/\/www.wonenaandecotedazur.nl\/nl\/wp-json\/wp\/v2\/types\/product"}],"author":[{"embeddable":true,"href":"https:\/\/www.wonenaandecotedazur.nl\/nl\/wp-json\/wp\/v2\/users\/2"}],"wp:featuredmedia":[{"embeddable":true,"href":"https:\/\/www.wonenaandecotedazur.nl\/nl\/wp-json\/wp\/v2\/media\/3283919"}],"wp:attachment":[{"href":"https:\/\/www.wonenaandecotedazur.nl\/nl\/wp-json\/wp\/v2\/media?parent=3300069"}],"wp:term":[{"taxonomy":"product_brand","embeddable":true,"href":"https:\/\/www.wonenaandecotedazur.nl\/nl\/wp-json\/wp\/v2\/product_brand?post=3300069"},{"taxonomy":"product_cat","embeddable":true,"href":"https:\/\/www.wonenaandecotedazur.nl\/nl\/wp-json\/wp\/v2\/product_cat?post=3300069"},{"taxonomy":"product_tag","embeddable":true,"href":"https:\/\/www.wonenaandecotedazur.nl\/nl\/wp-json\/wp\/v2\/product_tag?post=3300069"}],"curies":[{"name":"wp","href":"https:\/\/api.w.org\/{rel}","templated":true}]}}