{"id":3300104,"date":"2026-01-15T21:32:33","date_gmt":"2026-01-15T20:32:33","guid":{"rendered":"https:\/\/www.wonenaandecotedazur.nl\/luxury-real-estate\/nieuwbouwproject-saint-laurent-du-var-pugets-cip-1054-4\/"},"modified":"2026-05-01T21:32:16","modified_gmt":"2026-05-01T19:32:16","slug":"nieuwbouwproject-saint-laurent-du-var-pugets-cip-1054-4","status":"publish","type":"product","link":"https:\/\/www.wonenaandecotedazur.nl\/nl\/luxury-real-estate\/nieuwbouwproject-saint-laurent-du-var-pugets-cip-1054-4\/","title":{"rendered":"Nieuwbouwproject Saint\u2011Laurent\u2011du\u2011Var \u2014 Pugets (CIP\u20111054)"},"content":{"rendered":"<p>Gelegen met uitzicht op de Middellandse Zee, biedt deze nieuwbouwresidentie een uitzonderlijke levenskwaliteit in het hart van Saint\u2011Laurent\u2011du\u2011Var, te midden van een dynamisch economisch gebied. Op korte afstand van Nice profiteert u hier van de nabijheid van technop\u00f4le Sophia Antipolis, de internationale luchthaven en belangrijke commerci\u00eble en zakelijke knooppunten zoals Cap 3000 en Nice M\u00e9ridia.<\/p>\n<p>In de snelgroeiende zone van \u00c9covall\u00e9e combineert deze ligging moderne voorzieningen met grote praktikaliteit. De residentie bestaat uit stijlvolle, comfortabele woningen omringd door winkels, kantoren en services die het dagelijkse leven vergemakkelijken. Dankzij een uitstekende bereikbaarheid \u2014 met het treinstation, de toekomstige tram en de snelweg vlakbij \u2014 is dit een ideale keuze voor zowel investeerders als wie op zoek is naar een permanente woonplaats.<\/p>\n<p>Dit exclusieve domein onderscheidt zich door hoogwaardige afwerkingen en aantrekkelijke voorzieningen, waaronder een priv\u00e9zwembad, verzorgde buitenruimtes en doordachte woningindelingen voor optimaal wooncomfort. De hedendaagse architectuur past harmonieus in het mediterrane landschap en plaatst uw woonkwaliteit centraal.<\/p>\n<p>Op slechts 15 minuten van stranden, de jachthaven en de levendige hotspots van de kust, spreekt deze residentie zowel actieve werkenden als liefhebbers van ontspanning aan. Een zeldzame kans aan de C\u00f4te d\u2019Azur die wooncomfort, rendement en waardebehoud weet te combineren.<\/p>\n<p>Wonen aan de C\u00f4te d\u2019Azur, gespecialiseerd in VEFA\u2011nieuwbouw (koop op plan), begeleidt dit project. U geniet van een 10\u2011jarige bouwgarantie, lagere notariskosten en de mogelijkheid om indeling en afwerking aan te passen voordat de bouw start \u2014 perfect om uw nieuwe woning volledig naar uw smaak te personaliseren.<\/p>\n<p>&nbsp;<\/p>\n","protected":false},"excerpt":{"rendered":"<p>Gelegen met uitzicht op de Middellandse Zee, biedt deze nieuwbouwresidentie een uitzonderlijke levenskwaliteit in het hart van Saint\u2011Laurent\u2011du\u2011Var, te midden van een dynamisch economisch gebied. Op korte afstand van Nice profiteert u hier van de nabijheid van technop\u00f4le Sophia Antipolis, de internationale luchthaven en belangrijke commerci\u00eble en zakelijke knooppunten zoals Cap 3000 en Nice M\u00e9ridia. [&hellip;]<\/p>\n","protected":false},"author":2,"featured_media":3286933,"template":"","meta":{"_acf_changed":false},"product_brand":[],"product_cat":[5678],"product_tag":[],"class_list":{"0":"post-3300104","1":"product","2":"type-product","3":"status-publish","4":"has-post-thumbnail","6":"product_cat-appartement","7":"pa_city-saint-laurent-du-var-nl","8":"pa_country-frankrijk","9":"pa_region-nice-nl","10":"pa_type-of-construction-nieuwbouw","12":"first","13":"instock","14":"product-type-simple"},"acf":[],"_links":{"self":[{"href":"https:\/\/www.wonenaandecotedazur.nl\/nl\/wp-json\/wp\/v2\/product\/3300104","targetHints":{"allow":["GET"]}}],"collection":[{"href":"https:\/\/www.wonenaandecotedazur.nl\/nl\/wp-json\/wp\/v2\/product"}],"about":[{"href":"https:\/\/www.wonenaandecotedazur.nl\/nl\/wp-json\/wp\/v2\/types\/product"}],"author":[{"embeddable":true,"href":"https:\/\/www.wonenaandecotedazur.nl\/nl\/wp-json\/wp\/v2\/users\/2"}],"wp:featuredmedia":[{"embeddable":true,"href":"https:\/\/www.wonenaandecotedazur.nl\/nl\/wp-json\/wp\/v2\/media\/3286933"}],"wp:attachment":[{"href":"https:\/\/www.wonenaandecotedazur.nl\/nl\/wp-json\/wp\/v2\/media?parent=3300104"}],"wp:term":[{"taxonomy":"product_brand","embeddable":true,"href":"https:\/\/www.wonenaandecotedazur.nl\/nl\/wp-json\/wp\/v2\/product_brand?post=3300104"},{"taxonomy":"product_cat","embeddable":true,"href":"https:\/\/www.wonenaandecotedazur.nl\/nl\/wp-json\/wp\/v2\/product_cat?post=3300104"},{"taxonomy":"product_tag","embeddable":true,"href":"https:\/\/www.wonenaandecotedazur.nl\/nl\/wp-json\/wp\/v2\/product_tag?post=3300104"}],"curies":[{"name":"wp","href":"https:\/\/api.w.org\/{rel}","templated":true}]}}