{"id":3300178,"date":"2026-01-15T21:33:48","date_gmt":"2026-01-15T20:33:48","guid":{"rendered":"https:\/\/www.wonenaandecotedazur.nl\/luxury-real-estate\/nieuwbouwresidentie-in-antibes-cip-803-7\/"},"modified":"2026-05-01T21:32:59","modified_gmt":"2026-05-01T19:32:59","slug":"nieuwbouwresidentie-in-antibes-cip-803-7","status":"publish","type":"product","link":"https:\/\/www.wonenaandecotedazur.nl\/nl\/luxury-real-estate\/nieuwbouwresidentie-in-antibes-cip-803-7\/","title":{"rendered":"Nieuwbouwresidentie in Antibes \u2013 CIP-803"},"content":{"rendered":"<p>Een uitzonderlijke levensstijl aan de C\u00f4te d&#8217;Azur<\/p>\n<p>Dit nieuwbouwproject in Antibes biedt bewoners een unieke kwaliteit van leven, in het hart van \u00e9\u00e9n van de meest gewilde badplaatsen aan de C\u00f4te d&#8217;Azur. Antibes betovert met zijn overvloedige zonuren en ontspannen levensritme \u2014 iets wat u dagelijks zult ervaren. Met 23 kilometer kustlijn toont de stad een gevarieerd mediterraan landschap: uitgestrekte zand- en kiezelstranden, verborgen baaien en charmante jachthavens die de sfeer bepalen. De levendigheid van Antibes, met zijn watersportaanbod en culturele rijkdom, maakt het een ideale plek om te wonen.<\/p>\n<p>Elegante, hedendaagse residentie<\/p>\n<p>De residentie vlakbij de stranden van Juan-les-Pins onderscheidt zich door een moderne, stedelijke uitstraling en verfijnde esthetiek. Met zuivere lijnen, harmonieuze tinten en een intieme opzet is deze nieuwbouw ontworpen om comfort en hedendaagse elegantie te combineren. Hoogwaardige materialen en zorgvuldig gekozen afwerkingen zorgen voor een hoog wooncomfort en een duurzame beleving.<\/p>\n<p>Comfort en gebruiksgemak elke dag<\/p>\n<p>Het project denkt aan uw dagelijkse gemak: ruime ondergrondse parkeerplaatsen bieden een veilige en praktische parkeersituatie en priv\u00e9bergingen beantwoorden aan extra opberggemak. Dankzij de nabijheid van de stranden van Juan-les-Pins geniet u moeiteloos van het beste van de kust, terwijl u terugkeert naar een rustige en aangename woonomgeving.<\/p>\n<p>Voordelen bij aankoop via Wonen aan de C\u00f4te d&#8217;Azur<\/p>\n<p>Wonen aan de C\u00f4te d&#8217;Azur is gespecialiseerd in VEFA-nieuwbouwprojecten en begeleidt u deskundig bij uw aankoop. Bovendien profiteert u van een 10-jarige bouwgarantie, lagere notariskosten en de mogelijkheid om indeling en afwerking aan te passen voordat de bouw begint \u2014 zo cre\u00ebert u een woning die helemaal aansluit op uw wensen.<\/p>\n<p>Conclusie<\/p>\n<p>Investeren in deze nieuwbouwresidentie nabij de stranden van Antibes betekent kiezen voor een uitzonderlijke levenskwaliteit aan de C\u00f4te d&#8217;Azur: directe toegang tot stranden en nautische activiteiten, een rijk cultureel aanbod en een perfecte mix van modern comfort en stijlvolle uitstraling. Mis deze unieke kans niet om eigenaar te worden in \u00e9\u00e9n van de mooiste wijken van Antibes. Neem contact op voor meer informatie of een bezichtiging.<\/p>\n<p>&nbsp;<\/p>\n","protected":false},"excerpt":{"rendered":"<p>Een uitzonderlijke levensstijl aan de C\u00f4te d&#8217;Azur Dit nieuwbouwproject in Antibes biedt bewoners een unieke kwaliteit van leven, in het hart van \u00e9\u00e9n van de meest gewilde badplaatsen aan de C\u00f4te d&#8217;Azur. Antibes betovert met zijn overvloedige zonuren en ontspannen levensritme \u2014 iets wat u dagelijks zult ervaren. Met 23 kilometer kustlijn toont de stad [&hellip;]<\/p>\n","protected":false},"author":2,"featured_media":3298501,"template":"","meta":{"_acf_changed":false},"product_brand":[],"product_cat":[5678],"product_tag":[],"class_list":{"0":"post-3300178","1":"product","2":"type-product","3":"status-publish","4":"has-post-thumbnail","6":"product_cat-appartement","7":"pa_city-antibes-nl","8":"pa_country-frankrijk","9":"pa_region-cannes-nl","10":"pa_region-nice-nl","11":"pa_type-of-construction-nieuwbouw","13":"first","14":"instock","15":"product-type-simple"},"acf":[],"_links":{"self":[{"href":"https:\/\/www.wonenaandecotedazur.nl\/nl\/wp-json\/wp\/v2\/product\/3300178","targetHints":{"allow":["GET"]}}],"collection":[{"href":"https:\/\/www.wonenaandecotedazur.nl\/nl\/wp-json\/wp\/v2\/product"}],"about":[{"href":"https:\/\/www.wonenaandecotedazur.nl\/nl\/wp-json\/wp\/v2\/types\/product"}],"author":[{"embeddable":true,"href":"https:\/\/www.wonenaandecotedazur.nl\/nl\/wp-json\/wp\/v2\/users\/2"}],"wp:featuredmedia":[{"embeddable":true,"href":"https:\/\/www.wonenaandecotedazur.nl\/nl\/wp-json\/wp\/v2\/media\/3298501"}],"wp:attachment":[{"href":"https:\/\/www.wonenaandecotedazur.nl\/nl\/wp-json\/wp\/v2\/media?parent=3300178"}],"wp:term":[{"taxonomy":"product_brand","embeddable":true,"href":"https:\/\/www.wonenaandecotedazur.nl\/nl\/wp-json\/wp\/v2\/product_brand?post=3300178"},{"taxonomy":"product_cat","embeddable":true,"href":"https:\/\/www.wonenaandecotedazur.nl\/nl\/wp-json\/wp\/v2\/product_cat?post=3300178"},{"taxonomy":"product_tag","embeddable":true,"href":"https:\/\/www.wonenaandecotedazur.nl\/nl\/wp-json\/wp\/v2\/product_tag?post=3300178"}],"curies":[{"name":"wp","href":"https:\/\/api.w.org\/{rel}","templated":true}]}}