{"id":3300186,"date":"2026-01-15T21:33:53","date_gmt":"2026-01-15T20:33:53","guid":{"rendered":"https:\/\/www.wonenaandecotedazur.nl\/luxury-real-estate\/nieuwbouwresidentie-in-saint-laurent-du-var-vlakbij-het-strand-cip-1076-3\/"},"modified":"2026-05-01T21:37:38","modified_gmt":"2026-05-01T19:37:38","slug":"nieuwbouwresidentie-in-saint-laurent-du-var-vlakbij-het-strand-cip-1076-3","status":"publish","type":"product","link":"https:\/\/www.wonenaandecotedazur.nl\/nl\/luxury-real-estate\/nieuwbouwresidentie-in-saint-laurent-du-var-vlakbij-het-strand-cip-1076-3\/","title":{"rendered":"Nieuwbouwresidentie in Saint-Laurent-du-Var, vlakbij het strand &#8211..."},"content":{"rendered":"<p>Een nieuwbouwresidentie in Saint-Laurent-du-Var \u2014 perfect leven tussen zee en licht<\/p>\n<p>Een unieke ligging aan zee<br \/>\nGelegen op een zeldzame locatie, biedt deze nieuwbouwresidentie in Saint-Laurent-du-Var een bijzonder woonkader waar elke dag uitnodigt tot genieten. Dankzij de uitzonderlijke ligging wandelt u eenvoudig naar het strand en leeft u op het ritme van de Middellandse Zee. Geniet van adembenemende zonsondergangen vanaf uw terras of balkon en ontspan in een mediterrane tuin die overgaat in een elegant zwembad. Hier komen natuur, rust en licht samen in een van de meest gewilde omgevingen aan de C\u00f4te d&#8217;Azur.<\/p>\n<p>Een hedendaagse residentie gericht op welzijn<br \/>\nModern en verfijnd: dit nieuwbouwproject is ontworpen met oog voor comfort en de kunst van het leven. De elegante architectuur benadrukt royale volumes, strakke lijnen en naadloos ge\u00efntegreerde buitenruimtes. Door de ideale ligging is deze residentie de perfecte keuze voor wie dagelijks wil leven dicht bij zee en zonlicht.<\/p>\n<p>Lichte appartementen met hoogwaardige afwerking<br \/>\nVan studio tot vierkamerappartement: de woningen in dit project vallen op door hun doordachte indeling en lichtinval. Ruime terrassen en balkons verlengen de leefruimtes en laten binnen en buiten harmonieus samenvloeien. Gemotoriseerde rolluiken maken het eenvoudig de lichtinval te regelen, en elk detail werd gekozen met het oog op kwaliteit en elegantie \u2014 een hoogwaardig project dicht bij het strand dat voldoet aan de hoogste normen van comfort en modern wonen.<\/p>\n<p>Voordelen bij aankoop via Wonen aan de C\u00f4te d&#8217;Azur<br \/>\nWonen aan de C\u00f4te d&#8217;Azur is gespecialiseerd in VEFA-nieuwbouwprojecten. Bij aankoop profiteert u van een 10-jarige bouwgarantie, lagere notariskosten en de mogelijkheid om indeling en afwerking aan te passen v\u00f3\u00f3r aanvang van de bouw \u2014 zo cre\u00ebert u een woning die echt bij uw leven past.<\/p>\n<p>Ontdek dit zeldzame woonaanbod en ervaar de levensstijl van de C\u00f4te d&#8217;Azur: licht, zee en hoogwaardige afwerking in \u00e9\u00e9n elegant geheel.<\/p>\n<p>&nbsp;<\/p>\n","protected":false},"excerpt":{"rendered":"<p>Een nieuwbouwresidentie in Saint-Laurent-du-Var \u2014 perfect leven tussen zee en licht Een unieke ligging aan zee Gelegen op een zeldzame locatie, biedt deze nieuwbouwresidentie in Saint-Laurent-du-Var een bijzonder woonkader waar elke dag uitnodigt tot genieten. Dankzij de uitzonderlijke ligging wandelt u eenvoudig naar het strand en leeft u op het ritme van de Middellandse Zee. [&hellip;]<\/p>\n","protected":false},"author":2,"featured_media":3299479,"template":"","meta":{"_acf_changed":false},"product_brand":[],"product_cat":[5678],"product_tag":[],"class_list":{"0":"post-3300186","1":"product","2":"type-product","3":"status-publish","4":"has-post-thumbnail","6":"product_cat-appartement","7":"pa_city-saint-laurent-du-var-nl","8":"pa_country-frankrijk","9":"pa_region-nice-nl","10":"pa_type-of-construction-nieuwbouw","12":"first","13":"instock","14":"product-type-simple"},"acf":[],"_links":{"self":[{"href":"https:\/\/www.wonenaandecotedazur.nl\/nl\/wp-json\/wp\/v2\/product\/3300186","targetHints":{"allow":["GET"]}}],"collection":[{"href":"https:\/\/www.wonenaandecotedazur.nl\/nl\/wp-json\/wp\/v2\/product"}],"about":[{"href":"https:\/\/www.wonenaandecotedazur.nl\/nl\/wp-json\/wp\/v2\/types\/product"}],"author":[{"embeddable":true,"href":"https:\/\/www.wonenaandecotedazur.nl\/nl\/wp-json\/wp\/v2\/users\/2"}],"wp:featuredmedia":[{"embeddable":true,"href":"https:\/\/www.wonenaandecotedazur.nl\/nl\/wp-json\/wp\/v2\/media\/3299479"}],"wp:attachment":[{"href":"https:\/\/www.wonenaandecotedazur.nl\/nl\/wp-json\/wp\/v2\/media?parent=3300186"}],"wp:term":[{"taxonomy":"product_brand","embeddable":true,"href":"https:\/\/www.wonenaandecotedazur.nl\/nl\/wp-json\/wp\/v2\/product_brand?post=3300186"},{"taxonomy":"product_cat","embeddable":true,"href":"https:\/\/www.wonenaandecotedazur.nl\/nl\/wp-json\/wp\/v2\/product_cat?post=3300186"},{"taxonomy":"product_tag","embeddable":true,"href":"https:\/\/www.wonenaandecotedazur.nl\/nl\/wp-json\/wp\/v2\/product_tag?post=3300186"}],"curies":[{"name":"wp","href":"https:\/\/api.w.org\/{rel}","templated":true}]}}