{"id":3300188,"date":"2026-01-15T21:33:53","date_gmt":"2026-01-15T20:33:53","guid":{"rendered":"https:\/\/www.wonenaandecotedazur.nl\/luxury-real-estate\/nieuwbouwproject-in-cannes-nabij-het-centrum-cip-1075-2\/"},"modified":"2026-05-01T21:37:27","modified_gmt":"2026-05-01T19:37:27","slug":"nieuwbouwproject-in-cannes-nabij-het-centrum-cip-1075-2","status":"publish","type":"product","link":"https:\/\/www.wonenaandecotedazur.nl\/nl\/luxury-real-estate\/nieuwbouwproject-in-cannes-nabij-het-centrum-cip-1075-2\/","title":{"rendered":"Nieuwbouwproject in Cannes, nabij het centrum &#8211; CIP-1075"},"content":{"rendered":"<p>Een uitzonderlijke woonomgeving midden in het groene hart van Cannes<br \/>\nDit nieuwbouwproject in Cannes geniet een unieke ligging, op korte afstand van een bekend natuurpark\u2014een van de groenste longen van de stad. Dankzij deze ligging combineert het project rust en natuur met de levendigheid van de stad: binnen enkele minuten bent u in het centrum, op de stranden, bij de winkels, restaurants en de iconische activiteiten van de Croisette.<\/p>\n<p>Wonen aan de C\u00f4te d&#8217;Azur is gespecialiseerd in VEFA\u2011nieuwbouw; u profiteert van deskundige begeleiding, een tienjarige constructiewaarborg, lagere notariskosten en de mogelijkheid om indeling en afwerking nog aan te passen v\u00f3\u00f3r aanvang van de bouw. Zo cre\u00ebert u een woning op maat, volledig afgestemd op uw wensen.<\/p>\n<p>Elegante en hedendaagse architectuur<br \/>\nHet project overtuigt door een verfijnde, hedendaagse architectuur die zorgvuldig is ontworpen om harmonieus op te gaan in de natuurlijke omgeving. De kleinschalige residentie telt slechts 34 woningen en combineert moderne lijnen met hoogwaardige materialen voor een ingetogen en elegante uitstraling.<\/p>\n<p>Elk appartement (2 tot 4 kamers) is met oog voor detail uitgewerkt om comfort, licht en welzijn te garanderen. Ruime buitenruimtes \u2013 tot 162 m\u00b2 voor gelijkvloerse tuinen en 48 m\u00b2 voor verdiepingsbalkons \u2013 verlengen de leefruimtes en nodigen uit om volop van het mediterrane klimaat te genieten.<\/p>\n<p>Priv\u00e9 en kwaliteitsvolle voorzieningen<br \/>\nHet zorgvuldig aangelegde groen, ge\u00efnspireerd op mediterrane beplanting, versterkt het gevoel van privacy en natuur. Interieurafwerkingen voldoen aan hoge standaarden: uitstekende isolatie, verfijnde afwerking, grote raampartijen en slimme indelingen. Parkeervoorzieningen bieden zowel gemak als veiligheid voor iedere bewoner.<\/p>\n<p>Een duurzame en aantrekkelijke investering<br \/>\nDit nieuwbouwproject in Cannes is een solide kans in \u00e9\u00e9n van de meest gewilde delen van de C\u00f4te d&#8217;Azur. De gunstige locatie, lage dichtheid en nabijheid van het natuurpark en het stadscentrum maken het ideaal als hoofdverblijf of als rendabele verhuurinvestering. Neem contact op met Wonen aan de C\u00f4te d&#8217;Azur voor meer informatie over beschikbare woningen en de mogelijkheden om uw toekomstige huis v\u00f3\u00f3r de bouw aan te passen.<\/p>\n<p>&nbsp;<\/p>\n","protected":false},"excerpt":{"rendered":"<p>Een uitzonderlijke woonomgeving midden in het groene hart van Cannes Dit nieuwbouwproject in Cannes geniet een unieke ligging, op korte afstand van een bekend natuurpark\u2014een van de groenste longen van de stad. Dankzij deze ligging combineert het project rust en natuur met de levendigheid van de stad: binnen enkele minuten bent u in het centrum, [&hellip;]<\/p>\n","protected":false},"author":2,"featured_media":3299418,"template":"","meta":{"_acf_changed":false},"product_brand":[],"product_cat":[5678],"product_tag":[],"class_list":{"0":"post-3300188","1":"product","2":"type-product","3":"status-publish","4":"has-post-thumbnail","6":"product_cat-appartement","7":"pa_city-cannes-nl","8":"pa_country-frankrijk","9":"pa_region-cannes-nl","10":"pa_type-of-construction-nieuwbouw","12":"first","13":"instock","14":"product-type-simple"},"acf":[],"_links":{"self":[{"href":"https:\/\/www.wonenaandecotedazur.nl\/nl\/wp-json\/wp\/v2\/product\/3300188","targetHints":{"allow":["GET"]}}],"collection":[{"href":"https:\/\/www.wonenaandecotedazur.nl\/nl\/wp-json\/wp\/v2\/product"}],"about":[{"href":"https:\/\/www.wonenaandecotedazur.nl\/nl\/wp-json\/wp\/v2\/types\/product"}],"author":[{"embeddable":true,"href":"https:\/\/www.wonenaandecotedazur.nl\/nl\/wp-json\/wp\/v2\/users\/2"}],"wp:featuredmedia":[{"embeddable":true,"href":"https:\/\/www.wonenaandecotedazur.nl\/nl\/wp-json\/wp\/v2\/media\/3299418"}],"wp:attachment":[{"href":"https:\/\/www.wonenaandecotedazur.nl\/nl\/wp-json\/wp\/v2\/media?parent=3300188"}],"wp:term":[{"taxonomy":"product_brand","embeddable":true,"href":"https:\/\/www.wonenaandecotedazur.nl\/nl\/wp-json\/wp\/v2\/product_brand?post=3300188"},{"taxonomy":"product_cat","embeddable":true,"href":"https:\/\/www.wonenaandecotedazur.nl\/nl\/wp-json\/wp\/v2\/product_cat?post=3300188"},{"taxonomy":"product_tag","embeddable":true,"href":"https:\/\/www.wonenaandecotedazur.nl\/nl\/wp-json\/wp\/v2\/product_tag?post=3300188"}],"curies":[{"name":"wp","href":"https:\/\/api.w.org\/{rel}","templated":true}]}}