{"id":3300190,"date":"2026-01-15T21:33:53","date_gmt":"2026-01-15T20:33:53","guid":{"rendered":"https:\/\/www.wonenaandecotedazur.nl\/luxury-real-estate\/nieuwbouwproject-in-cannes-dicht-bij-het-centrum-cip-1075\/"},"modified":"2026-05-01T21:37:33","modified_gmt":"2026-05-01T19:37:33","slug":"nieuwbouwproject-in-cannes-dicht-bij-het-centrum-cip-1075","status":"publish","type":"product","link":"https:\/\/www.wonenaandecotedazur.nl\/nl\/luxury-real-estate\/nieuwbouwproject-in-cannes-dicht-bij-het-centrum-cip-1075\/","title":{"rendered":"Nieuwbouwproject in Cannes &#8211; Dicht bij het centrum &#8211; CIP-1..."},"content":{"rendered":"<p>Een buitengewone woonomgeving in het hart van het groene Cannes.<\/p>\n<p>Dit nieuwbouwproject geniet van een uitzonderlijke ligging, direct naast een uitgestrekt natuurpark \u2014 \u00e9\u00e9n van de meest gewaardeerde groene longen van de stad. Het biedt de perfecte combinatie van rust, natuur en bruisend stadsleven: in enkele minuten bereikt u het centrum, de stranden, winkels, restaurants en de iconische sfeer van de Croisette. Gevestigd in een gewilde residenti\u00eble wijk, overtuigt dit kleinschalige project door zijn serene sfeer, weelderige groen en een onge\u00ebvenaarde levenskwaliteit.<\/p>\n<p>Elegante, hedendaagse architectuur.<\/p>\n<p>De residentie onderscheidt zich door een verfijnde architectuur die harmonieus aansluit op de natuurlijke omgeving. Met slechts 34 wooneenheden straalt het complex rust en exclusiviteit uit. Moderne lijnen en hoogwaardige materialen cre\u00ebren een tijdloos en elegant geheel. Elk appartement \u2014 van 2- tot 4-kamer \u2014 is doordacht vormgegeven voor maximaal comfort, veel lichtinval en woonplezier. Ruime buitenruimtes, tot wel 162 m\u00b2 op tuinniveau en 48 m\u00b2 op de verdiepingen, verlengen het leven binnenshuis naar buiten en nodigen uit om te genieten van het mediterrane klimaat.<\/p>\n<p>Bevoorrechte ligging en kwaliteitsafwerkingen.<\/p>\n<p>Het zorgvuldig aangelegde groen, ge\u00efnspireerd op de mediterrane vegetatie, versterkt het gevoel van privacy en natuur. Interieurafwerkingen voldoen aan hoge normen: uitstekende isolatie, verzorgde afwerking, grote glaspartijen en slimme indelingen voor effici\u00ebnt wonen. Parkeergelegenheid biedt dagelijks comfort en veiligheid voor elke bewoner.<\/p>\n<p>Duurzame en aantrekkelijke investering.<\/p>\n<p>Dit nieuwbouwproject is een uitstekende kans in \u00e9\u00e9n van de meest gewilde delen van de C\u00f4te d&#8217;Azur. De gunstige ligging, lage dichtheid en nabijheid van zowel het natuurpark als het stadscentrum maken het zeer geschikt als hoofdverblijf of als rendementrijke verhuurinvestering.<\/p>\n<p>Wonen aan de C\u00f4te d&#8217;Azur is specialist in VEFA-nieuwbouw. Bij aankoop via VEFA profiteert u van belangrijke voordelen: lagere notariskosten, een tienjarige constructiegarantie en de mogelijkheid om indeling en afwerking aan te passen voordat de bouw start \u2014 zo wordt uw woning helemaal op maat gerealiseerd. Neem contact op met Wonen aan de C\u00f4te d&#8217;Azur voor een persoonlijk dossier en begeleiding bij uw project.<\/p>\n<p>&nbsp;<\/p>\n","protected":false},"excerpt":{"rendered":"<p>Een buitengewone woonomgeving in het hart van het groene Cannes. Dit nieuwbouwproject geniet van een uitzonderlijke ligging, direct naast een uitgestrekt natuurpark \u2014 \u00e9\u00e9n van de meest gewaardeerde groene longen van de stad. Het biedt de perfecte combinatie van rust, natuur en bruisend stadsleven: in enkele minuten bereikt u het centrum, de stranden, winkels, restaurants [&hellip;]<\/p>\n","protected":false},"author":2,"featured_media":3299418,"template":"","meta":{"_acf_changed":false},"product_brand":[],"product_cat":[5678],"product_tag":[],"class_list":{"0":"post-3300190","1":"product","2":"type-product","3":"status-publish","4":"has-post-thumbnail","6":"product_cat-appartement","7":"pa_city-cannes-nl","8":"pa_country-frankrijk","9":"pa_region-cannes-nl","10":"pa_type-of-construction-nieuwbouw","12":"first","13":"instock","14":"product-type-simple"},"acf":[],"_links":{"self":[{"href":"https:\/\/www.wonenaandecotedazur.nl\/nl\/wp-json\/wp\/v2\/product\/3300190","targetHints":{"allow":["GET"]}}],"collection":[{"href":"https:\/\/www.wonenaandecotedazur.nl\/nl\/wp-json\/wp\/v2\/product"}],"about":[{"href":"https:\/\/www.wonenaandecotedazur.nl\/nl\/wp-json\/wp\/v2\/types\/product"}],"author":[{"embeddable":true,"href":"https:\/\/www.wonenaandecotedazur.nl\/nl\/wp-json\/wp\/v2\/users\/2"}],"wp:featuredmedia":[{"embeddable":true,"href":"https:\/\/www.wonenaandecotedazur.nl\/nl\/wp-json\/wp\/v2\/media\/3299418"}],"wp:attachment":[{"href":"https:\/\/www.wonenaandecotedazur.nl\/nl\/wp-json\/wp\/v2\/media?parent=3300190"}],"wp:term":[{"taxonomy":"product_brand","embeddable":true,"href":"https:\/\/www.wonenaandecotedazur.nl\/nl\/wp-json\/wp\/v2\/product_brand?post=3300190"},{"taxonomy":"product_cat","embeddable":true,"href":"https:\/\/www.wonenaandecotedazur.nl\/nl\/wp-json\/wp\/v2\/product_cat?post=3300190"},{"taxonomy":"product_tag","embeddable":true,"href":"https:\/\/www.wonenaandecotedazur.nl\/nl\/wp-json\/wp\/v2\/product_tag?post=3300190"}],"curies":[{"name":"wp","href":"https:\/\/api.w.org\/{rel}","templated":true}]}}