{"id":3300197,"date":"2026-01-15T21:34:07","date_gmt":"2026-01-15T20:34:07","guid":{"rendered":"https:\/\/www.wonenaandecotedazur.nl\/luxury-real-estate\/nieuwbouwresidentie-in-saint-laurent-du-var-op-een-steenworp-van-het-strand-cip-1076\/"},"modified":"2026-05-01T21:37:37","modified_gmt":"2026-05-01T19:37:37","slug":"nieuwbouwresidentie-in-saint-laurent-du-var-op-een-steenworp-van-het-strand-cip-1076","status":"publish","type":"product","link":"https:\/\/www.wonenaandecotedazur.nl\/nl\/luxury-real-estate\/nieuwbouwresidentie-in-saint-laurent-du-var-op-een-steenworp-van-het-strand-cip-1076\/","title":{"rendered":"Nieuwbouwresidentie in Saint-Laurent-du-Var, op een steenworp van het ..."},"content":{"rendered":"<p>Een nieuwbouwresidentie in Saint-Laurent-du-Var \u2014 perfect leven tussen zee en licht<\/p>\n<p>Een uitzonderlijke ligging aan zee<br \/>\nGelegen op een zeldzame locatie biedt deze nieuwbouwresidentie in Saint-Laurent-du-Var een levensstijl waarin elke dag uitnodigt tot ontspanning. Vanaf uw appartement wandelt u zo naar de kust: een onmiskenbaar comfort om ten volle te genieten van de Middellandse Zee. Geniet van adembenemende zonsondergangen vanaf uw terras of balkon en kom tot rust in een fraai aangelegde mediterrane tuin met een elegant zwembad. Hier komen natuur, rust en helder licht samen in een unieke omgeving aan de C\u00f4te d\u2019Azur.<\/p>\n<p>Een hedendaagse residentie gericht op welzijn<br \/>\nModern en verfijnd, dit nieuwbouwproject is ontworpen met oog voor kwaliteit van leven. De elegante architectuur benadrukt royale volumes, zuivere lijnen en naadloos ge\u00efntegreerde buitenruimtes. Dankzij de gunstige ligging, vlak bij het strand, is dit de ideale keuze voor wie elke dag wil leven in het ritme van zee en zonlicht.<\/p>\n<p>Lichte appartementen en hoogwaardige afwerking<br \/>\nVan studio\u2019s tot vierkamerappartementen: de woningen overtuigen door doordachte indelingen en veel natuurlijk licht. Ruime terrassen en balkons vergroten de leefruimtes en nodigen uit tot buitenleven. Elektrisch bedienbare rolluiken maken het makkelijk om de lichtinval te reguleren. Elk detail is zorgvuldig afgewerkt, waardoor dit project uitblinkt als een hoogwaardig en elegant woonaanbod dicht bij het strand.<\/p>\n<p>Wonen aan de C\u00f4te d\u2019Azur \u2014 VEFA-specialist en extra voordelen<br \/>\nWonen aan de C\u00f4te d\u2019Azur is gespecialiseerd in VEFA-nieuwbouwprojecten en begeleidt u bij de aankoop op plan. U profiteert van een tienjarige constructiegarantie, lagere notariskosten en de mogelijkheid om indeling en afwerking naar wens aan te passen v\u00f3\u00f3r de start van de bouw. Een unieke kans om uw droomwoning aan de C\u00f4te d\u2019Azur op maat te realiseren.<\/p>\n<p>&nbsp;<\/p>\n","protected":false},"excerpt":{"rendered":"<p>Een nieuwbouwresidentie in Saint-Laurent-du-Var \u2014 perfect leven tussen zee en licht Een uitzonderlijke ligging aan zee Gelegen op een zeldzame locatie biedt deze nieuwbouwresidentie in Saint-Laurent-du-Var een levensstijl waarin elke dag uitnodigt tot ontspanning. Vanaf uw appartement wandelt u zo naar de kust: een onmiskenbaar comfort om ten volle te genieten van de Middellandse Zee. [&hellip;]<\/p>\n","protected":false},"author":2,"featured_media":3299479,"template":"","meta":{"_acf_changed":false},"product_brand":[],"product_cat":[5678],"product_tag":[],"class_list":{"0":"post-3300197","1":"product","2":"type-product","3":"status-publish","4":"has-post-thumbnail","6":"product_cat-appartement","7":"pa_city-saint-laurent-du-var-nl","8":"pa_country-frankrijk","9":"pa_region-nice-nl","10":"pa_type-of-construction-nieuwbouw","12":"first","13":"instock","14":"product-type-simple"},"acf":[],"_links":{"self":[{"href":"https:\/\/www.wonenaandecotedazur.nl\/nl\/wp-json\/wp\/v2\/product\/3300197","targetHints":{"allow":["GET"]}}],"collection":[{"href":"https:\/\/www.wonenaandecotedazur.nl\/nl\/wp-json\/wp\/v2\/product"}],"about":[{"href":"https:\/\/www.wonenaandecotedazur.nl\/nl\/wp-json\/wp\/v2\/types\/product"}],"author":[{"embeddable":true,"href":"https:\/\/www.wonenaandecotedazur.nl\/nl\/wp-json\/wp\/v2\/users\/2"}],"wp:featuredmedia":[{"embeddable":true,"href":"https:\/\/www.wonenaandecotedazur.nl\/nl\/wp-json\/wp\/v2\/media\/3299479"}],"wp:attachment":[{"href":"https:\/\/www.wonenaandecotedazur.nl\/nl\/wp-json\/wp\/v2\/media?parent=3300197"}],"wp:term":[{"taxonomy":"product_brand","embeddable":true,"href":"https:\/\/www.wonenaandecotedazur.nl\/nl\/wp-json\/wp\/v2\/product_brand?post=3300197"},{"taxonomy":"product_cat","embeddable":true,"href":"https:\/\/www.wonenaandecotedazur.nl\/nl\/wp-json\/wp\/v2\/product_cat?post=3300197"},{"taxonomy":"product_tag","embeddable":true,"href":"https:\/\/www.wonenaandecotedazur.nl\/nl\/wp-json\/wp\/v2\/product_tag?post=3300197"}],"curies":[{"name":"wp","href":"https:\/\/api.w.org\/{rel}","templated":true}]}}