{"id":3300227,"date":"2026-01-15T21:34:55","date_gmt":"2026-01-15T20:34:55","guid":{"rendered":"https:\/\/www.wonenaandecotedazur.nl\/luxury-real-estate\/nieuwbouw-in-golfe-juan-cip-871-3\/"},"modified":"2026-05-01T21:33:44","modified_gmt":"2026-05-01T19:33:44","slug":"nieuwbouw-in-golfe-juan-cip-871-3","status":"publish","type":"product","link":"https:\/\/www.wonenaandecotedazur.nl\/nl\/luxury-real-estate\/nieuwbouw-in-golfe-juan-cip-871-3\/","title":{"rendered":"Nieuwbouw in GOLFE-JUAN &#8211; CIP-871"},"content":{"rendered":"<p>Golfe-Juan: tussen land en zee<\/p>\n<p>Een exclusieve badplaats op een toplocatie<br \/>\nGelegen tussen het binnenland en de Middellandse Zee, bestaat de gemeente Vallauris Golfe-Juan uit twee kernen op slechts 3 km afstand: het rustige Vallauris landinwaarts en het charmante, zeegerichte Golfe-Juan. Dit nieuwbouwproject in Golfe-Juan geniet een uitmuntende ligging, omringd door prestigieuze plaatsen als Cannes, Antibes en Mougins, en op korte afstand van het innovatief centrum Sophia Antipolis \u2014 perfect om te wonen \u00e9n te werken aan de C\u00f4te d&#8217;Azur.<\/p>\n<p>Gemakkelijk bereikbaar en vlak bij voorzieningen<br \/>\nHet project ligt strategisch dicht bij alle dagelijkse voorzieningen: winkels, restaurants en het stadscentrum zijn snel bereikbaar. De stranden liggen op ongeveer 2 km en zijn dus gemakkelijk te voet te bereiken \u2014 ideaal voor wie de zee snel wil kunnen opzoeken.<\/p>\n<p>Leven op z\u2019n best: comfort en buitenleven<br \/>\nDe residentie is ontworpen voor een ontspannen levensstijl: een fraai zwembad en een aangelegde parkzone nodigen uit tot ontspanning met familie en vrienden. De appartementen vari\u00ebren van studio\u2019s tot 5-kamerwoningen en beschikken allemaal over riant terras of balkon, zodat u optimaal kunt genieten van het mediterrane klimaat.<\/p>\n<p>Rust, privacy en slim ingedeelde woningen<br \/>\nOnze 2- en 3-kamerappartementen \u2014 sommige met handige alkoof \u2014 bieden uitstekende mogelijkheden voor een tweede verblijf of permanente bewoning aan de C\u00f4te d&#8217;Azur. Elk appartement is extra leefbaar door een terras of priv\u00e9tuin. De autoluwe residentie met ondergrondse parkeergelegenheid zorgt voor een rustige buitenruimte en extra privacy. Natuurlijk hebben bewoners ook toegang tot het zwembad om te verfrissen en te ontspannen.<\/p>\n<p>Een toplocatie tussen Cannes en Nice<br \/>\nGolfe-Juan ligt ideaal tussen Cannes en Nice en vlakbij Antibes Juan-les-Pins. De ligging biedt snelle verbindingen naar snelwegen, stranden, winkels en tal van attracties. Dit nieuwbouwprogramma start binnenkort \u2014 een unieke kans om uw mediterrane droomwoning te bemachtigen.<\/p>\n<p>Wonen aan de C\u00f4te d&#8217;Azur: VEFA-specialist met voordelen<br \/>\nWonen aan de C\u00f4te d&#8217;Azur is gespecialiseerd in VEFA-nieuwbouwprojecten. Als koper profiteert u van een tienjarige bouwwaarborg, lagere notariskosten en de mogelijkheid om indeling en afwerking naar wens aan te passen v\u00f3\u00f3r de start van de bouw. Neem vandaag nog contact op om uw opties te bespreken en uw plek aan de C\u00f4te d&#8217;Azur veilig te stellen.<\/p>\n<p>&nbsp;<\/p>\n","protected":false},"excerpt":{"rendered":"<p>Golfe-Juan: tussen land en zee Een exclusieve badplaats op een toplocatie Gelegen tussen het binnenland en de Middellandse Zee, bestaat de gemeente Vallauris Golfe-Juan uit twee kernen op slechts 3 km afstand: het rustige Vallauris landinwaarts en het charmante, zeegerichte Golfe-Juan. Dit nieuwbouwproject in Golfe-Juan geniet een uitmuntende ligging, omringd door prestigieuze plaatsen als Cannes, [&hellip;]<\/p>\n","protected":false},"author":2,"featured_media":3282134,"template":"","meta":{"_acf_changed":false},"product_brand":[],"product_cat":[5678],"product_tag":[],"class_list":{"0":"post-3300227","1":"product","2":"type-product","3":"status-publish","4":"has-post-thumbnail","6":"product_cat-appartement","7":"pa_city-golfe-juan-nl","8":"pa_country-frankrijk","9":"pa_type-of-construction-nieuwbouw","11":"first","12":"instock","13":"product-type-simple"},"acf":[],"_links":{"self":[{"href":"https:\/\/www.wonenaandecotedazur.nl\/nl\/wp-json\/wp\/v2\/product\/3300227","targetHints":{"allow":["GET"]}}],"collection":[{"href":"https:\/\/www.wonenaandecotedazur.nl\/nl\/wp-json\/wp\/v2\/product"}],"about":[{"href":"https:\/\/www.wonenaandecotedazur.nl\/nl\/wp-json\/wp\/v2\/types\/product"}],"author":[{"embeddable":true,"href":"https:\/\/www.wonenaandecotedazur.nl\/nl\/wp-json\/wp\/v2\/users\/2"}],"wp:featuredmedia":[{"embeddable":true,"href":"https:\/\/www.wonenaandecotedazur.nl\/nl\/wp-json\/wp\/v2\/media\/3282134"}],"wp:attachment":[{"href":"https:\/\/www.wonenaandecotedazur.nl\/nl\/wp-json\/wp\/v2\/media?parent=3300227"}],"wp:term":[{"taxonomy":"product_brand","embeddable":true,"href":"https:\/\/www.wonenaandecotedazur.nl\/nl\/wp-json\/wp\/v2\/product_brand?post=3300227"},{"taxonomy":"product_cat","embeddable":true,"href":"https:\/\/www.wonenaandecotedazur.nl\/nl\/wp-json\/wp\/v2\/product_cat?post=3300227"},{"taxonomy":"product_tag","embeddable":true,"href":"https:\/\/www.wonenaandecotedazur.nl\/nl\/wp-json\/wp\/v2\/product_tag?post=3300227"}],"curies":[{"name":"wp","href":"https:\/\/api.w.org\/{rel}","templated":true}]}}