{"id":3300232,"date":"2026-01-15T21:35:01","date_gmt":"2026-01-15T20:35:01","guid":{"rendered":"https:\/\/www.wonenaandecotedazur.nl\/luxury-real-estate\/exclusieve-nieuwbouwresidentie-in-chateauneuf-de-grasse-cip-875-3\/"},"modified":"2026-05-01T21:33:06","modified_gmt":"2026-05-01T19:33:06","slug":"exclusieve-nieuwbouwresidentie-in-chateauneuf-de-grasse-cip-875-3","status":"publish","type":"product","link":"https:\/\/www.wonenaandecotedazur.nl\/nl\/luxury-real-estate\/exclusieve-nieuwbouwresidentie-in-chateauneuf-de-grasse-cip-875-3\/","title":{"rendered":"Exclusieve nieuwbouwresidentie in Ch\u00e2teauneuf-de-Grasse \u2014 CIP-875"},"content":{"rendered":"<p>Ch\u00e2teauneuf-de-Grasse: een historisch dorp met Proven\u00e7aalse allure<br \/>\nCh\u00e2teauneuf-de-Grasse, hoog boven het omliggende landschap gelegen en met een panoramisch uitzicht over de baai van Cannes, staat op de lijst van historische sites van de Alpes-Maritimes. In het hart van dit schilderachtige dorp nodigen smalle straatjes, platanen en vijgenbomen uit tot ontspannen wandelingen; de authentieke architectuur ademt de warme sfeer van de Provence.<\/p>\n<p>Rust en groen, op slechts 3 minuten van Opio<br \/>\nGelegen in een geliefde, groene en residenti\u00eble buurt \u2014 op slechts 3 minuten rijden van Opio \u2014 biedt deze nieuwbouwresidentie rust en privacy. Het afgesloten terrein is omgeven door aangelegde tuinen, die het natuurlijke karakter van de omgeving versterken. Met een eigentijdse architectuur over slechts twee verdiepingen hebben de appartementen een fraaie ori\u00ebntatie, royale lichtinval en ruime indelingen. Elk appartement opent zich naar buiten met een terras of een private tuin en geniet van rustgevende vergezichten over de omliggende bossen.<\/p>\n<p>Modern, milieubewust en doordacht<br \/>\nDit project respecteert zijn natuurlijke omgeving en speelt subtiel met kleur, eenvoud en veel licht. De buitenruimtes zijn ontworpen om dagelijks welzijn te bieden: een zwembad, beplantte zones met olijfbomen, citrusbomen en exotische beplanting cre\u00ebren een serene, mediterrane sfeer waar het heerlijk toeven is.<\/p>\n<p>Comfort en hoogwaardige afwerking binnen<br \/>\nDe binnenruimtes zijn zorgvuldig uitgewerkt voor maximaal wooncomfort. De appartementen \u2014 van 2- tot 5-kamerwoningen \u2014 bieden doordachte indelingen en hoogwaardige afwerkingen, geselecteerd voor duurzaamheid en een aangename leefkwaliteit. Ervaar het comfort van een nieuwbouwwoning die perfect aansluit bij uw levensstijl.<\/p>\n<p>Voordelen voor kopers: flexibiliteit en zekerheid<br \/>\nWonen aan de C\u00f4te d&#8217;Azur is gespecialiseerd in VEFA-nieuwbouwprojecten en begeleidt u bij elke stap van aankoop en realisatie. Als koper profiteert u van belangrijke voordelen: een tienjarige constructiegarantie, lagere notariskosten en de mogelijkheid om de indeling en afwerkingskeuzes aan te passen v\u00f3\u00f3r aanvang van de bouw. Zo cre\u00ebert u een woning die echt van u is, met de zekerheid en service van een professionele ontwikkelaar.<\/p>\n<p>Ontdek de perfecte combinatie van Provence, natuur en hedendaags comfort in deze bijzondere residentie in Ch\u00e2teauneuf-de-Grasse \u2014 een unieke kans om te wonen aan de C\u00f4te d&#8217;Azur.<\/p>\n<p>&nbsp;<\/p>\n","protected":false},"excerpt":{"rendered":"<p>Ch\u00e2teauneuf-de-Grasse: een historisch dorp met Proven\u00e7aalse allure Ch\u00e2teauneuf-de-Grasse, hoog boven het omliggende landschap gelegen en met een panoramisch uitzicht over de baai van Cannes, staat op de lijst van historische sites van de Alpes-Maritimes. In het hart van dit schilderachtige dorp nodigen smalle straatjes, platanen en vijgenbomen uit tot ontspannen wandelingen; de authentieke architectuur ademt [&hellip;]<\/p>\n","protected":false},"author":2,"featured_media":3282404,"template":"","meta":{"_acf_changed":false},"product_brand":[],"product_cat":[5678],"product_tag":[],"class_list":{"0":"post-3300232","1":"product","2":"type-product","3":"status-publish","4":"has-post-thumbnail","6":"product_cat-appartement","7":"pa_city-chateauneuf-de-grasse-nl","8":"pa_country-frankrijk","9":"pa_type-of-construction-nieuwbouw","11":"first","12":"instock","13":"product-type-simple"},"acf":[],"_links":{"self":[{"href":"https:\/\/www.wonenaandecotedazur.nl\/nl\/wp-json\/wp\/v2\/product\/3300232","targetHints":{"allow":["GET"]}}],"collection":[{"href":"https:\/\/www.wonenaandecotedazur.nl\/nl\/wp-json\/wp\/v2\/product"}],"about":[{"href":"https:\/\/www.wonenaandecotedazur.nl\/nl\/wp-json\/wp\/v2\/types\/product"}],"author":[{"embeddable":true,"href":"https:\/\/www.wonenaandecotedazur.nl\/nl\/wp-json\/wp\/v2\/users\/2"}],"wp:featuredmedia":[{"embeddable":true,"href":"https:\/\/www.wonenaandecotedazur.nl\/nl\/wp-json\/wp\/v2\/media\/3282404"}],"wp:attachment":[{"href":"https:\/\/www.wonenaandecotedazur.nl\/nl\/wp-json\/wp\/v2\/media?parent=3300232"}],"wp:term":[{"taxonomy":"product_brand","embeddable":true,"href":"https:\/\/www.wonenaandecotedazur.nl\/nl\/wp-json\/wp\/v2\/product_brand?post=3300232"},{"taxonomy":"product_cat","embeddable":true,"href":"https:\/\/www.wonenaandecotedazur.nl\/nl\/wp-json\/wp\/v2\/product_cat?post=3300232"},{"taxonomy":"product_tag","embeddable":true,"href":"https:\/\/www.wonenaandecotedazur.nl\/nl\/wp-json\/wp\/v2\/product_tag?post=3300232"}],"curies":[{"name":"wp","href":"https:\/\/api.w.org\/{rel}","templated":true}]}}