{"id":3300233,"date":"2026-01-15T21:35:01","date_gmt":"2026-01-15T20:35:01","guid":{"rendered":"https:\/\/www.wonenaandecotedazur.nl\/luxury-real-estate\/nieuwbouwresidentie-in-chateauneuf-de-grasse-cip-875-4\/"},"modified":"2026-05-01T21:33:07","modified_gmt":"2026-05-01T19:33:07","slug":"nieuwbouwresidentie-in-chateauneuf-de-grasse-cip-875-4","status":"publish","type":"product","link":"https:\/\/www.wonenaandecotedazur.nl\/nl\/luxury-real-estate\/nieuwbouwresidentie-in-chateauneuf-de-grasse-cip-875-4\/","title":{"rendered":"Nieuwbouwresidentie in Ch\u00e2teauneuf-de-Grasse &#8211; CIP-875"},"content":{"rendered":"<p>Ch\u00e2teauneuf-de-Grasse: een historisch Proven\u00e7aals dorp met karakter<br \/>\nCh\u00e2teauneuf-de-Grasse ligt hoog boven het omliggende landschap en biedt een schitterend panoramisch uitzicht over de baai van Cannes. Het dorp staat op de inventaris van historische sites van de Alpes-Maritimes en ademt Proven\u00e7aalse authenticiteit: smalle straatjes, platanen en vijgenbomen, en een tijdloze architectuur die warmte en charme uitstraalt.<\/p>\n<p>Rust en groen, op slechts 3 minuten van Opio<br \/>\nDeze nieuwbouwresidentie is gelegen in een gewilde, groene en rustige wijk en bevindt zich op slechts 3 minuten rijden van Opio. Het afgesloten complex wordt omgeven door aangelegde tuinen, wat bijdraagt aan het residenti\u00eble, natuurlijke karakter van de buurt. Met een hedendaagse architectuur van slechts twee bouwlagen bieden de appartementen een uitstekende bezonning en royale ruimtes. Elk appartement opent zich naar buiten met een terras of een priv\u00e9tuin en geniet van een prachtig uitzicht op de omliggende bossen.<\/p>\n<p>Modern, duurzaam en lichtdoorlatend ontwerp<br \/>\nHet project zoekt de perfecte balans met de natuur: ingetogen tinten, eenvoudige lijnen en veel aandacht voor licht. De buitenruimtes zijn zorgvuldig ontworpen om een gevoel van welzijn te geven. De residentie beschikt over een zwembad en groene zones beplant met olijfbomen, citrusbomen en exotische planten, die samen een kalme en natuurlijke sfeer cre\u00ebren.<\/p>\n<p>Comfort van binnenuit<br \/>\nDe binnenruimtes zijn met oog voor detail uitgedacht voor optimaal wooncomfort. De appartementen, van 2 tot 5 kamers, zijn slim ingedeeld en afgewerkt met hoogwaardige materialen die zorgen voor duurzaamheid en dagelijks welzijn. Geniet van een kwalitatieve manier van leven in deze nieuwbouwresidentie, waar rust, natuur en comfort harmonieus samenkomen.<\/p>\n<p>Aankoop onder VEFA met extra voordelen<br \/>\nWonen aan de C\u00f4te d&#8217;Azur is gespecialiseerd in VEFA-nieuwbouwprojecten (aankoop v\u00f3\u00f3r oplevering) en begeleidt u persoonlijk bij uw aankoop. Kiezen voor VEFA betekent bovendien extra zekerheid en voordeel: u ontvangt een 10-jarige bouwgarantie, betaalt lagere notariskosten en hebt de mogelijkheid om indeling en afwerking aan te passen voordat de bouw start. Een unieke kans om uw ideale woning aan de C\u00f4te d&#8217;Azur op maat te realiseren.<\/p>\n<p>&nbsp;<\/p>\n","protected":false},"excerpt":{"rendered":"<p>Ch\u00e2teauneuf-de-Grasse: een historisch Proven\u00e7aals dorp met karakter Ch\u00e2teauneuf-de-Grasse ligt hoog boven het omliggende landschap en biedt een schitterend panoramisch uitzicht over de baai van Cannes. Het dorp staat op de inventaris van historische sites van de Alpes-Maritimes en ademt Proven\u00e7aalse authenticiteit: smalle straatjes, platanen en vijgenbomen, en een tijdloze architectuur die warmte en charme uitstraalt. [&hellip;]<\/p>\n","protected":false},"author":2,"featured_media":3282404,"template":"","meta":{"_acf_changed":false},"product_brand":[],"product_cat":[5678],"product_tag":[],"class_list":{"0":"post-3300233","1":"product","2":"type-product","3":"status-publish","4":"has-post-thumbnail","6":"product_cat-appartement","7":"pa_city-chateauneuf-de-grasse-nl","8":"pa_country-frankrijk","9":"pa_type-of-construction-nieuwbouw","11":"first","12":"instock","13":"product-type-simple"},"acf":[],"_links":{"self":[{"href":"https:\/\/www.wonenaandecotedazur.nl\/nl\/wp-json\/wp\/v2\/product\/3300233","targetHints":{"allow":["GET"]}}],"collection":[{"href":"https:\/\/www.wonenaandecotedazur.nl\/nl\/wp-json\/wp\/v2\/product"}],"about":[{"href":"https:\/\/www.wonenaandecotedazur.nl\/nl\/wp-json\/wp\/v2\/types\/product"}],"author":[{"embeddable":true,"href":"https:\/\/www.wonenaandecotedazur.nl\/nl\/wp-json\/wp\/v2\/users\/2"}],"wp:featuredmedia":[{"embeddable":true,"href":"https:\/\/www.wonenaandecotedazur.nl\/nl\/wp-json\/wp\/v2\/media\/3282404"}],"wp:attachment":[{"href":"https:\/\/www.wonenaandecotedazur.nl\/nl\/wp-json\/wp\/v2\/media?parent=3300233"}],"wp:term":[{"taxonomy":"product_brand","embeddable":true,"href":"https:\/\/www.wonenaandecotedazur.nl\/nl\/wp-json\/wp\/v2\/product_brand?post=3300233"},{"taxonomy":"product_cat","embeddable":true,"href":"https:\/\/www.wonenaandecotedazur.nl\/nl\/wp-json\/wp\/v2\/product_cat?post=3300233"},{"taxonomy":"product_tag","embeddable":true,"href":"https:\/\/www.wonenaandecotedazur.nl\/nl\/wp-json\/wp\/v2\/product_tag?post=3300233"}],"curies":[{"name":"wp","href":"https:\/\/api.w.org\/{rel}","templated":true}]}}