{"id":3300235,"date":"2026-01-15T21:35:06","date_gmt":"2026-01-15T20:35:06","guid":{"rendered":"https:\/\/www.wonenaandecotedazur.nl\/luxury-real-estate\/nieuwbouwresidentie-in-chateauneuf-de-grasse-cip-875-5\/"},"modified":"2026-05-01T21:33:09","modified_gmt":"2026-05-01T19:33:09","slug":"nieuwbouwresidentie-in-chateauneuf-de-grasse-cip-875-5","status":"publish","type":"product","link":"https:\/\/www.wonenaandecotedazur.nl\/nl\/luxury-real-estate\/nieuwbouwresidentie-in-chateauneuf-de-grasse-cip-875-5\/","title":{"rendered":"Nieuwbouwresidentie in Ch\u00e2teauneuf-de-Grasse &#8211; CIP-875"},"content":{"rendered":"<p>Ch\u00e2teauneuf-de-Grasse: een historisch dorp met Proven\u00e7aalse charme<\/p>\n<p>Gelegen op een heuvel met uitzicht over het omliggende platteland en een panoramisch vergezicht op de baai van Cannes, is Ch\u00e2teauneuf-de-Grasse een dorp dat deel uitmaakt van de beschermde historische sites van de Alpes-Maritimes. In het hart van dit pittoreske dorp slingeren smalle straatjes tussen platanen en vijgenbomen, en ademt de architectuur de warme authenticiteit van de Provence.<\/p>\n<p>Rustige, groene omgeving \u2014 op slechts 3 minuten van Opio<\/p>\n<p>Deze nieuwbouwresidentie ligt in een gewilde, groene en residenti\u00eble wijk, ideaal voor wie rust en privacy zoekt. Op slechts 3 minuten rijden van Opio, biedt de gesloten residentie verzorgde, beboste tuinen die de natuurlijke sfeer van de buurt onderstrepen. Met een hedendaagse architectuur van slechts twee verdiepingen genieten de appartementen van uitstekende bezonning en royale indelingen. Elk appartement opent naar buiten: een royaal terras of een priv\u00e9-tuin en een mooi uitzicht op de omliggende bossen zorgen voor een gevoel van ruimte en ontspanning.<\/p>\n<p>Modern en milieubewust ontwerp<\/p>\n<p>In harmonie met de natuur speelt het project in op eenvoud, zachte kleurtonen en licht. De buitenruimtes versterken het welzijnsgevoel en nodigen uit om te ontspannen. De residentie biedt een zwembad en fraai aangelegde groene zones met olijfbomen, citrusbomen en exotische beplanting \u2014 een sereen, natuurlijk kader dat rust en mediterrane sfeer brengt.<\/p>\n<p>Absoluut comfort binnenin<\/p>\n<p>De binnenruimtes zijn zorgvuldig uitgewerkt voor maximaal comfort. De appartementen, vari\u00ebrend van 2- tot 5-kameroplossingen, beschikken over doordachte indelingen en hoogwaardige afwerkingsmaterialen, geselecteerd voor duurzaamheid en dagelijks wooncomfort. Beleef een kwalitatieve levensstijl in deze nieuwbouwresidentie in Ch\u00e2teauneuf-de-Grasse, waar rust, natuur en comfort elkaar in perfecte harmonie ontmoeten.<\/p>\n<p>Persoonlijke voordelen via Wonen aan de C\u00f4te d&#8217;Azur<\/p>\n<p>Wonen aan de C\u00f4te d&#8217;Azur is gespecialiseerd in VEFA (nieuwbouwprojecten). Als koper profiteert u van een 10-jarige constructiegarantie, lagere notariskosten en de mogelijkheid om v\u00f3\u00f3r aanvang van de bouw de indeling en afwerking van uw appartement aan te passen. Zo cre\u00ebert u een woning die echt bij uw levensstijl past.<\/p>\n<p>&nbsp;<\/p>\n","protected":false},"excerpt":{"rendered":"<p>Ch\u00e2teauneuf-de-Grasse: een historisch dorp met Proven\u00e7aalse charme Gelegen op een heuvel met uitzicht over het omliggende platteland en een panoramisch vergezicht op de baai van Cannes, is Ch\u00e2teauneuf-de-Grasse een dorp dat deel uitmaakt van de beschermde historische sites van de Alpes-Maritimes. In het hart van dit pittoreske dorp slingeren smalle straatjes tussen platanen en vijgenbomen, [&hellip;]<\/p>\n","protected":false},"author":2,"featured_media":3282404,"template":"","meta":{"_acf_changed":false},"product_brand":[],"product_cat":[5678],"product_tag":[],"class_list":{"0":"post-3300235","1":"product","2":"type-product","3":"status-publish","4":"has-post-thumbnail","6":"product_cat-appartement","7":"pa_city-chateauneuf-de-grasse-nl","8":"pa_country-frankrijk","9":"pa_type-of-construction-nieuwbouw","11":"first","12":"instock","13":"product-type-simple"},"acf":[],"_links":{"self":[{"href":"https:\/\/www.wonenaandecotedazur.nl\/nl\/wp-json\/wp\/v2\/product\/3300235","targetHints":{"allow":["GET"]}}],"collection":[{"href":"https:\/\/www.wonenaandecotedazur.nl\/nl\/wp-json\/wp\/v2\/product"}],"about":[{"href":"https:\/\/www.wonenaandecotedazur.nl\/nl\/wp-json\/wp\/v2\/types\/product"}],"author":[{"embeddable":true,"href":"https:\/\/www.wonenaandecotedazur.nl\/nl\/wp-json\/wp\/v2\/users\/2"}],"wp:featuredmedia":[{"embeddable":true,"href":"https:\/\/www.wonenaandecotedazur.nl\/nl\/wp-json\/wp\/v2\/media\/3282404"}],"wp:attachment":[{"href":"https:\/\/www.wonenaandecotedazur.nl\/nl\/wp-json\/wp\/v2\/media?parent=3300235"}],"wp:term":[{"taxonomy":"product_brand","embeddable":true,"href":"https:\/\/www.wonenaandecotedazur.nl\/nl\/wp-json\/wp\/v2\/product_brand?post=3300235"},{"taxonomy":"product_cat","embeddable":true,"href":"https:\/\/www.wonenaandecotedazur.nl\/nl\/wp-json\/wp\/v2\/product_cat?post=3300235"},{"taxonomy":"product_tag","embeddable":true,"href":"https:\/\/www.wonenaandecotedazur.nl\/nl\/wp-json\/wp\/v2\/product_tag?post=3300235"}],"curies":[{"name":"wp","href":"https:\/\/api.w.org\/{rel}","templated":true}]}}