{"id":3300239,"date":"2026-01-15T21:35:06","date_gmt":"2026-01-15T20:35:06","guid":{"rendered":"https:\/\/www.wonenaandecotedazur.nl\/luxury-real-estate\/nieuwbouwresidentie-in-chateauneuf-de-grasse-cip-875-7\/"},"modified":"2026-05-01T21:33:10","modified_gmt":"2026-05-01T19:33:10","slug":"nieuwbouwresidentie-in-chateauneuf-de-grasse-cip-875-7","status":"publish","type":"product","link":"https:\/\/www.wonenaandecotedazur.nl\/nl\/luxury-real-estate\/nieuwbouwresidentie-in-chateauneuf-de-grasse-cip-875-7\/","title":{"rendered":"Nieuwbouwresidentie in Ch\u00e2teauneuf-de-Grasse \u2014 CIP-875"},"content":{"rendered":"<p>Ch\u00e2teauneuf-de-Grasse: een historisch dorp met Proven\u00e7aalse allure<br \/>\nCh\u00e2teauneuf-de-Grasse prijkt hoog boven het omliggende landschap en biedt een weids panorama over de baai van Cannes. Dit pittoreske dorp, opgenomen in de inventaris van historische sites van de Alpes-Maritimes, ademt authenticiteit: smalle straatjes omzoomd met platanen en vijgenbomen, en een sfeer die het beste van de Provence vangt.<\/p>\n<p>Rust en verfijning op slechts 3 minuten van Opio<br \/>\nGelegen in een gewilde, groenrijke en rustige wijk, ligt deze nieuwbouwresidentie van Ch\u00e2teauneuf-de-Grasse op slechts 3 minuten rijden van Opio. Het gesloten domein, omgeven door verzorgde tuinen, onderstreept het residenti\u00eble en natuurlijke karakter van de buurt. Met een hedendaagse architectuur van slechts twee verdiepingen bieden de appartementen ruime ori\u00ebntaties en royale ruimtes. Elk appartement opent naar buiten: een terras of een priv\u00e9tuin en een prachtig uitzicht op de omliggende bossen zorgen voor een gevoel van ruimte en sereniteit.<\/p>\n<p>Een modern project dat respect toont voor de natuur<br \/>\nHet project legt de nadruk op nuance, eenvoud en vooral lichtinval. De buitenruimtes zijn doordacht ge\u00efntegreerd om dagelijks welzijn te stimuleren. De residentie beschikt over een zwembad en groenaanleg met olijfbomen, citrusbomen en exotische planten, waardoor een kalme, natuurlijke sfeer ontstaat die perfect past bij het levensritme van de C\u00f4te d&#8217;Azur.<\/p>\n<p>Comfort en afwerking van hoog niveau<br \/>\nBinnenin zijn de appartementen, vari\u00ebrend van 2- tot 5-kamerwoningen, zorgvuldig ontworpen met hoogwaardige afwerkingen en doordachte indelingen. Materiaalkeuze en uitvoering zijn gericht op duurzaam wooncomfort en een rustige, elegante levensstijl.<\/p>\n<p>Wonen aan de C\u00f4te d&#8217;Azur \u2014 gespecialiseerd in VEFA-nieuwbouw<br \/>\nWonen aan de C\u00f4te d&#8217;Azur is gespecialiseerd in VEFA-nieuwbouwprojecten (koop in staat van toekomstige voltooiing). Bij aankoop profiteert u van aantrekkelijke voordelen: een 10-jarige garantie op de constructie, lagere notariskosten en de mogelijkheid om de indeling en afwerking aan te passen voordat de bouw begint. Dit is uw kans om een woning volledig af te stemmen op uw wensen, in een uitzonderlijke, groene omgeving waar comfort en rust centraal staan.<\/p>\n<p>&nbsp;<\/p>\n","protected":false},"excerpt":{"rendered":"<p>Ch\u00e2teauneuf-de-Grasse: een historisch dorp met Proven\u00e7aalse allure Ch\u00e2teauneuf-de-Grasse prijkt hoog boven het omliggende landschap en biedt een weids panorama over de baai van Cannes. Dit pittoreske dorp, opgenomen in de inventaris van historische sites van de Alpes-Maritimes, ademt authenticiteit: smalle straatjes omzoomd met platanen en vijgenbomen, en een sfeer die het beste van de Provence [&hellip;]<\/p>\n","protected":false},"author":2,"featured_media":3282404,"template":"","meta":{"_acf_changed":false},"product_brand":[],"product_cat":[5678],"product_tag":[],"class_list":{"0":"post-3300239","1":"product","2":"type-product","3":"status-publish","4":"has-post-thumbnail","6":"product_cat-appartement","7":"pa_city-chateauneuf-de-grasse-nl","8":"pa_country-frankrijk","9":"pa_type-of-construction-nieuwbouw","11":"first","12":"instock","13":"product-type-simple"},"acf":[],"_links":{"self":[{"href":"https:\/\/www.wonenaandecotedazur.nl\/nl\/wp-json\/wp\/v2\/product\/3300239","targetHints":{"allow":["GET"]}}],"collection":[{"href":"https:\/\/www.wonenaandecotedazur.nl\/nl\/wp-json\/wp\/v2\/product"}],"about":[{"href":"https:\/\/www.wonenaandecotedazur.nl\/nl\/wp-json\/wp\/v2\/types\/product"}],"author":[{"embeddable":true,"href":"https:\/\/www.wonenaandecotedazur.nl\/nl\/wp-json\/wp\/v2\/users\/2"}],"wp:featuredmedia":[{"embeddable":true,"href":"https:\/\/www.wonenaandecotedazur.nl\/nl\/wp-json\/wp\/v2\/media\/3282404"}],"wp:attachment":[{"href":"https:\/\/www.wonenaandecotedazur.nl\/nl\/wp-json\/wp\/v2\/media?parent=3300239"}],"wp:term":[{"taxonomy":"product_brand","embeddable":true,"href":"https:\/\/www.wonenaandecotedazur.nl\/nl\/wp-json\/wp\/v2\/product_brand?post=3300239"},{"taxonomy":"product_cat","embeddable":true,"href":"https:\/\/www.wonenaandecotedazur.nl\/nl\/wp-json\/wp\/v2\/product_cat?post=3300239"},{"taxonomy":"product_tag","embeddable":true,"href":"https:\/\/www.wonenaandecotedazur.nl\/nl\/wp-json\/wp\/v2\/product_tag?post=3300239"}],"curies":[{"name":"wp","href":"https:\/\/api.w.org\/{rel}","templated":true}]}}