{"id":3300248,"date":"2026-01-15T21:35:24","date_gmt":"2026-01-15T20:35:24","guid":{"rendered":"https:\/\/www.wonenaandecotedazur.nl\/luxury-real-estate\/nieuwbouwresidentie-le-cannet-cip-877-6\/"},"modified":"2026-05-01T21:33:55","modified_gmt":"2026-05-01T19:33:55","slug":"nieuwbouwresidentie-le-cannet-cip-877-6","status":"publish","type":"product","link":"https:\/\/www.wonenaandecotedazur.nl\/nl\/luxury-real-estate\/nieuwbouwresidentie-le-cannet-cip-877-6\/","title":{"rendered":"Nieuwbouwresidentie &#8211; LE CANNET &#8211; CIP-877"},"content":{"rendered":"<p>Een zacht en dynamisch leefklimaat<br \/>\nLe Cannet is een levendige bestemming die stedelijke allure, studenten- en cultuurexpressie combineert met de zachte mediterrane levensstijl. Deze nieuwbouwresidentie ligt slechts enkele minuten van de fonkelnieuwe overdekte markt, de bioscoop, de gemeentelijke cr\u00e8che en een rijk aanbod aan buurtwinkels \u2014 perfect voor wie actief en comfortabel wil wonen.<\/p>\n<p>Optimale bereikbaarheid<br \/>\nDankzij de strategische ligging vlak bij de A8 bent u snel onderweg naar belangrijke bestemmingen zoals Aix-en-Provence of zelfs Itali\u00eb. Gelegen in het hart van de rustige Rue d\u2019Ormesson biedt dit nieuwe adres de ideale mix van stedelijke dynamiek en zonovergoten mediterrane rust.<\/p>\n<p>Elegantie en moderne architectuur<br \/>\nDeze residentie nabij boulevard Carnot combineert elegantie met hedendaags design, met respect voor de identiteit van de omgeving. Binnen het ensemble cre\u00ebert een groene binnentuin met diverse beplanting een oase van rust. Seizoensgebonden bloemenborders en zorgvuldig aangelegde groenpartijen zorgen voor een aangename, verstilde sfeer die bijdraagt aan uw welzijn.<\/p>\n<p>Doordachte appartementen<br \/>\nDe appartementen vari\u00ebren van 2- tot 4-kamerindelingen en bieden flexibele plattegronden die aansluiten op uiteenlopende levensstijlen. Elk appartement beschikt over een priv\u00e9 buitenruimte \u2014 terras of balkon \u2014 zodat u volop kunt genieten van het mediterrane klimaat. De indelingen zijn ontworpen om maximaal licht en comfort te garanderen.<\/p>\n<p>Verfijning en kwaliteit<br \/>\nDe hoge kwaliteit van materialen en de stijlvolle afwerking zijn zichtbaar in de architectuur \u00e9n in de warme, uitnodigende entreehall. Dit project staat garant voor een verfijnde woonbeleving en duurzame bouwkwaliteit.<\/p>\n<p>Stedelijk en mediterraan wonen<br \/>\nKortom: deze nieuwbouwresidentie in Le Cannet biedt een uitzonderlijk woonklimaat waar stedelijke energie en mediterrane rust elkaar ontmoeten. Goed doordachte appartementen en aantrekkelijke buitenruimtes nodigen uit om het beste van deze regio te ervaren.<\/p>\n<p>Wonen aan de C\u00f4te d&#8217;Azur \u2014 VEFA-specialist<br \/>\nWonen aan de C\u00f4te d&#8217;Azur is gespecialiseerd in VEFA-nieuwbouwprojecten en begeleidt u bij elke stap. Bij aankoop profiteert u van een 10-jarige constructiegarantie, lagere notariskosten en de flexibiliteit om de indeling en afwerking naar wens aan te passen v\u00f3\u00f3r de start van de bouw. Zo cre\u00ebert u een woning die niet alleen mooi is, maar ook perfect bij uw levensstijl past.<\/p>\n<p>&nbsp;<\/p>\n","protected":false},"excerpt":{"rendered":"<p>Een zacht en dynamisch leefklimaat Le Cannet is een levendige bestemming die stedelijke allure, studenten- en cultuurexpressie combineert met de zachte mediterrane levensstijl. Deze nieuwbouwresidentie ligt slechts enkele minuten van de fonkelnieuwe overdekte markt, de bioscoop, de gemeentelijke cr\u00e8che en een rijk aanbod aan buurtwinkels \u2014 perfect voor wie actief en comfortabel wil wonen. Optimale [&hellip;]<\/p>\n","protected":false},"author":2,"featured_media":3282044,"template":"","meta":{"_acf_changed":false},"product_brand":[],"product_cat":[5678],"product_tag":[],"class_list":{"0":"post-3300248","1":"product","2":"type-product","3":"status-publish","4":"has-post-thumbnail","6":"product_cat-appartement","7":"pa_city-le-cannet-nl","8":"pa_country-frankrijk","9":"pa_type-of-construction-nieuwbouw","11":"first","12":"instock","13":"product-type-simple"},"acf":[],"_links":{"self":[{"href":"https:\/\/www.wonenaandecotedazur.nl\/nl\/wp-json\/wp\/v2\/product\/3300248","targetHints":{"allow":["GET"]}}],"collection":[{"href":"https:\/\/www.wonenaandecotedazur.nl\/nl\/wp-json\/wp\/v2\/product"}],"about":[{"href":"https:\/\/www.wonenaandecotedazur.nl\/nl\/wp-json\/wp\/v2\/types\/product"}],"author":[{"embeddable":true,"href":"https:\/\/www.wonenaandecotedazur.nl\/nl\/wp-json\/wp\/v2\/users\/2"}],"wp:featuredmedia":[{"embeddable":true,"href":"https:\/\/www.wonenaandecotedazur.nl\/nl\/wp-json\/wp\/v2\/media\/3282044"}],"wp:attachment":[{"href":"https:\/\/www.wonenaandecotedazur.nl\/nl\/wp-json\/wp\/v2\/media?parent=3300248"}],"wp:term":[{"taxonomy":"product_brand","embeddable":true,"href":"https:\/\/www.wonenaandecotedazur.nl\/nl\/wp-json\/wp\/v2\/product_brand?post=3300248"},{"taxonomy":"product_cat","embeddable":true,"href":"https:\/\/www.wonenaandecotedazur.nl\/nl\/wp-json\/wp\/v2\/product_cat?post=3300248"},{"taxonomy":"product_tag","embeddable":true,"href":"https:\/\/www.wonenaandecotedazur.nl\/nl\/wp-json\/wp\/v2\/product_tag?post=3300248"}],"curies":[{"name":"wp","href":"https:\/\/api.w.org\/{rel}","templated":true}]}}