{"id":3300263,"date":"2026-01-15T21:36:07","date_gmt":"2026-01-15T20:36:07","guid":{"rendered":"https:\/\/www.wonenaandecotedazur.nl\/luxury-real-estate\/renovatieproject-falicon-cip-936\/"},"modified":"2026-05-01T21:34:52","modified_gmt":"2026-05-01T19:34:52","slug":"renovatieproject-falicon-cip-936","status":"publish","type":"product","link":"https:\/\/www.wonenaandecotedazur.nl\/nl\/luxury-real-estate\/renovatieproject-falicon-cip-936\/","title":{"rendered":"Renovatieproject Falicon \u2014 CIP-936"},"content":{"rendered":"<p>Een oase van rust hoog boven Nice<\/p>\n<p>Ontdek een verfijnd renovatieproject in Falicon, waar een voormalig ambachtelijk terrein wordt omgevormd tot schitterende woningen \u2014 van compacte studio&#8217;s tot lichte 4-kamer duplexen. Elk appartement is ontworpen met ruime terrassen en priv\u00e9tuinen, die een weids en rustgevend uitzicht op de omliggende natuur bieden.<\/p>\n<p>Een bevoorrechte ligging<\/p>\n<p>Falicon ligt op de hoogten van Nice en biedt bewoners een typisch ni\u00e7oise levenskwaliteit: op slechts 15 minuten rijden van het stadscentrum, maar zonder de zomerse drukte. Dankzij het panoramische zicht op de Mont Chauve van Aspremont geniet u hier van \u00e9\u00e9n van de mooiste vergezichten over de vallei van de Banqui\u00e8re en de stad Nice.<\/p>\n<p>Variatie aan woningen in een natuurlijke omgeving<\/p>\n<p>Het project omvat 18 zorgvuldig ontworpen appartementen in verschillende formaten, die moderne interieurs combineren met de rust van het omliggende groen. Grote glaspartijen laten het binnenwerk vloeiend overgaan in ruime terrassen en priv\u00e9tuinen, zodat u maximaal kunt genieten van het buitenleven.<\/p>\n<p>Comfort en natuur in perfecte balans<\/p>\n<p>Dit renovatieproject in Falicon belichaamt een ideaal woonbeeld: hedendaags comfort, lichtdoorlatende ruimtes en een verbluffend uitzicht op de natuur. Bovendien komt het project in aanmerking voor &#8216;d\u00e9ficit foncier&#8217;, wat interessante fiscale mogelijkheden biedt voor investeerders.<\/p>\n<p>Kopen met vertrouwen \u2014 Wonen aan de C\u00f4te d&#8217;Azur<\/p>\n<p>Wonen aan de C\u00f4te d&#8217;Azur is gespecialiseerd in VEFA (nieuwbouw op plan). Als koper profiteert u van een 10-jarige constructiegarantie, lagere notariskosten en de flexibiliteit om indeling en afwerking aan te passen v\u00f3\u00f3r de start van de werken. Een unieke kans om uw droomwoning op maat te cre\u00ebren in de heuvels boven Nice.<\/p>\n<p>&nbsp;<\/p>\n","protected":false},"excerpt":{"rendered":"<p>Een oase van rust hoog boven Nice Ontdek een verfijnd renovatieproject in Falicon, waar een voormalig ambachtelijk terrein wordt omgevormd tot schitterende woningen \u2014 van compacte studio&#8217;s tot lichte 4-kamer duplexen. Elk appartement is ontworpen met ruime terrassen en priv\u00e9tuinen, die een weids en rustgevend uitzicht op de omliggende natuur bieden. Een bevoorrechte ligging Falicon [&hellip;]<\/p>\n","protected":false},"author":2,"featured_media":3283919,"template":"","meta":{"_acf_changed":false},"product_brand":[],"product_cat":[5678],"product_tag":[],"class_list":{"0":"post-3300263","1":"product","2":"type-product","3":"status-publish","4":"has-post-thumbnail","6":"product_cat-appartement","7":"pa_city-falicon-nl","8":"pa_country-frankrijk","9":"pa_type-of-construction-nieuwbouw","11":"first","12":"instock","13":"product-type-simple"},"acf":[],"_links":{"self":[{"href":"https:\/\/www.wonenaandecotedazur.nl\/nl\/wp-json\/wp\/v2\/product\/3300263","targetHints":{"allow":["GET"]}}],"collection":[{"href":"https:\/\/www.wonenaandecotedazur.nl\/nl\/wp-json\/wp\/v2\/product"}],"about":[{"href":"https:\/\/www.wonenaandecotedazur.nl\/nl\/wp-json\/wp\/v2\/types\/product"}],"author":[{"embeddable":true,"href":"https:\/\/www.wonenaandecotedazur.nl\/nl\/wp-json\/wp\/v2\/users\/2"}],"wp:featuredmedia":[{"embeddable":true,"href":"https:\/\/www.wonenaandecotedazur.nl\/nl\/wp-json\/wp\/v2\/media\/3283919"}],"wp:attachment":[{"href":"https:\/\/www.wonenaandecotedazur.nl\/nl\/wp-json\/wp\/v2\/media?parent=3300263"}],"wp:term":[{"taxonomy":"product_brand","embeddable":true,"href":"https:\/\/www.wonenaandecotedazur.nl\/nl\/wp-json\/wp\/v2\/product_brand?post=3300263"},{"taxonomy":"product_cat","embeddable":true,"href":"https:\/\/www.wonenaandecotedazur.nl\/nl\/wp-json\/wp\/v2\/product_cat?post=3300263"},{"taxonomy":"product_tag","embeddable":true,"href":"https:\/\/www.wonenaandecotedazur.nl\/nl\/wp-json\/wp\/v2\/product_tag?post=3300263"}],"curies":[{"name":"wp","href":"https:\/\/api.w.org\/{rel}","templated":true}]}}