{"id":3300265,"date":"2026-01-15T21:36:14","date_gmt":"2026-01-15T20:36:14","guid":{"rendered":"https:\/\/www.wonenaandecotedazur.nl\/luxury-real-estate\/nieuwbouwproject-in-saint-laurent-du-var-cip-946\/"},"modified":"2026-05-01T21:35:15","modified_gmt":"2026-05-01T19:35:15","slug":"nieuwbouwproject-in-saint-laurent-du-var-cip-946","status":"publish","type":"product","link":"https:\/\/www.wonenaandecotedazur.nl\/nl\/luxury-real-estate\/nieuwbouwproject-in-saint-laurent-du-var-cip-946\/","title":{"rendered":"Nieuwbouwproject in Saint-Laurent-du-Var \u2014 CIP-946"},"content":{"rendered":"<p>Saint-Laurent-du-Var \u2014 op een steenworp van Nice, in \u00e9\u00e9n van de meest aantrekkelijke gemeenten van de M\u00e9tropole Nice C\u00f4te d&#8217;Azur. Deze bekende badplaats valt op door haar gastvrijheid en de hoge levenskwaliteit voor haar actieve bevolking. De ligging is uitstekend: snelle verbindingen naar de luchthaven, de autosnelweg en treinstations. De geplande verlenging van tramlijn 4 (Nice\u2013Cagnes\u2011sur\u2011Mer) zal de mobiliteit nog verder verbeteren.<\/p>\n<p>Een zeldzame stadsadres in het hart van de stad: dit nieuwbouwproject combineert de rust van een kleinschalige stad, de charme van de kust en een dynamische economische omgeving. Met zo&#8217;n 300 zonnedagen per jaar biedt u hier een unieke levenskwaliteit tussen zee en bergen.<\/p>\n<p>Een nieuw, groen en levendig stadshart: het project ligt aan het recent ingerichte, met bomen omzoomde voetgangersplein Square B\u00e8nes, dat het nieuwe bruisende centrum van de gemeente vormt. Het plein is een ware stadslong met veel groen, pergola\u2019s en de karakteristieke fontein die bewaard blijft. Markten, evenementen en een permanente draaimolen voor de kinderen maken het plein levendig en sfeervol.<\/p>\n<p>Een karaktervolle en onderscheidende residentie: de architectuur van dit project laat het groen centraal staan. Met een hedendaagse signatuur voegt de residentie zich subtiel in de groene omgeving van het voetgangersplein. Gevels met open sierleuningen en brise\u2011soleils bieden ruimte aan beplanting die uit de balkonbakken groeit, en cre\u00ebren een fraai evenwicht tussen het plantaardige en het minerale. Op de plint aan de Avenue du G\u00e9n\u00e9ral Leclerc komen winkels die bijdragen aan de dynamiek van de nieuwe wijk.<\/p>\n<p>Harmonieus comfort voor iedere levensstijl: residentie Palm Square biedt comfortabele appartementen van studio&#8217;s tot vierkamerwoningen, zorgvuldig ontworpen voor diverse woonwensen. Sommige tweekamerappartementen zijn evolueerbaar en modulair, zodat ze meebewegen met uw behoeften. De indelingen zijn doordacht, met woonruimtes die vloeiend overgaan in open keukens voor extra gezelligheid. De meeste vierkamerwoningen beschikken over een master suite met aangrenzende badkamer. De meeste slaapkamers en alle woonkamers hebben minstens \u00e9\u00e9n buitenruimte \u2014 balkon, loggia of een royaal terras tot 59 m\u00b2 \u2014 met vrije uitzichten over de stad, het boomrijke plein, het bos van La Valli\u00e8re of de binnentuin van de residentie. Moderne voorzieningen zorgen voor comfort en welzijn.<\/p>\n<p>Wonen aan de C\u00f4te d&#8217;Azur is gespecialiseerd in VEFA\u2011nieuwbouw. Kiezen voor een woning via ons betekent dat u profiteert van een tienjarige bouwgarantie, lagere notariskosten en de mogelijkheid om indeling en afwerking naar eigen wens aan te passen nog voordat de bouw start. Zo wordt uw nieuwe woning op maat en zorgeloos gerealiseerd aan de C\u00f4te d&#8217;Azur.<\/p>\n<p>&nbsp;<\/p>\n","protected":false},"excerpt":{"rendered":"<p>Saint-Laurent-du-Var \u2014 op een steenworp van Nice, in \u00e9\u00e9n van de meest aantrekkelijke gemeenten van de M\u00e9tropole Nice C\u00f4te d&#8217;Azur. Deze bekende badplaats valt op door haar gastvrijheid en de hoge levenskwaliteit voor haar actieve bevolking. De ligging is uitstekend: snelle verbindingen naar de luchthaven, de autosnelweg en treinstations. De geplande verlenging van tramlijn 4 [&hellip;]<\/p>\n","protected":false},"author":2,"featured_media":3283784,"template":"","meta":{"_acf_changed":false},"product_brand":[],"product_cat":[5678],"product_tag":[],"class_list":{"0":"post-3300265","1":"product","2":"type-product","3":"status-publish","4":"has-post-thumbnail","6":"product_cat-appartement","7":"pa_city-saint-laurent-du-var-nl","8":"pa_country-frankrijk","9":"pa_region-nice-nl","10":"pa_type-of-construction-nieuwbouw","12":"first","13":"instock","14":"product-type-simple"},"acf":[],"_links":{"self":[{"href":"https:\/\/www.wonenaandecotedazur.nl\/nl\/wp-json\/wp\/v2\/product\/3300265","targetHints":{"allow":["GET"]}}],"collection":[{"href":"https:\/\/www.wonenaandecotedazur.nl\/nl\/wp-json\/wp\/v2\/product"}],"about":[{"href":"https:\/\/www.wonenaandecotedazur.nl\/nl\/wp-json\/wp\/v2\/types\/product"}],"author":[{"embeddable":true,"href":"https:\/\/www.wonenaandecotedazur.nl\/nl\/wp-json\/wp\/v2\/users\/2"}],"wp:featuredmedia":[{"embeddable":true,"href":"https:\/\/www.wonenaandecotedazur.nl\/nl\/wp-json\/wp\/v2\/media\/3283784"}],"wp:attachment":[{"href":"https:\/\/www.wonenaandecotedazur.nl\/nl\/wp-json\/wp\/v2\/media?parent=3300265"}],"wp:term":[{"taxonomy":"product_brand","embeddable":true,"href":"https:\/\/www.wonenaandecotedazur.nl\/nl\/wp-json\/wp\/v2\/product_brand?post=3300265"},{"taxonomy":"product_cat","embeddable":true,"href":"https:\/\/www.wonenaandecotedazur.nl\/nl\/wp-json\/wp\/v2\/product_cat?post=3300265"},{"taxonomy":"product_tag","embeddable":true,"href":"https:\/\/www.wonenaandecotedazur.nl\/nl\/wp-json\/wp\/v2\/product_tag?post=3300265"}],"curies":[{"name":"wp","href":"https:\/\/api.w.org\/{rel}","templated":true}]}}