{"id":3300274,"date":"2026-01-15T21:36:29","date_gmt":"2026-01-15T20:36:29","guid":{"rendered":"https:\/\/www.wonenaandecotedazur.nl\/luxury-real-estate\/nieuwbouwresidentie-in-antibes-cip-948\/"},"modified":"2026-05-01T21:35:32","modified_gmt":"2026-05-01T19:35:32","slug":"nieuwbouwresidentie-in-antibes-cip-948","status":"publish","type":"product","link":"https:\/\/www.wonenaandecotedazur.nl\/nl\/luxury-real-estate\/nieuwbouwresidentie-in-antibes-cip-948\/","title":{"rendered":"Nieuwbouwresidentie in ANTIBES &#8211; CIP-948"},"content":{"rendered":"<p>EEN UITZONDERLIJKE STAD AAN DE C\u00d4TE D&#8217;AZUR<br \/>\nWelkom bij deze nieuwbouwresidentie in Antibes, een zeldzame parel midden in het hart van de iconische C\u00f4te d&#8217;Azur. Antibes combineert rijke historie, gouden zandstranden en een ontspannen mediterrane levensstijl \u2014 een perfecte omgeving voor wie kwaliteit van leven zoekt. Deze residentie ligt in een gewilde, rustige woonwijk waar stadse charme en natuurlijke rust elkaar ontmoeten.<\/p>\n<p>WONEN AAN DE C\u00d4TE D&#8217;AZUR \u2014 SPECIALIST IN VEFA-NIEUWBOUW<br \/>\nWonen aan de C\u00f4te d&#8217;Azur is gespecialiseerd in VEFA-nieuwbouw (koop v\u00f3\u00f3r oplevering) en begeleidt u met expertise bij elke stap. Profiteer van concrete voordelen: een tienjarige constructiegarantie, lagere notariskosten en de mogelijkheid om indeling en afwerking naar uw smaak aan te passen voordat de bouw begint \u2014 zo wordt uw woning echt van u.<\/p>\n<p>EEN OASE VAN RUST NABIJ SOPHIA-ANTIPOLIS<br \/>\nDicht bij het innovatieve Sophia-Antipolis biedt deze residentie het beste van twee werelden: de dynamiek van een technologisch knooppunt en de kalmte van een groene omgeving. Goede verbindingen met snelwegen maken de locatie aantrekkelijk voor professionals. Na een drukke dag stapt u zo uw rustige eigen oase binnen.<\/p>\n<p>Uitzonderlijke panorama&#8217;s midden in de natuur<br \/>\nGevormd rond een weelderig park, schenkt de residentie haar bewoners adembenemende vergezichten. Of u nu kiest voor een zeezicht over de Middellandse Zee of een rustgevend uitzicht op pijnbomen, elke dag biedt een nieuwe, schilderachtige achtergrond. Hier leeft u in harmonie met de seizoenen en de veranderende kleuren van de natuur.<\/p>\n<p>DIVERSITEIT AAN WONINGEN VOOR IEDERE SMAAK<br \/>\nHet aanbod is gevarieerd: van gezellige studio&#8217;s tot ruime vierkamerappartementen en exclusieve dakterrasvillas met priv\u00e9zwembad of -jacuzzi. Elke woning beschikt over een eigen buitenruimte om in alle privacy te ontspannen en af te koelen \u2014 perfect voor mediterrane levensvreugde.<\/p>\n<p>COMFORT EN VEILIGHEID VOOROP<br \/>\nOndergrondse parkeerplaatsen zorgen voor veiligheid en rust, terwijl het zicht op het landschap behouden blijft. Elk appartement wordt verkocht met een eigen bergruimte\/cave, ideaal voor extra opslag of als persoonlijke ruimte.<\/p>\n<p>HET SEREENSTE JUWEEL IN DE MEDITERRANE NATUUR<br \/>\nKortom: deze nieuwbouwresidentie in Antibes is meer dan een woonplek \u2014 het is een stijlvol toevluchtsoord waar comfort, elegantie en rust samenkomen. Mis deze kans niet om het zachte mediterrane leven te omarmen, met de zekerheid van VEFA-voordelen, een 10-jarige constructiegarantie, lagere notariskosten en de vrijheid om uw woning v\u00f3\u00f3r de bouw te personaliseren.<\/p>\n<p>&nbsp;<\/p>\n","protected":false},"excerpt":{"rendered":"<p>EEN UITZONDERLIJKE STAD AAN DE C\u00d4TE D&#8217;AZUR Welkom bij deze nieuwbouwresidentie in Antibes, een zeldzame parel midden in het hart van de iconische C\u00f4te d&#8217;Azur. Antibes combineert rijke historie, gouden zandstranden en een ontspannen mediterrane levensstijl \u2014 een perfecte omgeving voor wie kwaliteit van leven zoekt. Deze residentie ligt in een gewilde, rustige woonwijk waar [&hellip;]<\/p>\n","protected":false},"author":2,"featured_media":3283814,"template":"","meta":{"_acf_changed":false},"product_brand":[],"product_cat":[5678],"product_tag":[],"class_list":{"0":"post-3300274","1":"product","2":"type-product","3":"status-publish","4":"has-post-thumbnail","6":"product_cat-appartement","7":"pa_city-antibes-nl","8":"pa_country-frankrijk","9":"pa_region-cannes-nl","10":"pa_region-nice-nl","11":"pa_type-of-construction-nieuwbouw","13":"first","14":"instock","15":"product-type-simple"},"acf":[],"_links":{"self":[{"href":"https:\/\/www.wonenaandecotedazur.nl\/nl\/wp-json\/wp\/v2\/product\/3300274","targetHints":{"allow":["GET"]}}],"collection":[{"href":"https:\/\/www.wonenaandecotedazur.nl\/nl\/wp-json\/wp\/v2\/product"}],"about":[{"href":"https:\/\/www.wonenaandecotedazur.nl\/nl\/wp-json\/wp\/v2\/types\/product"}],"author":[{"embeddable":true,"href":"https:\/\/www.wonenaandecotedazur.nl\/nl\/wp-json\/wp\/v2\/users\/2"}],"wp:featuredmedia":[{"embeddable":true,"href":"https:\/\/www.wonenaandecotedazur.nl\/nl\/wp-json\/wp\/v2\/media\/3283814"}],"wp:attachment":[{"href":"https:\/\/www.wonenaandecotedazur.nl\/nl\/wp-json\/wp\/v2\/media?parent=3300274"}],"wp:term":[{"taxonomy":"product_brand","embeddable":true,"href":"https:\/\/www.wonenaandecotedazur.nl\/nl\/wp-json\/wp\/v2\/product_brand?post=3300274"},{"taxonomy":"product_cat","embeddable":true,"href":"https:\/\/www.wonenaandecotedazur.nl\/nl\/wp-json\/wp\/v2\/product_cat?post=3300274"},{"taxonomy":"product_tag","embeddable":true,"href":"https:\/\/www.wonenaandecotedazur.nl\/nl\/wp-json\/wp\/v2\/product_tag?post=3300274"}],"curies":[{"name":"wp","href":"https:\/\/api.w.org\/{rel}","templated":true}]}}