{"id":3300308,"date":"2026-01-15T21:36:51","date_gmt":"2026-01-15T20:36:51","guid":{"rendered":"https:\/\/www.wonenaandecotedazur.nl\/luxury-real-estate\/nieuwbouwjuweel-in-antibes-cip-965\/"},"modified":"2026-05-01T21:35:42","modified_gmt":"2026-05-01T19:35:42","slug":"nieuwbouwjuweel-in-antibes-cip-965","status":"publish","type":"product","link":"https:\/\/www.wonenaandecotedazur.nl\/nl\/luxury-real-estate\/nieuwbouwjuweel-in-antibes-cip-965\/","title":{"rendered":"Nieuwbouwjuweel in Antibes \u2014 CIP-965"},"content":{"rendered":"<p>EEN PAREL IN ANTIBES<\/p>\n<p>Wonen aan de C\u00f4te d&#8217;Azur, gespecialiseerd in VEFA-nieuwbouw, presenteert het prestigieuze project Les Br\u00e9gui\u00e8res in het hart van charmant Antibes. Dit hoogwaardige nieuwbouwproject, gelegen in een gewilde wijk, biedt een uitzonderlijk woonklimaat aan een selecte groep kopers. Met zijn mediterrane allure en rijke culturele erfgoed is Antibes d\u00e9 plek voor wie elegantie en levenskwaliteit zoekt.<\/p>\n<p>EEN UITSTRALEND STANDAARDVOORWAARDE VOOR IEDEREEN<\/p>\n<p>Elk appartement in dit project \u2014 van tweekamer- tot vierkamerwoningen en royale dakvilla\u2019s \u2014 is ontworpen met oog voor detail en een hoog afwerkingsniveau. Alle woningen worden geleverd met twee parkeerplaatsen en een berging, wat extra comfort en gemak garandeert.<\/p>\n<p>RUIME KEUZE EN PERSOONLIJKE SFEER<\/p>\n<p>Het project biedt diverse sferen en indelingen: appartementen met priv\u00e9tuin of brede terrassen, waarvan de meesten een adembenemend uitzicht op de Middellandse Zee bieden. Of u nu droomt van een rustige levensstijl aan zee of van verfijnde stedelijkheid, binnen Les Br\u00e9gui\u00e8res vindt u gegarandeerd een woning die past bij uw levensstijl.<\/p>\n<p>VOORDELEN VAN VEFA: VEILIGHEID EN FLEXIBILITEIT<\/p>\n<p>Als VEFA-nieuwbouw geeft dit project extra zekerheden: u profiteert van een 10-jarige constructiewaarborg, lagere notariskosten en de mogelijkheid om de indeling en afwerking naar wens aan te passen v\u00f3\u00f3r de bouwstart. Dat maakt het niet alleen aantrekkelijk financieel, maar ook ideaal voor wie wil personaliseren zonder compromis.<\/p>\n<p>Kortom, Les Br\u00e9gui\u00e8res in Antibes verenigt een uitzonderlijke locatie, hoogwaardige architectuur, elegante woningen en kwaliteitsvolle voorzieningen. Dit is een unieke kans om comfortabel en smaakvol te wonen aan de C\u00f4te d&#8217;Azur \u2014 een plek waar elk detail is doordacht voor uw hoogste verwachtingen. Mis deze kans niet om van dit Antibais-jeweel uw nieuwe thuis te maken.<\/p>\n<p>&nbsp;<\/p>\n","protected":false},"excerpt":{"rendered":"<p>EEN PAREL IN ANTIBES Wonen aan de C\u00f4te d&#8217;Azur, gespecialiseerd in VEFA-nieuwbouw, presenteert het prestigieuze project Les Br\u00e9gui\u00e8res in het hart van charmant Antibes. Dit hoogwaardige nieuwbouwproject, gelegen in een gewilde wijk, biedt een uitzonderlijk woonklimaat aan een selecte groep kopers. Met zijn mediterrane allure en rijke culturele erfgoed is Antibes d\u00e9 plek voor wie [&hellip;]<\/p>\n","protected":false},"author":2,"featured_media":3284519,"template":"","meta":{"_acf_changed":false},"product_brand":[],"product_cat":[5678],"product_tag":[],"class_list":{"0":"post-3300308","1":"product","2":"type-product","3":"status-publish","4":"has-post-thumbnail","6":"product_cat-appartement","7":"pa_city-antibes-nl","8":"pa_country-frankrijk","9":"pa_region-cannes-nl","10":"pa_region-nice-nl","11":"pa_type-of-construction-nieuwbouw","13":"first","14":"instock","15":"product-type-simple"},"acf":[],"_links":{"self":[{"href":"https:\/\/www.wonenaandecotedazur.nl\/nl\/wp-json\/wp\/v2\/product\/3300308","targetHints":{"allow":["GET"]}}],"collection":[{"href":"https:\/\/www.wonenaandecotedazur.nl\/nl\/wp-json\/wp\/v2\/product"}],"about":[{"href":"https:\/\/www.wonenaandecotedazur.nl\/nl\/wp-json\/wp\/v2\/types\/product"}],"author":[{"embeddable":true,"href":"https:\/\/www.wonenaandecotedazur.nl\/nl\/wp-json\/wp\/v2\/users\/2"}],"wp:featuredmedia":[{"embeddable":true,"href":"https:\/\/www.wonenaandecotedazur.nl\/nl\/wp-json\/wp\/v2\/media\/3284519"}],"wp:attachment":[{"href":"https:\/\/www.wonenaandecotedazur.nl\/nl\/wp-json\/wp\/v2\/media?parent=3300308"}],"wp:term":[{"taxonomy":"product_brand","embeddable":true,"href":"https:\/\/www.wonenaandecotedazur.nl\/nl\/wp-json\/wp\/v2\/product_brand?post=3300308"},{"taxonomy":"product_cat","embeddable":true,"href":"https:\/\/www.wonenaandecotedazur.nl\/nl\/wp-json\/wp\/v2\/product_cat?post=3300308"},{"taxonomy":"product_tag","embeddable":true,"href":"https:\/\/www.wonenaandecotedazur.nl\/nl\/wp-json\/wp\/v2\/product_tag?post=3300308"}],"curies":[{"name":"wp","href":"https:\/\/api.w.org\/{rel}","templated":true}]}}