{"id":3300314,"date":"2026-01-15T21:37:02","date_gmt":"2026-01-15T20:37:02","guid":{"rendered":"https:\/\/www.wonenaandecotedazur.nl\/luxury-real-estate\/nieuwbouwproject-in-beausoleil-cip-990\/"},"modified":"2026-05-01T21:35:38","modified_gmt":"2026-05-01T19:35:38","slug":"nieuwbouwproject-in-beausoleil-cip-990","status":"publish","type":"product","link":"https:\/\/www.wonenaandecotedazur.nl\/nl\/luxury-real-estate\/nieuwbouwproject-in-beausoleil-cip-990\/","title":{"rendered":"Nieuwbouwproject in Beausoleil &#8211; CIP-990"},"content":{"rendered":"<p>Wonen aan de C\u00f4te d&#8217;Azur presenteert dit exclusieve nieuwbouwproject in Beausoleil, een unieke kans om te wonen op de beroemde C\u00f4te d&#8217;Azur. Gelegen tussen zee en bergen, genoot dit charmante adres van een groene omgeving met Parc Grima als buur en ligt het op korte afstand van het centrum van Beausoleil en op slechts enkele minuten van Monaco. De luchthaven van Nice is binnen 30 minuten per auto bereikbaar, wat dit project uitermate toegankelijk maakt.<\/p>\n<p>Een bevoorrechte woonomgeving<br \/>\nTussen volwassen beplanting en een rustig aangelegd tuincomplex biedt dit nieuwbouwproject een oase van rust \u2014 perfect om te ontspannen en op te laden. De sobere, elegante architectuur benadrukt royale glaspartijen die zorgen voor veel natuurlijk licht en fraai uitzicht, soms tot aan de zee.<\/p>\n<p>Uitzonderlijke woningen<br \/>\nMet slechts 8 hoogwaardige appartementen, van compacte studio&#8217;s tot royale 5-kamerappartementen, biedt dit project ruime indelingen en hoogwaardige afwerkingen. Op de bovenste verdieping wacht een bijzonder 5-kamer duplex met een binnenpatio en een dakterras met panoramisch uitzicht \u2014 een exclusieve en verfijnde plek om te wonen.<\/p>\n<p>Wellness en comfort<br \/>\nVoor het welzijn van bewoners is er een speciaal SPA- en wellnessgedeelte ingericht, waar u in alle rust kunt ontspannen en nieuwe energie kunt opdoen.<\/p>\n<p>Praktisch en doordacht<br \/>\nElke woning is te voorzien van eigen parkeerplaatsen en cellen, wat zorgt voor dagelijks gemak en optimaal wooncomfort.<\/p>\n<p>Waarom kiezen voor Wonen aan de C\u00f4te d&#8217;Azur?<br \/>\nWonen aan de C\u00f4te d&#8217;Azur is gespecialiseerd in VEFA-nieuwbouw (aankoop van nieuwbouw v\u00f3\u00f3r oplevering). Als koper profiteert u van duidelijke voordelen: een tienjarige bouwgarantie op de constructie, lagere notariskosten en de mogelijkheid om de indeling en afwerkingsniveau aan te passen voordat de werken van start gaan \u2014 ideaal om uw nieuwe thuis precies naar wens vorm te geven.<\/p>\n<p>Kortom<br \/>\nDit nieuwbouwproject in Beausoleil combineert mediterrane charme, hoogwaardige afwerking en ultiem wooncomfort. Mis deze kans niet om te wonen in een zorgvuldig ontworpen residentie waar elk detail is afgestemd op uw welzijn. Neem contact op voor meer informatie en mogelijkheden voor personalisatie.<\/p>\n<p>&nbsp;<\/p>\n","protected":false},"excerpt":{"rendered":"<p>Wonen aan de C\u00f4te d&#8217;Azur presenteert dit exclusieve nieuwbouwproject in Beausoleil, een unieke kans om te wonen op de beroemde C\u00f4te d&#8217;Azur. Gelegen tussen zee en bergen, genoot dit charmante adres van een groene omgeving met Parc Grima als buur en ligt het op korte afstand van het centrum van Beausoleil en op slechts enkele [&hellip;]<\/p>\n","protected":false},"author":2,"featured_media":3284534,"template":"","meta":{"_acf_changed":false},"product_brand":[],"product_cat":[5678],"product_tag":[],"class_list":{"0":"post-3300314","1":"product","2":"type-product","3":"status-publish","4":"has-post-thumbnail","6":"product_cat-appartement","7":"pa_city-beausoleil-nl","8":"pa_country-frankrijk","9":"pa_region-monaco-nl","10":"pa_type-of-construction-nieuwbouw","12":"first","13":"instock","14":"product-type-simple"},"acf":[],"_links":{"self":[{"href":"https:\/\/www.wonenaandecotedazur.nl\/nl\/wp-json\/wp\/v2\/product\/3300314","targetHints":{"allow":["GET"]}}],"collection":[{"href":"https:\/\/www.wonenaandecotedazur.nl\/nl\/wp-json\/wp\/v2\/product"}],"about":[{"href":"https:\/\/www.wonenaandecotedazur.nl\/nl\/wp-json\/wp\/v2\/types\/product"}],"author":[{"embeddable":true,"href":"https:\/\/www.wonenaandecotedazur.nl\/nl\/wp-json\/wp\/v2\/users\/2"}],"wp:featuredmedia":[{"embeddable":true,"href":"https:\/\/www.wonenaandecotedazur.nl\/nl\/wp-json\/wp\/v2\/media\/3284534"}],"wp:attachment":[{"href":"https:\/\/www.wonenaandecotedazur.nl\/nl\/wp-json\/wp\/v2\/media?parent=3300314"}],"wp:term":[{"taxonomy":"product_brand","embeddable":true,"href":"https:\/\/www.wonenaandecotedazur.nl\/nl\/wp-json\/wp\/v2\/product_brand?post=3300314"},{"taxonomy":"product_cat","embeddable":true,"href":"https:\/\/www.wonenaandecotedazur.nl\/nl\/wp-json\/wp\/v2\/product_cat?post=3300314"},{"taxonomy":"product_tag","embeddable":true,"href":"https:\/\/www.wonenaandecotedazur.nl\/nl\/wp-json\/wp\/v2\/product_tag?post=3300314"}],"curies":[{"name":"wp","href":"https:\/\/api.w.org\/{rel}","templated":true}]}}