{"id":3300315,"date":"2026-01-15T21:37:02","date_gmt":"2026-01-15T20:37:02","guid":{"rendered":"https:\/\/www.wonenaandecotedazur.nl\/luxury-real-estate\/nieuwbouwproject-in-cogolin-cip-982-2\/"},"modified":"2026-05-01T21:35:49","modified_gmt":"2026-05-01T19:35:49","slug":"nieuwbouwproject-in-cogolin-cip-982-2","status":"publish","type":"product","link":"https:\/\/www.wonenaandecotedazur.nl\/nl\/luxury-real-estate\/nieuwbouwproject-in-cogolin-cip-982-2\/","title":{"rendered":"Nieuwbouwproject in Cogolin &#8211; CIP-982"},"content":{"rendered":"<p>Wonen in het groene hart van Les Coustelines, Cogolin<\/p>\n<p>Een uitzonderlijk nieuwbouwproject<br \/>\nWonen aan de C\u00f4te d&#8217;Azur, gespecialiseerd in VEFA-nieuwbouwprojecten, presenteert een stijlvol residentieel ensemble in het rustige, groene kwartier Les Coustelines. Dit mooie project telt 76 woningen, van compacte studio\u2019s tot ruime 4-kamer duplexen, en wordt aangevuld met een uitnodigend zwembad \u2014 perfect om te genieten van de zon en het goede leven aan de C\u00f4te d\u2019Azur.<\/p>\n<p>Een strategische ligging<br \/>\nGelegen in het charmante Cogolin, in het departement Var, profiteert u hier van een ideale ligging tussen de prestigieuze badplaatsen Saint-Tropez en Sainte-Maxime. U combineert de rust van het binnenland met de mogelijkheden en allure van de Middellandse Zeekust.<\/p>\n<p>Les Coustelines: groen en sereen<br \/>\nHet buurtje Les Coustelines staat bekend om zijn vredige sfeer en groene omgeving. Hier woont u in een aangename, veilige gemeenschap, vlakbij alle dagelijkse voorzieningen \u2014 winkels, scholen en lokale services \u2014 zodat comfortabel leven vanzelfsprekend is.<\/p>\n<p>Charmante Proven\u00e7aalse architectuur<br \/>\nHet project wordt gekenmerkt door elegante, Proven\u00e7aalse lijnen en verfijnde architectonische details die harmoni\u00ebren met het mediterrane landschap. Het resultaat is een warm, pittoresk woonbeeld waarin elke woning zich meteen thuisvoelt.<\/p>\n<p>Ruimte om buiten te leven<br \/>\nDe woningen beschikken over ruime terrassen en priv\u00e9- of gemeenschappelijke tuinen, ontworpen om het buitenleven te omarmen: ontspannen, samen genieten en optimaal profiteren van het zonnige klimaat.<\/p>\n<p>Voordelen voor kopers<br \/>\nAls koper bij Wonen aan de C\u00f4te d&#8217;Azur geniet u niet alleen van professioneel begeleide VEFA-nieuwbouw: u ontvangt ook een tienjarige constructiegarantie, lagere notariskosten en de mogelijkheid om v\u00f3\u00f3r aanvang van de bouw indeling en afwerking naar wens aan te passen. Zo cre\u00ebert u een woning die \u00e9cht bij u past.<\/p>\n<p>Mis deze kans niet<br \/>\nDit nieuwbouwproject in Cogolin biedt een rustige, groene leefomgeving, een aantrekkelijk zwembad, Proven\u00e7aalse charme en buitenruimtes die uitnodigen tot ontspanning \u2014 een ideale keuze om te wonen of te investeren tussen Saint-Tropez en Sainte-Maxime. Neem contact op voor meer informatie en ontdek uw nieuwe thuis aan de C\u00f4te d\u2019Azur.<\/p>\n<p>&nbsp;<\/p>\n","protected":false},"excerpt":{"rendered":"<p>Wonen in het groene hart van Les Coustelines, Cogolin Een uitzonderlijk nieuwbouwproject Wonen aan de C\u00f4te d&#8217;Azur, gespecialiseerd in VEFA-nieuwbouwprojecten, presenteert een stijlvol residentieel ensemble in het rustige, groene kwartier Les Coustelines. Dit mooie project telt 76 woningen, van compacte studio\u2019s tot ruime 4-kamer duplexen, en wordt aangevuld met een uitnodigend zwembad \u2014 perfect om [&hellip;]<\/p>\n","protected":false},"author":2,"featured_media":3281144,"template":"","meta":{"_acf_changed":false},"product_brand":[],"product_cat":[5678],"product_tag":[],"class_list":{"0":"post-3300315","1":"product","2":"type-product","3":"status-publish","4":"has-post-thumbnail","6":"product_cat-appartement","7":"pa_city-cogolin-nl","8":"pa_country-frankrijk","9":"pa_region-saint-tropez-nl","10":"pa_type-of-construction-nieuwbouw","12":"first","13":"instock","14":"product-type-simple"},"acf":[],"_links":{"self":[{"href":"https:\/\/www.wonenaandecotedazur.nl\/nl\/wp-json\/wp\/v2\/product\/3300315","targetHints":{"allow":["GET"]}}],"collection":[{"href":"https:\/\/www.wonenaandecotedazur.nl\/nl\/wp-json\/wp\/v2\/product"}],"about":[{"href":"https:\/\/www.wonenaandecotedazur.nl\/nl\/wp-json\/wp\/v2\/types\/product"}],"author":[{"embeddable":true,"href":"https:\/\/www.wonenaandecotedazur.nl\/nl\/wp-json\/wp\/v2\/users\/2"}],"wp:featuredmedia":[{"embeddable":true,"href":"https:\/\/www.wonenaandecotedazur.nl\/nl\/wp-json\/wp\/v2\/media\/3281144"}],"wp:attachment":[{"href":"https:\/\/www.wonenaandecotedazur.nl\/nl\/wp-json\/wp\/v2\/media?parent=3300315"}],"wp:term":[{"taxonomy":"product_brand","embeddable":true,"href":"https:\/\/www.wonenaandecotedazur.nl\/nl\/wp-json\/wp\/v2\/product_brand?post=3300315"},{"taxonomy":"product_cat","embeddable":true,"href":"https:\/\/www.wonenaandecotedazur.nl\/nl\/wp-json\/wp\/v2\/product_cat?post=3300315"},{"taxonomy":"product_tag","embeddable":true,"href":"https:\/\/www.wonenaandecotedazur.nl\/nl\/wp-json\/wp\/v2\/product_tag?post=3300315"}],"curies":[{"name":"wp","href":"https:\/\/api.w.org\/{rel}","templated":true}]}}