{"id":3300321,"date":"2026-01-15T21:37:21","date_gmt":"2026-01-15T20:37:21","guid":{"rendered":"https:\/\/www.wonenaandecotedazur.nl\/luxury-real-estate\/nieuwbouwresidentie-in-cogolin-cip-1036-2\/"},"modified":"2026-05-01T21:36:44","modified_gmt":"2026-05-01T19:36:44","slug":"nieuwbouwresidentie-in-cogolin-cip-1036-2","status":"publish","type":"product","link":"https:\/\/www.wonenaandecotedazur.nl\/nl\/luxury-real-estate\/nieuwbouwresidentie-in-cogolin-cip-1036-2\/","title":{"rendered":"Nieuwbouwresidentie in Cogolin &#8211; CIP-1036"},"content":{"rendered":"<p>Een uitzonderlijk leefpatroon tussen authenticiteit en prestige<br \/>\nOntdek deze nieuwbouwresidentie in Cogolin, rustig gelegen in een priv\u00e9-domein dat absolute rust biedt, en toch op enkele minuten van de wereldberoemde Golf van Saint-Tropez. In een zorgvuldig bewaard gebleven buurt waar natuur en elegantie elkaar ontmoeten, geniet u van het charmante Proven\u00e7aalse leven van het pittoreske dorp Cogolin \u00e9n van de nabijheid van het trop\u00e9zische allure. Wonen aan de C\u00f4te d&#8217;Azur, gespecialiseerd in VEFA-nieuwbouwprojecten, begeleidt dit aanbod en biedt u daarbij aantrekkelijke voordelen: een 10\u2011jarige bouwgarantie, lagere notariskosten en de mogelijkheid om indeling en afwerking aan te passen v\u00f3\u00f3r aanvang van de bouw.<\/p>\n<p>Een residentie in het hart van een priv\u00e9-domein<br \/>\nDeze residentie is gesitueerd in een beschermd natuurlandschap, binnen een priv\u00e9-domein met een stijlvolle zwembadomgeving \u2014 een echte oase van rust voor haar bewoners. De ligging is ideaal voor wie verlangt naar de stilte van het groen, zonder afstand te moeten doen van de vele attracties en diensten van de regio. Hier beleeft u de zachte Proven\u00e7aalse levensstijl, terwijl winkels, restaurants en het levendige strandleven van de Golf van Saint-Tropez binnen handbereik zijn.<\/p>\n<p>Lichte en ruime appartementen<br \/>\nDe appartementen, vari\u00ebrend van 2 tot 4 kamers, zijn ontworpen met oog voor comfort en maximale lichtinval. Elk appartement beschikt over royale buitenruimtes \u2014 van balkons en terrassen tot priv\u00e9-tuinen \u2014 die uitnodigen om volop van het mediterraanse klimaat te genieten. Met moderne, verfijnde afwerkingen bieden deze woningen een hoogwaardige levenskwaliteit in een idyllische omgeving.<\/p>\n<p>Een perfecte ligging tussen dorp en trop\u00e9zische glamour<br \/>\nDe residentie combineert de rust van het Proven\u00e7aalse leven met de sprankeling van Saint-Tropez: binnen enkele minuten bevindt u zich in het hart van Cogolin en bij de beroemde zandstranden en het culturele aanbod van de streek. Of u nu kiest voor ontspannen dorpsdagen of levendige avonden aan de kust, hier geniet u van het beste van beide werelden.<\/p>\n<p>Een zeldzame kans in de Golf van Saint-Tropez<br \/>\nInvesteren in deze residentie betekent kiezen voor een exclusieve adressering op een van de meest gewilde plekken van de C\u00f4te d&#8217;Azur. Het priv\u00e9-domein met zwembad en hoogwaardige afwerking maakt dit project tot een waardevol en begeerlijk bezit. Laat u als eerste informeren en grijp de kans om te wonen in een unieke, zorgvuldig bewaarde omgeving \u2014 met de extra voordelen van VEFA-nieuwbouw: 10\u2011jarige bouwgarantie, lagere notariskosten en de vrijheid om indeling en afwerking aan te passen v\u00f3\u00f3r de start van de bouw.<\/p>\n<p>&nbsp;<\/p>\n","protected":false},"excerpt":{"rendered":"<p>Een uitzonderlijk leefpatroon tussen authenticiteit en prestige Ontdek deze nieuwbouwresidentie in Cogolin, rustig gelegen in een priv\u00e9-domein dat absolute rust biedt, en toch op enkele minuten van de wereldberoemde Golf van Saint-Tropez. In een zorgvuldig bewaard gebleven buurt waar natuur en elegantie elkaar ontmoeten, geniet u van het charmante Proven\u00e7aalse leven van het pittoreske dorp [&hellip;]<\/p>\n","protected":false},"author":2,"featured_media":3285824,"template":"","meta":{"_acf_changed":false},"product_brand":[],"product_cat":[5678],"product_tag":[],"class_list":{"0":"post-3300321","1":"product","2":"type-product","3":"status-publish","4":"has-post-thumbnail","6":"product_cat-appartement","7":"pa_city-cogolin-nl","8":"pa_country-frankrijk","9":"pa_region-saint-tropez-nl","10":"pa_type-of-construction-nieuwbouw","12":"first","13":"instock","14":"product-type-simple"},"acf":[],"_links":{"self":[{"href":"https:\/\/www.wonenaandecotedazur.nl\/nl\/wp-json\/wp\/v2\/product\/3300321","targetHints":{"allow":["GET"]}}],"collection":[{"href":"https:\/\/www.wonenaandecotedazur.nl\/nl\/wp-json\/wp\/v2\/product"}],"about":[{"href":"https:\/\/www.wonenaandecotedazur.nl\/nl\/wp-json\/wp\/v2\/types\/product"}],"author":[{"embeddable":true,"href":"https:\/\/www.wonenaandecotedazur.nl\/nl\/wp-json\/wp\/v2\/users\/2"}],"wp:featuredmedia":[{"embeddable":true,"href":"https:\/\/www.wonenaandecotedazur.nl\/nl\/wp-json\/wp\/v2\/media\/3285824"}],"wp:attachment":[{"href":"https:\/\/www.wonenaandecotedazur.nl\/nl\/wp-json\/wp\/v2\/media?parent=3300321"}],"wp:term":[{"taxonomy":"product_brand","embeddable":true,"href":"https:\/\/www.wonenaandecotedazur.nl\/nl\/wp-json\/wp\/v2\/product_brand?post=3300321"},{"taxonomy":"product_cat","embeddable":true,"href":"https:\/\/www.wonenaandecotedazur.nl\/nl\/wp-json\/wp\/v2\/product_cat?post=3300321"},{"taxonomy":"product_tag","embeddable":true,"href":"https:\/\/www.wonenaandecotedazur.nl\/nl\/wp-json\/wp\/v2\/product_tag?post=3300321"}],"curies":[{"name":"wp","href":"https:\/\/api.w.org\/{rel}","templated":true}]}}