{"id":3300340,"date":"2026-01-15T21:37:42","date_gmt":"2026-01-15T20:37:42","guid":{"rendered":"https:\/\/www.wonenaandecotedazur.nl\/luxury-real-estate\/nieuwbouwresidentie-in-cagnes-sur-mer-cip-997-5\/"},"modified":"2026-05-01T21:36:22","modified_gmt":"2026-05-01T19:36:22","slug":"nieuwbouwresidentie-in-cagnes-sur-mer-cip-997-5","status":"publish","type":"product","link":"https:\/\/www.wonenaandecotedazur.nl\/nl\/luxury-real-estate\/nieuwbouwresidentie-in-cagnes-sur-mer-cip-997-5\/","title":{"rendered":"Nieuwbouwresidentie in Cagnes\u2011sur\u2011Mer \u2013 CIP\u2011997"},"content":{"rendered":"<p>Ontdek deze nieuwbouwresidentie in Cagnes\u2011sur\u2011Mer, op een steenworp van de zee. Het project ligt in het charmante, pittoreske dorpje Le Cros de Cagnes en ademt de authentieke sfeer van de C\u00f4te d\u2019Azur. Slechts 3 minuten lopen (ongeveer 200 m) brengt u bij het strand \u2014 ideaal voor wie dagelijks de zee en zon wil beleven.<\/p>\n<p>Perfecte ligging, alles binnen handbereik<br \/>\nDeze residentie profiteert van een strategische ligging met snelle aansluitingen op het wegennet, waardoor omliggende steden en belangrijke routes vlot bereikbaar zijn. De winkels aan de Avenue de Nice liggen op loopafstand en maken het dagelijkse leven aangenaam en zorgeloos.<\/p>\n<p>Levendig kustleven op uw deurmat<br \/>\nWandel langs de kust, geniet van de gezellige restaurants en ontdek regelmatig lokale evenementen \u2014 hier vormt elke dag een uitnodiging om het beste van de C\u00f4te d\u2019Azur te proeven. De residentie biedt een dynamische, vriendelijke woonomgeving waar ontspanning en sfeer centraal staan.<\/p>\n<p>Toekomstbestendig en optimaal bereikbaar<br \/>\nMet de geplande tramlijn 4 (verwacht in 2028), die Nice met het centrum van Cagnes\u2011sur\u2011Mer verbindt, wordt uw mobiliteit verder verbeterd. Er komt een halte op slechts 50 meter van het terrein, voor een snelle en directe verbinding naar de belangrijkste trekpleisters van de regio.<\/p>\n<p>Wonen aan de C\u00f4te d\u2019Azur \u2014 VEFA\u2011specialist met extra voordelen<br \/>\nWonen aan de C\u00f4te d\u2019Azur is gespecialiseerd in VEFA\u2011nieuwbouwprojecten, en begeleidt u van aankoop tot oplevering. Als koper profiteert u van een tienjarige garantie op de constructie, lagere notariskosten en de unieke mogelijkheid om indeling en afwerking naar wens aan te passen v\u00f3\u00f3r de start van de bouw. Zo cre\u00ebert u een woning die echt bij uw leven past.<\/p>\n<p>Ervaar het bijzondere leven aan de C\u00f4te d\u2019Azur \u2014 neem contact op voor meer informatie of een afspraak en laat u inspireren door dit exclusieve project in Cagnes\u2011sur\u2011Mer.<\/p>\n<p>&nbsp;<\/p>\n","protected":false},"excerpt":{"rendered":"<p>Ontdek deze nieuwbouwresidentie in Cagnes\u2011sur\u2011Mer, op een steenworp van de zee. Het project ligt in het charmante, pittoreske dorpje Le Cros de Cagnes en ademt de authentieke sfeer van de C\u00f4te d\u2019Azur. Slechts 3 minuten lopen (ongeveer 200 m) brengt u bij het strand \u2014 ideaal voor wie dagelijks de zee en zon wil beleven. [&hellip;]<\/p>\n","protected":false},"author":2,"featured_media":3284924,"template":"","meta":{"_acf_changed":false},"product_brand":[],"product_cat":[5678],"product_tag":[],"class_list":{"0":"post-3300340","1":"product","2":"type-product","3":"status-publish","4":"has-post-thumbnail","6":"product_cat-appartement","7":"pa_city-cagnes-sur-mer-nl","8":"pa_country-frankrijk","9":"pa_region-nice-nl","10":"pa_type-of-construction-nieuwbouw","12":"first","13":"instock","14":"product-type-simple"},"acf":[],"_links":{"self":[{"href":"https:\/\/www.wonenaandecotedazur.nl\/nl\/wp-json\/wp\/v2\/product\/3300340","targetHints":{"allow":["GET"]}}],"collection":[{"href":"https:\/\/www.wonenaandecotedazur.nl\/nl\/wp-json\/wp\/v2\/product"}],"about":[{"href":"https:\/\/www.wonenaandecotedazur.nl\/nl\/wp-json\/wp\/v2\/types\/product"}],"author":[{"embeddable":true,"href":"https:\/\/www.wonenaandecotedazur.nl\/nl\/wp-json\/wp\/v2\/users\/2"}],"wp:featuredmedia":[{"embeddable":true,"href":"https:\/\/www.wonenaandecotedazur.nl\/nl\/wp-json\/wp\/v2\/media\/3284924"}],"wp:attachment":[{"href":"https:\/\/www.wonenaandecotedazur.nl\/nl\/wp-json\/wp\/v2\/media?parent=3300340"}],"wp:term":[{"taxonomy":"product_brand","embeddable":true,"href":"https:\/\/www.wonenaandecotedazur.nl\/nl\/wp-json\/wp\/v2\/product_brand?post=3300340"},{"taxonomy":"product_cat","embeddable":true,"href":"https:\/\/www.wonenaandecotedazur.nl\/nl\/wp-json\/wp\/v2\/product_cat?post=3300340"},{"taxonomy":"product_tag","embeddable":true,"href":"https:\/\/www.wonenaandecotedazur.nl\/nl\/wp-json\/wp\/v2\/product_tag?post=3300340"}],"curies":[{"name":"wp","href":"https:\/\/api.w.org\/{rel}","templated":true}]}}