{"id":3300342,"date":"2026-01-15T21:37:47","date_gmt":"2026-01-15T20:37:47","guid":{"rendered":"https:\/\/www.wonenaandecotedazur.nl\/luxury-real-estate\/nieuwe-residentie-in-beausoleil-cip-998-2\/"},"modified":"2026-05-01T21:36:23","modified_gmt":"2026-05-01T19:36:23","slug":"nieuwe-residentie-in-beausoleil-cip-998-2","status":"publish","type":"product","link":"https:\/\/www.wonenaandecotedazur.nl\/nl\/luxury-real-estate\/nieuwe-residentie-in-beausoleil-cip-998-2\/","title":{"rendered":"Nieuwe residentie in Beausoleil \u2014 CIP-998"},"content":{"rendered":"<p>Ontdek de nieuwe residentie in Beausoleil, op een steenworp van Monaco.<\/p>\n<p>Gelegen in het hart van Beausoleil biedt deze nieuwbouwresidentie een verfijnde leefkwaliteit die u niet mag missen. De residentie omvat stijlvolle appartementen van 2 tot 5 kamers, ondergebracht in \u00e9\u00e9n elegant gebouw met priv\u00e9parkeerplaatsen. Deze intieme, hoogwaardige woonomgeving combineert rust en exclusiviteit.<\/p>\n<p>Een uitzonderlijk woonkader<br \/>\nDe appartementen zijn licht en ruim, met royale leefruimtes die zich openen naar fraaie buitenruimtes en een schitterend uitzicht op de Middellandse Zee. Geniet elke dag van het tijdloze charme van Beausoleil en de betoverende omgeving.<\/p>\n<p>Ideaal gelegen nabij Monaco<br \/>\nSlechts een paar stappen van het centrum van Beausoleil en dicht bij Monaco, biedt deze residentie snelle en gemakkelijke toegang tot de bruisende activiteiten van de Prinsdom. Zo ervaart u het cosmopolitische leven van Monaco terwijl u woont in de rust en het comfort van Beausoleil.<\/p>\n<p>Wonen, investeren of een tweede verblijf<br \/>\nOf u nu wilt wonen, investeren of zoekt naar een prestigieus tweede verblijf: deze nieuwbouw is een perfecte keuze. Met hoogwaardige afwerkingen, doordachte indelingen en een uitzonderlijke ligging nodigt de residentie u uit om volledig van elk moment te genieten.<\/p>\n<p>VEFA-specialist met extra voordelen<br \/>\nWonen aan de C\u00f4te d&#8217;Azur is gespecialiseerd in VEFA-nieuwbouw. Als koper profiteert u van een tienjarige constructiegarantie, lagere notariskosten en de mogelijkheid om indeling en afwerking aan te passen voordat de bouw begint \u2014 zo cre\u00ebert u een woning die echt bij uw levensstijl past.<\/p>\n<p>&nbsp;<\/p>\n","protected":false},"excerpt":{"rendered":"<p>Ontdek de nieuwe residentie in Beausoleil, op een steenworp van Monaco. Gelegen in het hart van Beausoleil biedt deze nieuwbouwresidentie een verfijnde leefkwaliteit die u niet mag missen. De residentie omvat stijlvolle appartementen van 2 tot 5 kamers, ondergebracht in \u00e9\u00e9n elegant gebouw met priv\u00e9parkeerplaatsen. Deze intieme, hoogwaardige woonomgeving combineert rust en exclusiviteit. Een uitzonderlijk [&hellip;]<\/p>\n","protected":false},"author":2,"featured_media":3285044,"template":"","meta":{"_acf_changed":false},"product_brand":[],"product_cat":[5678],"product_tag":[],"class_list":{"0":"post-3300342","1":"product","2":"type-product","3":"status-publish","4":"has-post-thumbnail","6":"product_cat-appartement","7":"pa_city-beausoleil-nl","8":"pa_country-frankrijk","9":"pa_region-monaco-nl","10":"pa_type-of-construction-nieuwbouw","12":"first","13":"instock","14":"product-type-simple"},"acf":[],"_links":{"self":[{"href":"https:\/\/www.wonenaandecotedazur.nl\/nl\/wp-json\/wp\/v2\/product\/3300342","targetHints":{"allow":["GET"]}}],"collection":[{"href":"https:\/\/www.wonenaandecotedazur.nl\/nl\/wp-json\/wp\/v2\/product"}],"about":[{"href":"https:\/\/www.wonenaandecotedazur.nl\/nl\/wp-json\/wp\/v2\/types\/product"}],"author":[{"embeddable":true,"href":"https:\/\/www.wonenaandecotedazur.nl\/nl\/wp-json\/wp\/v2\/users\/2"}],"wp:featuredmedia":[{"embeddable":true,"href":"https:\/\/www.wonenaandecotedazur.nl\/nl\/wp-json\/wp\/v2\/media\/3285044"}],"wp:attachment":[{"href":"https:\/\/www.wonenaandecotedazur.nl\/nl\/wp-json\/wp\/v2\/media?parent=3300342"}],"wp:term":[{"taxonomy":"product_brand","embeddable":true,"href":"https:\/\/www.wonenaandecotedazur.nl\/nl\/wp-json\/wp\/v2\/product_brand?post=3300342"},{"taxonomy":"product_cat","embeddable":true,"href":"https:\/\/www.wonenaandecotedazur.nl\/nl\/wp-json\/wp\/v2\/product_cat?post=3300342"},{"taxonomy":"product_tag","embeddable":true,"href":"https:\/\/www.wonenaandecotedazur.nl\/nl\/wp-json\/wp\/v2\/product_tag?post=3300342"}],"curies":[{"name":"wp","href":"https:\/\/api.w.org\/{rel}","templated":true}]}}