{"id":3300346,"date":"2026-01-15T21:37:52","date_gmt":"2026-01-15T20:37:52","guid":{"rendered":"https:\/\/www.wonenaandecotedazur.nl\/luxury-real-estate\/renovatieprogramma-in-mouans-sartoux-cip-1007-2\/"},"modified":"2026-05-01T21:36:28","modified_gmt":"2026-05-01T19:36:28","slug":"renovatieprogramma-in-mouans-sartoux-cip-1007-2","status":"publish","type":"product","link":"https:\/\/www.wonenaandecotedazur.nl\/nl\/luxury-real-estate\/renovatieprogramma-in-mouans-sartoux-cip-1007-2\/","title":{"rendered":"Renovatieprogramma in Mouans\u2011Sartoux \u2013 CIP\u20111007"},"content":{"rendered":"<p>EEN VOLLEDIGE RENOVATIE VOOR EEN UITZONDERLIJKE WOONBELEVING<br \/>\nGelegen tussen Grasse, Cannes en Sophia Antipolis biedt dit renovatieproject een uitzonderlijke ligging in het hart van de C\u00f4te d&#8217;Azur. Volledig gerenoveerd, beschikt elk appartement over een royale terras of een privatieve tuin \u2014 perfect voor ontspannen buitenleven en gezellige bijeenkomsten. De 12 appartementen, van studio tot 4\u2011kamerappartement, werden volledig vernieuwd met hoogwaardige afwerking en garanderen optimaal wooncomfort.<\/p>\n<p>STRATEGISCHE EN LEVENSVRIENDELIJKE LIGGING<br \/>\nTussen de zee en de beroemde parfumstad gelegen, bevindt dit project zich op een steenworp afstand van het centrum en het kasteel van Mouans\u2011Sartoux. Grenzend aan Mougins en dichtbij Cannes, Grasse en Sophia Antipolis, geniet u van een centrale en praktische ligging. Gelegen aan het einde van een doodlopende straat en op slechts 300 meter van het stadscentrum, biedt de omgeving rust en een landelijk karakter, terwijl alle voorzieningen en de verbindingsweg CANNES\u2011GRASSE binnen handbereik blijven.<\/p>\n<p>EEN SFEERVOLLE, ELEGANTE ARCHITECTUUR<br \/>\nHet project omvat twee gebouwen, elk met \u00e9\u00e9n verdieping boven het gelijkvloers. De totale renovatie cre\u00ebert 12 moderne, doordachte appartementen. Keukens en badkamers worden volledig uitgerust, en elk appartement wordt afgewerkt met zeer hoogwaardige materialen om te voldoen aan de hoogste eisen op het vlak van comfort en levenskwaliteit.<\/p>\n<p>VOORDELEN EN FLEXIBILITEIT \u2014 IDEAAL OM TE WONEN OF TE INVESTEREN<br \/>\nWonen aan de C\u00f4te d&#8217;Azur, gespecialiseerd in VEFA\u2011nieuwbouw (VEFA: verkoop in de staat van voltooiing), presenteert dit unieke renovatieprogramma met voordelen die u gewend bent van nieuwbouwproducten: u ontvangt een 10\u2011jarige constructiewaarborg, profiteert van lagere notariskosten en heeft de mogelijkheid om indeling en afwerking aan te passen voordat de werken van start gaan. Het project biedt bovendien een aantrekkelijk fiscaal kader, geschikt zowel voor eigen bewoning als voor verhuur gemeubileerd \u2014 inclusief AIRBNB binnen de copropri\u00e9t\u00e9.<\/p>\n<p>Laat deze kans niet aan u voorbijgaan: wonen of investeren in het hart van Mouans\u2011Sartoux, op slechts 300 meter van het centrum, met de zekerheid en flexibiliteit die Wonen aan de C\u00f4te d&#8217;Azur u biedt.<\/p>\n<p>&nbsp;<\/p>\n","protected":false},"excerpt":{"rendered":"<p>EEN VOLLEDIGE RENOVATIE VOOR EEN UITZONDERLIJKE WOONBELEVING Gelegen tussen Grasse, Cannes en Sophia Antipolis biedt dit renovatieproject een uitzonderlijke ligging in het hart van de C\u00f4te d&#8217;Azur. Volledig gerenoveerd, beschikt elk appartement over een royale terras of een privatieve tuin \u2014 perfect voor ontspannen buitenleven en gezellige bijeenkomsten. De 12 appartementen, van studio tot 4\u2011kamerappartement, [&hellip;]<\/p>\n","protected":false},"author":2,"featured_media":3284234,"template":"","meta":{"_acf_changed":false},"product_brand":[],"product_cat":[5678],"product_tag":[],"class_list":{"0":"post-3300346","1":"product","2":"type-product","3":"status-publish","4":"has-post-thumbnail","6":"product_cat-appartement","7":"pa_city-mouans-sartoux-nl","8":"pa_country-frankrijk","9":"pa_type-of-construction-nieuwbouw","11":"first","12":"instock","13":"product-type-simple"},"acf":[],"_links":{"self":[{"href":"https:\/\/www.wonenaandecotedazur.nl\/nl\/wp-json\/wp\/v2\/product\/3300346","targetHints":{"allow":["GET"]}}],"collection":[{"href":"https:\/\/www.wonenaandecotedazur.nl\/nl\/wp-json\/wp\/v2\/product"}],"about":[{"href":"https:\/\/www.wonenaandecotedazur.nl\/nl\/wp-json\/wp\/v2\/types\/product"}],"author":[{"embeddable":true,"href":"https:\/\/www.wonenaandecotedazur.nl\/nl\/wp-json\/wp\/v2\/users\/2"}],"wp:featuredmedia":[{"embeddable":true,"href":"https:\/\/www.wonenaandecotedazur.nl\/nl\/wp-json\/wp\/v2\/media\/3284234"}],"wp:attachment":[{"href":"https:\/\/www.wonenaandecotedazur.nl\/nl\/wp-json\/wp\/v2\/media?parent=3300346"}],"wp:term":[{"taxonomy":"product_brand","embeddable":true,"href":"https:\/\/www.wonenaandecotedazur.nl\/nl\/wp-json\/wp\/v2\/product_brand?post=3300346"},{"taxonomy":"product_cat","embeddable":true,"href":"https:\/\/www.wonenaandecotedazur.nl\/nl\/wp-json\/wp\/v2\/product_cat?post=3300346"},{"taxonomy":"product_tag","embeddable":true,"href":"https:\/\/www.wonenaandecotedazur.nl\/nl\/wp-json\/wp\/v2\/product_tag?post=3300346"}],"curies":[{"name":"wp","href":"https:\/\/api.w.org\/{rel}","templated":true}]}}