{"id":3300379,"date":"2026-01-15T21:38:42","date_gmt":"2026-01-15T20:38:42","guid":{"rendered":"https:\/\/www.wonenaandecotedazur.nl\/luxury-real-estate\/nieuwe-studentenwoningen-in-saint-laurent-du-var-nue-propriete-%c2%b7-cip-1077\/"},"modified":"2026-05-01T21:37:55","modified_gmt":"2026-05-01T19:37:55","slug":"nieuwe-studentenwoningen-in-saint-laurent-du-var-nue-propriete-%c2%b7-cip-1077","status":"publish","type":"product","link":"https:\/\/www.wonenaandecotedazur.nl\/nl\/luxury-real-estate\/nieuwe-studentenwoningen-in-saint-laurent-du-var-nue-propriete-%c2%b7-cip-1077\/","title":{"rendered":"Nieuwe studentenwoningen in Saint-Laurent-du-Var \u2014 Nue Propri\u00e9t\u00e9 ?..."},"content":{"rendered":"<p>Wonen aan de C\u00f4te d&#8217;Azur, gespecialiseerd in VEFA-nieuwbouw, presenteert een elegant nieuw aanbod studentenstudio\u2019s in Saint\u2011Laurent\u2011du\u2011Var, ideaal voor investeerders via nue\u2011propri\u00e9t\u00e9 (blote eigendom).<\/p>\n<p>Dit hedendaagse gebouw ligt op een steenworp van de zeedijk en in het hart van een residenti\u00eble wijk die volop in transformatie is. Vanaf de begane grond verwelkomt een kwaliteitsvolle gemeenschappelijke ruimte bewoners en gasten: een sfeervolle coworkingruimte die werken en ontmoeten stimuleert, een ge\u00efntegreerde wasruimte, een onthaalbureau en een veilige fietsenstalling. De moderne architectuur en doordachte indeling garanderen duurzaamheid en blijvende aantrekkingskracht.<\/p>\n<p>De nieuwbouw bestaat uit goed ingedeelde studio\u2019s, perfect afgestemd op studenten, jonge professionals en stagiairs. Elk appartement is ontworpen voor comfort en functionele benutting van de ruimte, met slimme opbergoplossingen en een praktische afwerking. Tijdens de periode van vruchtgebruik worden de woningen als studentenkamers ge\u00ebxploiteerd door de vruchtgebruiker, met volledige verhuur- en beheersregeling \u2014 zo geniet de belegger van rendement zonder administratieve zorgen.<\/p>\n<p>Wat de locatie betreft: Saint\u2011Laurent\u2011du\u2011Var biedt een strategische ligging tussen Nice en Antibes, een aantrekkelijke levensstijl en uitstekende bereikbaarheid \u2014 SNCF-station, busnetwerk, directe toegang tot het vliegveld en snelle verbindingen naar de stranden. Winkels, de jachthaven en onderwijsinstellingen in de buurt versterken de verhuurbaarheid en zorgen voor een constante vraag.<\/p>\n<p>Als u kiest voor een VEFA\u2011project met Wonen aan de C\u00f4te d&#8217;Azur profiteert u bovendien van belangrijke voordelen: een tienjarige bouwgarantie, lagere notariskosten en de mogelijkheid om indeling en afwerking aan te passen v\u00f3\u00f3r aanvang van de bouw. Een slimme, zorgeloze investering in een gewilde locatie met een sterk verhuurpotentieel.<\/p>\n<p>Neem contact op voor meer informatie en om de mogelijkheden van deze investering te ontdekken.<\/p>\n<p>&nbsp;<\/p>\n","protected":false},"excerpt":{"rendered":"<p>Wonen aan de C\u00f4te d&#8217;Azur, gespecialiseerd in VEFA-nieuwbouw, presenteert een elegant nieuw aanbod studentenstudio\u2019s in Saint\u2011Laurent\u2011du\u2011Var, ideaal voor investeerders via nue\u2011propri\u00e9t\u00e9 (blote eigendom). Dit hedendaagse gebouw ligt op een steenworp van de zeedijk en in het hart van een residenti\u00eble wijk die volop in transformatie is. Vanaf de begane grond verwelkomt een kwaliteitsvolle gemeenschappelijke ruimte [&hellip;]<\/p>\n","protected":false},"author":2,"featured_media":3300289,"template":"","meta":{"_acf_changed":false},"product_brand":[],"product_cat":[5678],"product_tag":[],"class_list":{"0":"post-3300379","1":"product","2":"type-product","3":"status-publish","4":"has-post-thumbnail","6":"product_cat-appartement","7":"pa_city-saint-laurent-du-var-nl","8":"pa_country-frankrijk","9":"pa_region-nice-nl","10":"pa_type-of-construction-nieuwbouw","12":"first","13":"instock","14":"product-type-simple"},"acf":[],"_links":{"self":[{"href":"https:\/\/www.wonenaandecotedazur.nl\/nl\/wp-json\/wp\/v2\/product\/3300379","targetHints":{"allow":["GET"]}}],"collection":[{"href":"https:\/\/www.wonenaandecotedazur.nl\/nl\/wp-json\/wp\/v2\/product"}],"about":[{"href":"https:\/\/www.wonenaandecotedazur.nl\/nl\/wp-json\/wp\/v2\/types\/product"}],"author":[{"embeddable":true,"href":"https:\/\/www.wonenaandecotedazur.nl\/nl\/wp-json\/wp\/v2\/users\/2"}],"wp:featuredmedia":[{"embeddable":true,"href":"https:\/\/www.wonenaandecotedazur.nl\/nl\/wp-json\/wp\/v2\/media\/3300289"}],"wp:attachment":[{"href":"https:\/\/www.wonenaandecotedazur.nl\/nl\/wp-json\/wp\/v2\/media?parent=3300379"}],"wp:term":[{"taxonomy":"product_brand","embeddable":true,"href":"https:\/\/www.wonenaandecotedazur.nl\/nl\/wp-json\/wp\/v2\/product_brand?post=3300379"},{"taxonomy":"product_cat","embeddable":true,"href":"https:\/\/www.wonenaandecotedazur.nl\/nl\/wp-json\/wp\/v2\/product_cat?post=3300379"},{"taxonomy":"product_tag","embeddable":true,"href":"https:\/\/www.wonenaandecotedazur.nl\/nl\/wp-json\/wp\/v2\/product_tag?post=3300379"}],"curies":[{"name":"wp","href":"https:\/\/api.w.org\/{rel}","templated":true}]}}