{"id":3300435,"date":"2026-02-01T21:33:32","date_gmt":"2026-02-01T20:33:32","guid":{"rendered":"https:\/\/www.wonenaandecotedazur.nl\/luxury-real-estate\/nieuwbouwproject-nice-collines-de-rimiez-cip-681\/"},"modified":"2026-05-01T21:33:13","modified_gmt":"2026-05-01T19:33:13","slug":"nieuwbouwproject-nice-collines-de-rimiez-cip-681","status":"publish","type":"product","link":"https:\/\/www.wonenaandecotedazur.nl\/nl\/luxury-real-estate\/nieuwbouwproject-nice-collines-de-rimiez-cip-681\/","title":{"rendered":"Nieuwbouwproject Nice \u2013 Collines de Rimiez (CIP-681)"},"content":{"rendered":"<p>Ontdek de betovering van de Collines de Rimiez \u2013 een parel van Nice<br \/>\nGelegen op een van de prachtige heuvels van Nice, vormen de Collines de Rimiez een van de meest gewilde woonwijken van de stad. Tussen de stad en het achterland in, geniet dit gebied van rust, weidse natuur en een adembenemend uitzicht op de Baie des Anges. Hier ontmoeten traditionele Ni\u00e7oise villa\u2019s en moderne vormen elkaar, waardoor het een idyllische plek is voor wie houdt van natuur en sereniteit.<br \/>\nEen perfecte locatie binnen handbereik<br \/>\nDit nieuwbouwproject in de Collines de Rimiez ligt op slechts 2 km van het elegante Cimiez en biedt directe toegang tot alle dagelijkse voorzieningen: lokale markten, winkels, een supermarkt, ziekenhuis, onderwijs van cr\u00e8che tot coll\u00e8ge, een conservatorium en een bibliotheek. De mobiliteit is uitstekend: een bushalte bevindt zich aan de voet van de residentie en de A8 is slechts 4,8 km verwijderd.<br \/>\nStijl, comfort en een uitzonderlijk woonklimaat<br \/>\nHet project bestaat uit drie moderne residenties met in totaal 43 hoogwaardige appartementen, zorgvuldig ontworpen om licht, ruimte en comfort te maximaliseren. De meeste woningen hebben een dubbele of zelfs driedubbele ori\u00ebntatie, wat voor overvloedig natuurlijk licht zorgt. Een zonovergoten kavel, panoramisch zeezicht, een uitnodigend zwembad en een fraai aangelegd park van 10.000 m\u00b2 maken dit residence tot een uniek en elegant geheel \u2014 perfect voor wie een verfijnde levensstijl zoekt in een beschermde omgeving.<br \/>\nWonen aan de C\u00f4te d&#8217;Azur \u2014 uw partner voor VEFA-nieuwbouw<br \/>\nWonen aan de C\u00f4te d&#8217;Azur is gespecialiseerd in VEFA-nieuwbouw (vente en l&#8217;\u00e9tat futur d&#8217;ach\u00e8vement) en begeleidt u tijdens het volledige aankoopproces. Bij aankoop profiteert u van belangrijke voordelen: een 10-jarige bouwgarantie, lagere notariskosten en de mogelijkheid om de indeling en afwerking van uw appartement nog aan te passen v\u00f3\u00f3r de start van de bouw. Zo stelt u uw woning helemaal naar wens samen.<br \/>\nEen buitenkans die u niet mag missen<br \/>\nGrijp de kans om te wonen in \u00e9\u00e9n van de meest gewilde residenties van de Collines de Rimiez, waar mediterrane charme en moderne luxe elkaar ontmoeten. Dit nieuwbouwproject belichaamt prestige en verfijning in een van Nice\u2019s mooiste buurten. Neem vandaag nog contact met ons op voor meer informatie en om de mogelijkheden te bespreken.<\/p>\n<p>&nbsp;<\/p>\n","protected":false},"excerpt":{"rendered":"<p>Ontdek de betovering van de Collines de Rimiez \u2013 een parel van Nice Gelegen op een van de prachtige heuvels van Nice, vormen de Collines de Rimiez een van de meest gewilde woonwijken van de stad. Tussen de stad en het achterland in, geniet dit gebied van rust, weidse natuur en een adembenemend uitzicht op [&hellip;]<\/p>\n","protected":false},"author":2,"featured_media":3280574,"template":"","meta":{"_acf_changed":false},"product_brand":[],"product_cat":[5678],"product_tag":[],"class_list":{"0":"post-3300435","1":"product","2":"type-product","3":"status-publish","4":"has-post-thumbnail","6":"product_cat-appartement","7":"pa_city-nice-collines","8":"pa_country-frankrijk","9":"pa_type-of-construction-nieuwbouw","11":"first","12":"instock","13":"product-type-simple"},"acf":[],"_links":{"self":[{"href":"https:\/\/www.wonenaandecotedazur.nl\/nl\/wp-json\/wp\/v2\/product\/3300435","targetHints":{"allow":["GET"]}}],"collection":[{"href":"https:\/\/www.wonenaandecotedazur.nl\/nl\/wp-json\/wp\/v2\/product"}],"about":[{"href":"https:\/\/www.wonenaandecotedazur.nl\/nl\/wp-json\/wp\/v2\/types\/product"}],"author":[{"embeddable":true,"href":"https:\/\/www.wonenaandecotedazur.nl\/nl\/wp-json\/wp\/v2\/users\/2"}],"wp:featuredmedia":[{"embeddable":true,"href":"https:\/\/www.wonenaandecotedazur.nl\/nl\/wp-json\/wp\/v2\/media\/3280574"}],"wp:attachment":[{"href":"https:\/\/www.wonenaandecotedazur.nl\/nl\/wp-json\/wp\/v2\/media?parent=3300435"}],"wp:term":[{"taxonomy":"product_brand","embeddable":true,"href":"https:\/\/www.wonenaandecotedazur.nl\/nl\/wp-json\/wp\/v2\/product_brand?post=3300435"},{"taxonomy":"product_cat","embeddable":true,"href":"https:\/\/www.wonenaandecotedazur.nl\/nl\/wp-json\/wp\/v2\/product_cat?post=3300435"},{"taxonomy":"product_tag","embeddable":true,"href":"https:\/\/www.wonenaandecotedazur.nl\/nl\/wp-json\/wp\/v2\/product_tag?post=3300435"}],"curies":[{"name":"wp","href":"https:\/\/api.w.org\/{rel}","templated":true}]}}